{"id":5169,"date":"2022-01-11T09:58:12","date_gmt":"2022-01-11T09:58:12","guid":{"rendered":"https:\/\/paresbalta.com\/inicio\/"},"modified":"2026-01-08T16:39:28","modified_gmt":"2026-01-08T15:39:28","slug":"home","status":"publish","type":"page","link":"https:\/\/paresbalta.com\/en\/","title":{"rendered":"Home"},"content":{"rendered":"\n<div class=\"wp-block-nk-awb nk-awb alignfull home-block-cover home-title has-000000-background-color has-background\"><div class=\"nk-awb-wrap\" style=\"background:#000000\" data-awb-type=\"image\" data-awb-image-background-size=\"cover\" data-awb-image-background-position=\"50% 50%\"><div class=\"nk-awb-inner\" style=\"opacity: 0.9;\"><img loading=\"lazy\" decoding=\"async\" src=\"https:\/\/paresbalta.com\/wp-content\/uploads\/2023\/01\/Foto-portada-1.png\" class=\"wp-image-27976 jarallax-img\" alt=\"Par\u00e9s Balt\u00e0 poda de respecte\" width=\"1418\" height=\"794\" srcset=\"https:\/\/paresbalta.com\/wp-content\/uploads\/2023\/01\/Foto-portada-1.png 1418w, https:\/\/paresbalta.com\/wp-content\/uploads\/2023\/01\/Foto-portada-1-300x168.png 300w, https:\/\/paresbalta.com\/wp-content\/uploads\/2023\/01\/Foto-portada-1-600x336.png 600w, https:\/\/paresbalta.com\/wp-content\/uploads\/2023\/01\/Foto-portada-1-1024x573.png 1024w, https:\/\/paresbalta.com\/wp-content\/uploads\/2023\/01\/Foto-portada-1-768x430.png 768w, https:\/\/paresbalta.com\/wp-content\/uploads\/2023\/01\/Foto-portada-1-100x56.png 100w\" sizes=\"auto, (max-width: 1418px) 100vw, 1418px\" \/><\/div><\/div><div class=\"nk-awb-wrap-content is-layout-constrained wp-block-nk-awb-is-layout-constrained\">\n<div class=\"wp-block-group title_wrapp\"><div class=\"wp-block-group__inner-container is-layout-flow wp-block-group-is-layout-flow\">\n<h2 class=\"wp-block-heading has-text-align-center has-white-color has-text-color\" style=\"font-size:2rem\">Taking care of our land since 1790<\/h2>\n\n\n\n<h1 class=\"wp-block-heading has-text-align-center has-white-color has-text-color\" style=\"font-size:1.8rem;font-style:normal;font-weight:300\">Organic wines and cavas from Penedes<\/h1>\n<\/div><\/div>\n\n\n\n<div class=\"wp-block-group alignfull home-visites col-md-7 col-lg-5\"><div class=\"wp-block-group__inner-container is-layout-flow wp-block-group-is-layout-flow\">\n<div class=\"wp-block-group grup01 has-background\" style=\"background-color:#524138\"><div class=\"wp-block-group__inner-container is-layout-flow wp-block-group-is-layout-flow\">\n<h3 class=\"wp-block-heading has-white-color has-text-color\" style=\"font-size:1.3rem\">VISITS, TASTINGS AND PAIRINGS<\/h3>\n\n\n\n<p class=\"has-white-color has-text-color\">Monday to Sunday from 9:30h to 18:30h.<\/p>\n\n\n\n<div class=\"wp-block-buttons is-horizontal is-content-justification-left is-layout-flex wp-container-core-buttons-is-layout-7e5fce0a wp-block-buttons-is-layout-flex\">\n<div class=\"wp-block-button rounded-btn transparent\"><a class=\"wp-block-button__link has-white-color has-text-color wp-element-button\" href=\"https:\/\/paresbalta.com\/en\/visits\/\" rel=\"\">Book<\/a><\/div>\n<\/div>\n<\/div><\/div>\n<\/div><\/div>\n\n\n\n<div class=\"wp-block-group down-arrow\"><div class=\"wp-block-group__inner-container is-layout-flow wp-block-group-is-layout-flow\">\n<i class=\"fa fa-chevron-down\" aria-hidden=\"true\"><\/i>\n<\/div><\/div>\n<\/div><\/div>\n\n\n\n<div class=\"wp-block-columns alignfull block-cols is-layout-flex wp-container-core-columns-is-layout-9d6595d7 wp-block-columns-is-layout-flex\">\n<div class=\"wp-block-column image-column col-md-6 col-lg-8 is-layout-flow wp-block-column-is-layout-flow\">\n<figure class=\"wp-block-image size-full\"><img loading=\"lazy\" decoding=\"async\" width=\"1772\" height=\"1181\" src=\"https:\/\/paresbalta.com\/wp-content\/uploads\/2022\/04\/pares-balta2019-jordi-elias-6-ok.jpg\" alt=\"\" class=\"wp-image-385\" srcset=\"https:\/\/paresbalta.com\/wp-content\/uploads\/2022\/04\/pares-balta2019-jordi-elias-6-ok.jpg 1772w, https:\/\/paresbalta.com\/wp-content\/uploads\/2022\/04\/pares-balta2019-jordi-elias-6-ok-300x200.jpg 300w, https:\/\/paresbalta.com\/wp-content\/uploads\/2022\/04\/pares-balta2019-jordi-elias-6-ok-600x400.jpg 600w, https:\/\/paresbalta.com\/wp-content\/uploads\/2022\/04\/pares-balta2019-jordi-elias-6-ok-1024x682.jpg 1024w, https:\/\/paresbalta.com\/wp-content\/uploads\/2022\/04\/pares-balta2019-jordi-elias-6-ok-768x512.jpg 768w, https:\/\/paresbalta.com\/wp-content\/uploads\/2022\/04\/pares-balta2019-jordi-elias-6-ok-1536x1024.jpg 1536w, https:\/\/paresbalta.com\/wp-content\/uploads\/2022\/04\/pares-balta2019-jordi-elias-6-ok-100x67.jpg 100w\" sizes=\"auto, (max-width: 1772px) 100vw, 1772px\" \/><\/figure>\n<\/div>\n\n\n\n<div class=\"wp-block-column text-column col-md-6 col-lg-4 is-layout-flow wp-block-column-is-layout-flow\">\n<div class=\"wp-block-group align-middle-items\"><div class=\"wp-block-group__inner-container is-layout-flow wp-block-group-is-layout-flow\">\n<h2 class=\"wp-block-heading\">Family Winery<\/h2>\n\n\n\n<p>We are a family winery with a&nbsp;<strong>long tradition<\/strong>&nbsp;of winemaking with origins stretching back to 1790, when the first vineyards were established on our estates in the&nbsp;<strong>Pened\u00e8s<\/strong>, situated a short journey of just 30 km from the Mediterranean coast and&nbsp;<strong>Barcelona<\/strong>.<\/p>\n\n\n\n<p>Our aim is to care for our vineyards in the best way we know to create&nbsp;<strong>organic wines and cava<\/strong>&nbsp;(Spanish sparkling wines) full of expression and the essence of our land. Land that for centuries has been dedicated to the cultivation of the vines.<\/p>\n\n\n\n<div class=\"wp-block-buttons is-layout-flex wp-block-buttons-is-layout-flex\">\n<div class=\"wp-block-button rounded-btn\"><a class=\"wp-block-button__link has-white-color has-text-color has-background wp-element-button\" href=\"https:\/\/paresbalta.com\/en\/family-winery-1790\/\" style=\"background-color:#524138\">Since 1790<\/a><\/div>\n<\/div>\n<\/div><\/div>\n<\/div>\n<\/div>\n\n\n\n<div class=\"wp-block-columns alignfull block-cols movile-reverse is-layout-flex wp-container-core-columns-is-layout-9d6595d7 wp-block-columns-is-layout-flex\">\n<div class=\"wp-block-column text-column col-md-6 col-lg-4 has-background is-layout-flow wp-block-column-is-layout-flow\" style=\"background-color:#cfccc7\">\n<div class=\"wp-block-group align-middle-items\"><div class=\"wp-block-group__inner-container is-layout-flow wp-block-group-is-layout-flow\">\n<h2 class=\"wp-block-heading\">Organic and Biodynamic farming<\/h2>\n\n\n\n<p>Our passion for&nbsp;<strong>nature<\/strong>&nbsp;has always been the primary driving force to grow our vines organically, certified since 2002, and biodynamic since 2012.<\/p>\n\n\n\n<p>Our estates benefit from a rich&nbsp;<strong>biodiversity<\/strong>&nbsp;thanks to the different cultivation and fertilization methods that we practice. We have our own&nbsp;<strong>flock of sheep<\/strong>&nbsp;to fertilize the soil and feed the land. We carefully tend to and employ our own&nbsp;<strong>bee<\/strong>&nbsp;<strong>hives<\/strong>&nbsp;to take care of the pollination process and help us to reinforce the Mediterranean<\/p>\n\n\n\n<div class=\"wp-block-buttons is-layout-flex wp-block-buttons-is-layout-flex\">\n<div class=\"wp-block-button rounded-btn\"><a class=\"wp-block-button__link has-text-color has-background wp-element-button\" href=\"https:\/\/paresbalta.com\/en\/biodynamic-farming\/\" style=\"color:#cfccc7;background-color:#524138\">Biodynamic values<\/a><\/div>\n<\/div>\n<\/div><\/div>\n<\/div>\n\n\n\n<div class=\"wp-block-column image-column col-md-6 col-lg-8 is-layout-flow wp-block-column-is-layout-flow\">\n<figure class=\"wp-block-image size-full\"><img loading=\"lazy\" decoding=\"async\" width=\"2500\" height=\"1660\" src=\"https:\/\/paresbalta.com\/wp-content\/uploads\/2022\/05\/Foto-biodinamica-Home.jpg\" alt=\"\" class=\"wp-image-2342\" srcset=\"https:\/\/paresbalta.com\/wp-content\/uploads\/2022\/05\/Foto-biodinamica-Home.jpg 2500w, https:\/\/paresbalta.com\/wp-content\/uploads\/2022\/05\/Foto-biodinamica-Home-300x199.jpg 300w, https:\/\/paresbalta.com\/wp-content\/uploads\/2022\/05\/Foto-biodinamica-Home-600x398.jpg 600w, https:\/\/paresbalta.com\/wp-content\/uploads\/2022\/05\/Foto-biodinamica-Home-1024x680.jpg 1024w, https:\/\/paresbalta.com\/wp-content\/uploads\/2022\/05\/Foto-biodinamica-Home-768x510.jpg 768w, https:\/\/paresbalta.com\/wp-content\/uploads\/2022\/05\/Foto-biodinamica-Home-1536x1020.jpg 1536w, https:\/\/paresbalta.com\/wp-content\/uploads\/2022\/05\/Foto-biodinamica-Home-2048x1360.jpg 2048w, https:\/\/paresbalta.com\/wp-content\/uploads\/2022\/05\/Foto-biodinamica-Home-100x66.jpg 100w\" sizes=\"auto, (max-width: 2500px) 100vw, 2500px\" \/><\/figure>\n<\/div>\n<\/div>\n\n\n\n<div class=\"wp-block-columns alignfull block-cols is-layout-flex wp-container-core-columns-is-layout-9d6595d7 wp-block-columns-is-layout-flex\">\n<div class=\"wp-block-column image-column col-md-6 col-lg-8 is-layout-flow wp-block-column-is-layout-flow\">\n<figure class=\"wp-block-image size-full\"><img loading=\"lazy\" decoding=\"async\" width=\"1024\" height=\"732\" src=\"https:\/\/paresbalta.com\/wp-content\/uploads\/2024\/08\/Marta-1024x732-v2.jpg\" alt=\"\" class=\"wp-image-274349\" srcset=\"https:\/\/paresbalta.com\/wp-content\/uploads\/2024\/08\/Marta-1024x732-v2.jpg 1024w, https:\/\/paresbalta.com\/wp-content\/uploads\/2024\/08\/Marta-1024x732-v2-300x214.jpg 300w, https:\/\/paresbalta.com\/wp-content\/uploads\/2024\/08\/Marta-1024x732-v2-768x549.jpg 768w, https:\/\/paresbalta.com\/wp-content\/uploads\/2024\/08\/Marta-1024x732-v2-500x357.jpg 500w, https:\/\/paresbalta.com\/wp-content\/uploads\/2024\/08\/Marta-1024x732-v2-800x572.jpg 800w, https:\/\/paresbalta.com\/wp-content\/uploads\/2024\/08\/Marta-1024x732-v2-600x429.jpg 600w, https:\/\/paresbalta.com\/wp-content\/uploads\/2024\/08\/Marta-1024x732-v2-100x71.jpg 100w\" sizes=\"auto, (max-width: 1024px) 100vw, 1024px\" \/><\/figure>\n<\/div>\n\n\n\n<div class=\"wp-block-column text-column col-md-6 col-lg-4 has-white-color has-text-color has-background is-layout-flow wp-block-column-is-layout-flow\" style=\"background-color:#524138\">\n<div class=\"wp-block-group align-middle-items\"><div class=\"wp-block-group__inner-container is-layout-flow wp-block-group-is-layout-flow\">\n<h2 class=\"wp-block-heading\">Women winemakers<\/h2>\n\n\n\n<p>The wives of Joan and Josep Cusin\u00e9, third generation of the family, were the winemakers of the family winery for more than 20 years.<br><strong>Mar\u00eda Elena<\/strong> and <strong>Marta<\/strong> arrived at the family winery around the year 2000 after studying <strong>oenology<\/strong> at the University of Tarragona. Their arrival brought about a change in ideas and caused a revolution<strong> <\/strong>in the winery by innovating and experimenting with different varieties and winemaking methods. By combining <strong>innovation <\/strong>with <strong>tradition<\/strong>, they managed to make organic and biodynamic wines and sparkling wines full of character and expressiveness, capable of generating emotions.<\/p>\n\n\n\n<p>Marta Casas, elected <strong><a href=\"https:\/\/paresbalta.com\/en\/marta-casas-from-pares-balta-recognized-as-winemaker-of-the-year-by-tim-atkin-mw\/\">Best Winemaker of the Year 2024<\/a><\/strong> by Master of Wine Tim Atkin, currently heads the winemaking department along with her husband Josep and brother-in-law Joan.<\/p>\n\n\n\n<div class=\"wp-block-buttons is-layout-flex wp-block-buttons-is-layout-flex\">\n<div class=\"wp-block-button rounded-btn\"><a class=\"wp-block-button__link has-white-background-color has-text-color has-background wp-element-button\" href=\"https:\/\/paresbalta.com\/en\/winemaking-minimum-intervention\/\" style=\"color:#524138\">Meet the winemakers<\/a><\/div>\n<\/div>\n<\/div><\/div>\n<\/div>\n<\/div>\n\n\n\n<div class=\"wp-block-columns alignfull block-cols movile-reverse is-layout-flex wp-container-core-columns-is-layout-9d6595d7 wp-block-columns-is-layout-flex\">\n<div class=\"wp-block-column text-column col-md-6 col-lg-4 has-white-background-color has-background is-layout-flow wp-block-column-is-layout-flow\">\n<div class=\"wp-block-group align-middle-items\"><div class=\"wp-block-group__inner-container is-layout-flow wp-block-group-is-layout-flow\">\n<h2 class=\"wp-block-heading\">Elaborador integral<\/h2>\n\n\n\n<p>In 2022 Par\u00e9s Balt\u00e0 obtained the seal of \u201cElaborador Integral\u201d, along with 13 other wineries of the DO Cava (Cava Appellation)<\/p>\n\n\n\n<p>The <a href=\"https:\/\/paresbalta.com\/en\/what-does-elaborador-integral-mean\/\">\u201cElaborador Integral\u201d<\/a> is a winery that controls the entire production process of its cava, from harvesting to bottling, and does so within its own facilities and vineyards. This process allows us greater control over the quality of the final product and greater traceability throughout the process, which translates into a sparkling wine of high quality and exclusivity.&nbsp;&nbsp;&nbsp;&nbsp;&nbsp;&nbsp;&nbsp;&nbsp;&nbsp;&nbsp;<\/p>\n\n\n\n<div class=\"wp-block-buttons is-layout-flex wp-block-buttons-is-layout-flex\">\n<div class=\"wp-block-button rounded-btn\"><a class=\"wp-block-button__link has-text-color has-background wp-element-button\" href=\"https:\/\/paresbalta.com\/en\/what-does-elaborador-integral-mean\/\" style=\"color:#cfccc7;background-color:#524138\">Elaborador integral<\/a><\/div>\n<\/div>\n<\/div><\/div>\n<\/div>\n\n\n\n<div class=\"wp-block-column image-column col-md-6 col-lg-8 is-layout-flow wp-block-column-is-layout-flow\">\n<figure class=\"wp-block-image size-full\"><img loading=\"lazy\" decoding=\"async\" width=\"2500\" height=\"1667\" src=\"https:\/\/paresbalta.com\/wp-content\/uploads\/2024\/04\/Pares-Balta-Elaborador-Integral-logo-white-2.jpg\" alt=\"\" class=\"wp-image-217087\" srcset=\"https:\/\/paresbalta.com\/wp-content\/uploads\/2024\/04\/Pares-Balta-Elaborador-Integral-logo-white-2.jpg 2500w, https:\/\/paresbalta.com\/wp-content\/uploads\/2024\/04\/Pares-Balta-Elaborador-Integral-logo-white-2-300x200.jpg 300w, https:\/\/paresbalta.com\/wp-content\/uploads\/2024\/04\/Pares-Balta-Elaborador-Integral-logo-white-2-600x400.jpg 600w, https:\/\/paresbalta.com\/wp-content\/uploads\/2024\/04\/Pares-Balta-Elaborador-Integral-logo-white-2-1024x683.jpg 1024w, https:\/\/paresbalta.com\/wp-content\/uploads\/2024\/04\/Pares-Balta-Elaborador-Integral-logo-white-2-768x512.jpg 768w, https:\/\/paresbalta.com\/wp-content\/uploads\/2024\/04\/Pares-Balta-Elaborador-Integral-logo-white-2-1536x1024.jpg 1536w, https:\/\/paresbalta.com\/wp-content\/uploads\/2024\/04\/Pares-Balta-Elaborador-Integral-logo-white-2-2048x1366.jpg 2048w, https:\/\/paresbalta.com\/wp-content\/uploads\/2024\/04\/Pares-Balta-Elaborador-Integral-logo-white-2-500x333.jpg 500w, https:\/\/paresbalta.com\/wp-content\/uploads\/2024\/04\/Pares-Balta-Elaborador-Integral-logo-white-2-800x533.jpg 800w, https:\/\/paresbalta.com\/wp-content\/uploads\/2024\/04\/Pares-Balta-Elaborador-Integral-logo-white-2-1280x854.jpg 1280w, https:\/\/paresbalta.com\/wp-content\/uploads\/2024\/04\/Pares-Balta-Elaborador-Integral-logo-white-2-1920x1280.jpg 1920w, https:\/\/paresbalta.com\/wp-content\/uploads\/2024\/04\/Pares-Balta-Elaborador-Integral-logo-white-2-100x67.jpg 100w\" sizes=\"auto, (max-width: 2500px) 100vw, 2500px\" \/><\/figure>\n<\/div>\n<\/div>\n\n\n\n<div class=\"wp-block-columns alignfull block-cols is-layout-flex wp-container-core-columns-is-layout-9d6595d7 wp-block-columns-is-layout-flex\">\n<div class=\"wp-block-column image-column col-md-6 col-lg-8 is-layout-flow wp-block-column-is-layout-flow\">\n<figure class=\"wp-block-image size-full\"><img loading=\"lazy\" decoding=\"async\" width=\"2134\" height=\"1525\" src=\"https:\/\/paresbalta.com\/wp-content\/uploads\/2024\/12\/Visites-PARES-BALTA.jpg\" alt=\"\" class=\"wp-image-277679\" srcset=\"https:\/\/paresbalta.com\/wp-content\/uploads\/2024\/12\/Visites-PARES-BALTA.jpg 2134w, https:\/\/paresbalta.com\/wp-content\/uploads\/2024\/12\/Visites-PARES-BALTA-300x214.jpg 300w, https:\/\/paresbalta.com\/wp-content\/uploads\/2024\/12\/Visites-PARES-BALTA-1024x732.jpg 1024w, https:\/\/paresbalta.com\/wp-content\/uploads\/2024\/12\/Visites-PARES-BALTA-768x549.jpg 768w, https:\/\/paresbalta.com\/wp-content\/uploads\/2024\/12\/Visites-PARES-BALTA-1536x1098.jpg 1536w, https:\/\/paresbalta.com\/wp-content\/uploads\/2024\/12\/Visites-PARES-BALTA-2048x1464.jpg 2048w, https:\/\/paresbalta.com\/wp-content\/uploads\/2024\/12\/Visites-PARES-BALTA-500x357.jpg 500w, https:\/\/paresbalta.com\/wp-content\/uploads\/2024\/12\/Visites-PARES-BALTA-800x572.jpg 800w, https:\/\/paresbalta.com\/wp-content\/uploads\/2024\/12\/Visites-PARES-BALTA-1280x915.jpg 1280w, https:\/\/paresbalta.com\/wp-content\/uploads\/2024\/12\/Visites-PARES-BALTA-1920x1372.jpg 1920w, https:\/\/paresbalta.com\/wp-content\/uploads\/2024\/12\/Visites-PARES-BALTA-600x429.jpg 600w, https:\/\/paresbalta.com\/wp-content\/uploads\/2024\/12\/Visites-PARES-BALTA-100x71.jpg 100w\" sizes=\"auto, (max-width: 2134px) 100vw, 2134px\" \/><\/figure>\n<\/div>\n\n\n\n<div class=\"wp-block-column text-column col-md-6 col-lg-4 has-background is-layout-flow wp-block-column-is-layout-flow\" style=\"background-color:#cfccc7\">\n<div class=\"wp-block-group align-middle-items\"><div class=\"wp-block-group__inner-container is-layout-flow wp-block-group-is-layout-flow\">\n<h2 class=\"wp-block-heading\">Authentic experiences<\/h2>\n\n\n\n<p>A <a href=\"https:\/\/paresbalta.com\/en\/visits\/\" data-type=\"page\" data-id=\"5165\">visit<\/a> to Par\u00e9s Balt\u00e0 is a journey to one of the most beautiful corners of the Pened\u00e8s.<\/p>\n\n\n\n<p>In 2024, our winery has been chosen among the <strong><a href=\"https:\/\/paresbalta.com\/en\/pares-balta-among-the-100-best-wineries-in-the-world\/\">100 Best Vineyards in the World<\/a><\/strong>, a recognition awarded by World&#8217;s Best Vineyards, which rewards the wineries that offer the most complete, exceptional and recommendable wine tourism experiences worldwide.<\/p>\n\n\n\n<p>At Par\u00e9s Balt\u00e0 we are committed to providing unforgettable experiences, through a deep connection with the terroir and tradition. We offer commented <strong>tastings<\/strong>, <strong>pairings<\/strong> with chocolates or cheeses, <strong>4\u00d74 tours<\/strong> of the Pened\u00e8s, <strong>walks<\/strong> through the vineyards and tastings by the glass in the family courtyard.<\/p>\n\n\n\n<div class=\"wp-block-buttons is-layout-flex wp-block-buttons-is-layout-flex\">\n<div class=\"wp-block-button rounded-btn\"><a class=\"wp-block-button__link has-text-color has-background wp-element-button\" href=\"https:\/\/paresbalta.com\/en\/visits\/\" style=\"color:#cfccc7;background-color:#524138\">Book your visit<\/a><\/div>\n<\/div>\n<\/div><\/div>\n<\/div>\n<\/div>\n\n\n\n<div class=\"wp-block-columns alignfull block-cols movile-reverse is-layout-flex wp-container-core-columns-is-layout-9d6595d7 wp-block-columns-is-layout-flex\">\n<div class=\"wp-block-column text-column col-md-6 col-lg-4 has-background is-layout-flow wp-block-column-is-layout-flow\" style=\"background-color:#524138\">\n<div class=\"wp-block-group align-middle-items\"><div class=\"wp-block-group__inner-container is-layout-flow wp-block-group-is-layout-flow\">\n<h2 class=\"wp-block-heading has-white-color has-text-color has-link-color wp-elements-5c761488844b07fe849e0c214076fdd0\">Wine and Sparkling wine shop<\/h2>\n\n\n\n<p class=\"has-white-color has-text-color has-link-color wp-elements-72f75100e5be6bd1cef5c511492505b2\">From our online store you can buy all the wines and cavas from the winery. As well as the wines of the family wineries we have in Priorat, Gratavinum, and Ribera del Duero, Dominio Romano.<\/p>\n\n\n\n<p class=\"has-white-color has-text-color has-link-color wp-elements-3fdd00a1185c2095b50256ca36dee0e5\">All our wines and cavas are organic, biodynamic and vegan. They are made from the grapes from our estates which we harvest by hand to obtain their highest quality. We grow our vineyards with biodynamic viticulture, the most respectful of agriculture.<\/p>\n\n\n\n<p class=\"has-white-color has-text-color has-link-color wp-elements-e62f8475bc09377e11c8371a9ce57c57\"><strong>Enjoy the taste of nature at home.<\/strong><\/p>\n\n\n\n<div class=\"wp-block-buttons is-layout-flex wp-block-buttons-is-layout-flex\">\n<div class=\"wp-block-button rounded-btn\"><a class=\"wp-block-button__link has-white-background-color has-text-color has-background wp-element-button\" href=\"https:\/\/paresbalta.com\/en\/buy-cava-wine-online\/\" style=\"color:#524138\">Shop<\/a><\/div>\n<\/div>\n<\/div><\/div>\n<\/div>\n\n\n\n<div class=\"wp-block-column image-column col-md-6 col-lg-8 is-layout-flow wp-block-column-is-layout-flow\">\n<figure class=\"wp-block-image size-full\"><img loading=\"lazy\" decoding=\"async\" width=\"2560\" height=\"1707\" src=\"https:\/\/paresbalta.com\/wp-content\/uploads\/2022\/03\/vi-i-cava-de-pares-balta-scaled-1.jpg\" alt=\"\" class=\"wp-image-233\" srcset=\"https:\/\/paresbalta.com\/wp-content\/uploads\/2022\/03\/vi-i-cava-de-pares-balta-scaled-1.jpg 2560w, https:\/\/paresbalta.com\/wp-content\/uploads\/2022\/03\/vi-i-cava-de-pares-balta-scaled-1-300x200.jpg 300w, https:\/\/paresbalta.com\/wp-content\/uploads\/2022\/03\/vi-i-cava-de-pares-balta-scaled-1-600x400.jpg 600w, https:\/\/paresbalta.com\/wp-content\/uploads\/2022\/03\/vi-i-cava-de-pares-balta-scaled-1-1024x683.jpg 1024w, https:\/\/paresbalta.com\/wp-content\/uploads\/2022\/03\/vi-i-cava-de-pares-balta-scaled-1-768x512.jpg 768w, https:\/\/paresbalta.com\/wp-content\/uploads\/2022\/03\/vi-i-cava-de-pares-balta-scaled-1-1536x1024.jpg 1536w, https:\/\/paresbalta.com\/wp-content\/uploads\/2022\/03\/vi-i-cava-de-pares-balta-scaled-1-2048x1366.jpg 2048w\" sizes=\"auto, (max-width: 2560px) 100vw, 2560px\" \/><\/figure>\n<\/div>\n<\/div>\n","protected":false},"excerpt":{"rendered":"<p>Family Winery We are a family winery with a&nbsp;long tradition&nbsp;of winemaking with origins stretching back to 1790, when the first vineyards were established on our estates in the&nbsp;Pened\u00e8s, situated a short journey of just 30 km from the Mediterranean coast and&nbsp;Barcelona. Our aim is to care for our vineyards in the best way we know&#8230;<\/p>\n<p><a class=\"btn btn-secondary understrap-read-more-link\" href=\"https:\/\/paresbalta.com\/en\/\">Read More&#8230;<span class=\"screen-reader-text\"> from Home<\/span><\/a><\/p>\n","protected":false},"author":1,"featured_media":0,"parent":0,"menu_order":0,"comment_status":"closed","ping_status":"closed","template":"page-templates\/fullwidthpage.php","meta":{"_acf_changed":false,"footnotes":""},"class_list":["post-5169","page","type-page","status-publish","hentry"],"acf":[],"_links":{"self":[{"href":"https:\/\/paresbalta.com\/en\/wp-json\/wp\/v2\/pages\/5169","targetHints":{"allow":["GET"]}}],"collection":[{"href":"https:\/\/paresbalta.com\/en\/wp-json\/wp\/v2\/pages"}],"about":[{"href":"https:\/\/paresbalta.com\/en\/wp-json\/wp\/v2\/types\/page"}],"author":[{"embeddable":true,"href":"https:\/\/paresbalta.com\/en\/wp-json\/wp\/v2\/users\/1"}],"replies":[{"embeddable":true,"href":"https:\/\/paresbalta.com\/en\/wp-json\/wp\/v2\/comments?post=5169"}],"version-history":[{"count":44,"href":"https:\/\/paresbalta.com\/en\/wp-json\/wp\/v2\/pages\/5169\/revisions"}],"predecessor-version":[{"id":290745,"href":"https:\/\/paresbalta.com\/en\/wp-json\/wp\/v2\/pages\/5169\/revisions\/290745"}],"wp:attachment":[{"href":"https:\/\/paresbalta.com\/en\/wp-json\/wp\/v2\/media?parent=5169"}],"curies":[{"name":"wp","href":"https:\/\/api.w.org\/{rel}","templated":true}]}}