{"id":5138,"date":"2022-05-02T16:53:49","date_gmt":"2022-05-02T16:53:49","guid":{"rendered":"https:\/\/paresbalta.com\/microcuvee-vino-finca\/"},"modified":"2024-07-23T14:19:23","modified_gmt":"2024-07-23T12:19:23","slug":"microcuvee-single-estate-wine","status":"publish","type":"page","link":"https:\/\/paresbalta.com\/en\/organic-biodynamic-wine\/microcuvee-single-estate-wine\/","title":{"rendered":"Microcuv\u00e9e"},"content":{"rendered":"\n<div class=\"wp-block-cover alignfull home-block-cover\"><span aria-hidden=\"true\" class=\"wp-block-cover__background has-background-dim-30 has-background-dim\" style=\"background-color:#261e1d\"><\/span><img loading=\"lazy\" decoding=\"async\" width=\"2560\" height=\"1706\" class=\"wp-block-cover__image-background wp-image-272308\" alt=\"\" src=\"https:\/\/paresbalta.com\/wp-content\/uploads\/2024\/06\/IMG_1696-2-5-scaled.jpg\" style=\"object-position:51% 57%\" data-object-fit=\"cover\" data-object-position=\"51% 57%\" srcset=\"https:\/\/paresbalta.com\/wp-content\/uploads\/2024\/06\/IMG_1696-2-5-scaled.jpg 2560w, https:\/\/paresbalta.com\/wp-content\/uploads\/2024\/06\/IMG_1696-2-5-300x200.jpg 300w, https:\/\/paresbalta.com\/wp-content\/uploads\/2024\/06\/IMG_1696-2-5-scaled-600x400.jpg 600w, https:\/\/paresbalta.com\/wp-content\/uploads\/2024\/06\/IMG_1696-2-5-1024x683.jpg 1024w, https:\/\/paresbalta.com\/wp-content\/uploads\/2024\/06\/IMG_1696-2-5-768x512.jpg 768w, https:\/\/paresbalta.com\/wp-content\/uploads\/2024\/06\/IMG_1696-2-5-1536x1024.jpg 1536w, https:\/\/paresbalta.com\/wp-content\/uploads\/2024\/06\/IMG_1696-2-5-2048x1365.jpg 2048w, https:\/\/paresbalta.com\/wp-content\/uploads\/2024\/06\/IMG_1696-2-5-500x333.jpg 500w, https:\/\/paresbalta.com\/wp-content\/uploads\/2024\/06\/IMG_1696-2-5-800x533.jpg 800w, https:\/\/paresbalta.com\/wp-content\/uploads\/2024\/06\/IMG_1696-2-5-1280x853.jpg 1280w, https:\/\/paresbalta.com\/wp-content\/uploads\/2024\/06\/IMG_1696-2-5-1920x1280.jpg 1920w, https:\/\/paresbalta.com\/wp-content\/uploads\/2024\/06\/IMG_1696-2-5-100x67.jpg 100w\" sizes=\"auto, (max-width: 2560px) 100vw, 2560px\" \/><div class=\"wp-block-cover__inner-container is-layout-flow wp-block-cover-is-layout-flow\">\n<h1 class=\"wp-block-heading has-text-align-center\" style=\"font-size:2.5rem\">Microcuv\u00e9e, single vineyard wines of Par\u00e9s Balt\u00e0<\/h1>\n\n\n\n<p class=\"has-text-align-center\" style=\"font-size:1.5rem\">Unique wines from organic and biodynamic agriculture<\/p>\n\n\n\n<div class=\"wp-block-group down-arrow\"><div class=\"wp-block-group__inner-container is-layout-flow wp-block-group-is-layout-flow\">\n<i class=\"fa fa-chevron-down\" aria-hidden=\"true\"><\/i>\n<\/div><\/div>\n<\/div><\/div>\n\n\n\n<div class=\"wp-block-group alignfull has-background\" style=\"background-color:#524138\"><div class=\"wp-block-group__inner-container is-layout-flow wp-block-group-is-layout-flow\">\n<div style=\"height:80px\" aria-hidden=\"true\" class=\"wp-block-spacer\"><\/div>\n\n\n\n<h4 class=\"wp-block-heading has-text-align-center max-width-header has-white-color has-text-color\" style=\"font-size:1.2rem;font-style:normal;font-weight:400\">We are passionate winemakers, our creativity never rests, so harvest after harvest we seek opportunities for new and exciting wines yet to be crafted.<\/h4>\n\n\n\n<div style=\"height:80px\" aria-hidden=\"true\" class=\"wp-block-spacer\"><\/div>\n<\/div><\/div>\n\n\n\n<div class=\"wp-block-columns alignfull block-cols is-layout-flex wp-container-core-columns-is-layout-9d6595d7 wp-block-columns-is-layout-flex\">\n<div class=\"wp-block-column image-column col-md-6 col-lg-8 is-layout-flow wp-block-column-is-layout-flow\">\n<figure class=\"wp-block-image size-full\"><img loading=\"lazy\" decoding=\"async\" width=\"2500\" height=\"1667\" src=\"https:\/\/paresbalta.com\/wp-content\/uploads\/2022\/05\/Foto-Microcuvee-1r-requadre-on-ara-hi-ha-Amphora-Roja.jpg\" alt=\"\" class=\"wp-image-4948\" srcset=\"https:\/\/paresbalta.com\/wp-content\/uploads\/2022\/05\/Foto-Microcuvee-1r-requadre-on-ara-hi-ha-Amphora-Roja.jpg 2500w, https:\/\/paresbalta.com\/wp-content\/uploads\/2022\/05\/Foto-Microcuvee-1r-requadre-on-ara-hi-ha-Amphora-Roja-300x200.jpg 300w, https:\/\/paresbalta.com\/wp-content\/uploads\/2022\/05\/Foto-Microcuvee-1r-requadre-on-ara-hi-ha-Amphora-Roja-600x400.jpg 600w, https:\/\/paresbalta.com\/wp-content\/uploads\/2022\/05\/Foto-Microcuvee-1r-requadre-on-ara-hi-ha-Amphora-Roja-1024x683.jpg 1024w, https:\/\/paresbalta.com\/wp-content\/uploads\/2022\/05\/Foto-Microcuvee-1r-requadre-on-ara-hi-ha-Amphora-Roja-768x512.jpg 768w, https:\/\/paresbalta.com\/wp-content\/uploads\/2022\/05\/Foto-Microcuvee-1r-requadre-on-ara-hi-ha-Amphora-Roja-1536x1024.jpg 1536w, https:\/\/paresbalta.com\/wp-content\/uploads\/2022\/05\/Foto-Microcuvee-1r-requadre-on-ara-hi-ha-Amphora-Roja-2048x1366.jpg 2048w, https:\/\/paresbalta.com\/wp-content\/uploads\/2022\/05\/Foto-Microcuvee-1r-requadre-on-ara-hi-ha-Amphora-Roja-100x67.jpg 100w\" sizes=\"auto, (max-width: 2500px) 100vw, 2500px\" \/><\/figure>\n<\/div>\n\n\n\n<div class=\"wp-block-column text-column col-md-6 col-lg-4 is-layout-flow wp-block-column-is-layout-flow\">\n<div class=\"wp-block-group align-middle-items\"><div class=\"wp-block-group__inner-container is-layout-flow wp-block-group-is-layout-flow\">\n<h2 class=\"wp-block-heading\">The microvinifications of Par\u00e9s Balt\u00e0<\/h2>\n\n\n\n<p>Our goal with the Microcuv\u00e9e wine range is to promote the unique qualities of our estates located in the heart of the&nbsp;<strong>Penedes<\/strong>&nbsp;wine region. These are divided into plots, each with&nbsp;<a href=\"https:\/\/paresbalta.com\/en\/expresion-terruno\/\">very special soils and microclimates<\/a>, which allow the grapes to grow with a unique character, able to express the qualities of the vineyard in which they have been grown.<\/p>\n<\/div><\/div>\n<\/div>\n<\/div>\n\n\n\n<div class=\"wp-block-columns alignfull block-cols is-layout-flex wp-container-core-columns-is-layout-9d6595d7 wp-block-columns-is-layout-flex\">\n<div class=\"wp-block-column text-column col-md-6 col-lg-4 has-background is-layout-flow wp-block-column-is-layout-flow\" style=\"background-color:#cfccc7\">\n<div class=\"wp-block-group align-middle-items\"><div class=\"wp-block-group__inner-container is-layout-flow wp-block-group-is-layout-flow\">\n<h2 class=\"wp-block-heading has-text-align-left\">Vineyards with a unique character<\/h2>\n\n\n\n<p>From the plots located in Finca La Torreta, just 15 km from the Mediterranean, a few meters from sea level and with soils full of&nbsp;<strong>marine fossils<\/strong>&nbsp;from when it occupied the Pened\u00e9s, we obtain wines with a very peculiar saline character and with a great aging capacity. For example,&nbsp;<a href=\"https:\/\/paresbalta.com\/en\/tienda-online-vino-y-cava\/vino-ecologico-biodinamico\/microcuvee-vino-finca\/dominio-cusine-vino-guarda\/\" data-type=\"product\" data-id=\"5225\">Dominio Cusin\u00e9<\/a>, which after more than 20 years in bottle, is still able to express emotions.<\/p>\n\n\n\n<p>In the plots located in Finca Les Valls, within the Natural Park of Foix at almost 700 m altitude,<strong>&nbsp;the highest area of vineyards of Pened\u00e9s<\/strong>, we find vineyards that grow on clay soils and from which we obtain fresh wines, with a great acidity-sugar balance.<\/p>\n<\/div><\/div>\n<\/div>\n\n\n\n<div class=\"wp-block-column image-column col-md-6 col-lg-8 is-layout-flow wp-block-column-is-layout-flow\">\n<figure class=\"wp-block-image size-full\"><img loading=\"lazy\" decoding=\"async\" width=\"1500\" height=\"1072\" src=\"https:\/\/paresbalta.com\/wp-content\/uploads\/2022\/04\/suelo-la-torreta-1.jpg\" alt=\"\" class=\"wp-image-1574\" srcset=\"https:\/\/paresbalta.com\/wp-content\/uploads\/2022\/04\/suelo-la-torreta-1.jpg 1500w, https:\/\/paresbalta.com\/wp-content\/uploads\/2022\/04\/suelo-la-torreta-1-300x214.jpg 300w, https:\/\/paresbalta.com\/wp-content\/uploads\/2022\/04\/suelo-la-torreta-1-600x429.jpg 600w, https:\/\/paresbalta.com\/wp-content\/uploads\/2022\/04\/suelo-la-torreta-1-1024x732.jpg 1024w, https:\/\/paresbalta.com\/wp-content\/uploads\/2022\/04\/suelo-la-torreta-1-768x549.jpg 768w, https:\/\/paresbalta.com\/wp-content\/uploads\/2022\/04\/suelo-la-torreta-1-100x71.jpg 100w\" sizes=\"auto, (max-width: 1500px) 100vw, 1500px\" \/><\/figure>\n<\/div>\n<\/div>\n\n\n\n<div class=\"wp-block-columns alignfull block-cols is-layout-flex wp-container-core-columns-is-layout-9d6595d7 wp-block-columns-is-layout-flex\">\n<div class=\"wp-block-column image-column col-md-6 col-lg-8 is-layout-flow wp-block-column-is-layout-flow\">\n<figure class=\"wp-block-image size-large\"><img loading=\"lazy\" decoding=\"async\" width=\"1024\" height=\"732\" src=\"https:\/\/paresbalta.com\/wp-content\/uploads\/2022\/04\/la-torreta-1024x732.jpg\" alt=\"\" class=\"wp-image-1554\" srcset=\"https:\/\/paresbalta.com\/wp-content\/uploads\/2022\/04\/la-torreta-1024x732.jpg 1024w, https:\/\/paresbalta.com\/wp-content\/uploads\/2022\/04\/la-torreta-300x214.jpg 300w, https:\/\/paresbalta.com\/wp-content\/uploads\/2022\/04\/la-torreta-600x429.jpg 600w, https:\/\/paresbalta.com\/wp-content\/uploads\/2022\/04\/la-torreta-768x549.jpg 768w, https:\/\/paresbalta.com\/wp-content\/uploads\/2022\/04\/la-torreta-100x71.jpg 100w, https:\/\/paresbalta.com\/wp-content\/uploads\/2022\/04\/la-torreta.jpg 1500w\" sizes=\"auto, (max-width: 1024px) 100vw, 1024px\" \/><\/figure>\n<\/div>\n\n\n\n<div class=\"wp-block-column text-column col-md-6 col-lg-4 has-white-color has-text-color has-background is-layout-flow wp-block-column-is-layout-flow\" style=\"background-color:#524138\">\n<div class=\"wp-block-group align-middle-items\"><div class=\"wp-block-group__inner-container is-layout-flow wp-block-group-is-layout-flow\">\n<h2 class=\"wp-block-heading\">Great wine is made in the vineyard<\/h2>\n\n\n\n<p>In Par\u00e9s Balta, we seek to make the perfect wine, and although we know that it does not exist, the pursuit of perfection is intrinsic to our way of thinking and working. That\u2019s why, year after year we produce special editions of unique wines. They are the MicroCuv\u00e9e, which, as the name suggests, are very limited productions (Micro) and whose production is very special (Cuv\u00e9e), either because they are wines of a single plot (<a href=\"https:\/\/paresbalta.com\/en\/tienda\/vino-ecologico-biodinamico\/microcuvee-vino-finca\/marta-de-balta-syrah\/\" data-type=\"product\" data-id=\"5230\">Marta de Balta<\/a>), old vineyards (<a href=\"https:\/\/paresbalta.com\/en\/tienda\/vino-ecologico-biodinamico\/microcuvee-vino-finca\/electio-xarello\/\" data-type=\"product\" data-id=\"5237\">Electio<\/a>), of exceptional vintages (<a href=\"https:\/\/paresbalta.com\/en\/shop\/vino-ecologico-biodinamico\/microcuvee-vino-finca\/\/dominio-cusine-vino-guarda\/\" data-type=\"product\" data-id=\"5225\">Dominio Cusin\u00e9<\/a>) or very special winemaking methods (<a href=\"https:\/\/paresbalta.com\/en\/shop\/vino-ecologico-biodinamico\/microcuvee-vino-finca\/\/amphora-roja-xarello-natural-no-sulphites\/\" data-type=\"product\" data-id=\"5277\">Amphora Roja<\/a>).<\/p>\n<\/div><\/div>\n<\/div>\n<\/div>\n\n\n\n<div class=\"wp-block-columns is-layout-flex wp-container-core-columns-is-layout-9d6595d7 wp-block-columns-is-layout-flex\">\n<div class=\"wp-block-column is-layout-flow wp-block-column-is-layout-flow\">\n<div style=\"height:40px\" aria-hidden=\"true\" class=\"wp-block-spacer\"><\/div>\n\n\n\n<p class=\"has-text-align-center has-text-color has-link-color wp-elements-1b157f8fe72317e03f42dda112879d40\" style=\"color:#524138;font-size:23px\"><strong>SAT\u00c8L\u00b7LIT<\/strong><\/p>\n\n\n<div class=\"wp-block-image\">\n<figure class=\"aligncenter size-medium\"><img loading=\"lazy\" decoding=\"async\" width=\"200\" height=\"300\" src=\"https:\/\/paresbalta.com\/wp-content\/uploads\/2022\/05\/vino-satelit-pares-balta-scaled-1-200x300.jpg\" alt=\"\" class=\"wp-image-2157\" srcset=\"https:\/\/paresbalta.com\/wp-content\/uploads\/2022\/05\/vino-satelit-pares-balta-scaled-1-200x300.jpg 200w, https:\/\/paresbalta.com\/wp-content\/uploads\/2022\/05\/vino-satelit-pares-balta-scaled-1-300x450.jpg 300w, https:\/\/paresbalta.com\/wp-content\/uploads\/2022\/05\/vino-satelit-pares-balta-scaled-1-600x900.jpg 600w, https:\/\/paresbalta.com\/wp-content\/uploads\/2022\/05\/vino-satelit-pares-balta-scaled-1-683x1024.jpg 683w, https:\/\/paresbalta.com\/wp-content\/uploads\/2022\/05\/vino-satelit-pares-balta-scaled-1-768x1152.jpg 768w, https:\/\/paresbalta.com\/wp-content\/uploads\/2022\/05\/vino-satelit-pares-balta-scaled-1-1024x1536.jpg 1024w, https:\/\/paresbalta.com\/wp-content\/uploads\/2022\/05\/vino-satelit-pares-balta-scaled-1-1366x2048.jpg 1366w, https:\/\/paresbalta.com\/wp-content\/uploads\/2022\/05\/vino-satelit-pares-balta-scaled-1-100x150.jpg 100w, https:\/\/paresbalta.com\/wp-content\/uploads\/2022\/05\/vino-satelit-pares-balta-scaled-1.jpg 1707w\" sizes=\"auto, (max-width: 200px) 100vw, 200px\" \/><\/figure>\n<\/div>\n\n\n<div class=\"wp-block-buttons is-content-justification-center is-layout-flex wp-container-core-buttons-is-layout-16018d1d wp-block-buttons-is-layout-flex\">\n<div class=\"wp-block-button has-custom-font-size\" style=\"font-size:15px\"><a class=\"wp-block-button__link has-white-color has-text-color has-background has-link-color wp-element-button\" href=\"https:\/\/paresbalta.com\/en\/shop\/organic-biodynamic-wine\/microcuvee-single-estate-wine\/satellit-no-sulfites\/\" style=\"background-color:#524138\">Read more<\/a><\/div>\n<\/div>\n\n\n\n<div style=\"height:40px\" aria-hidden=\"true\" class=\"wp-block-spacer\"><\/div>\n<\/div>\n\n\n\n<div class=\"wp-block-column is-layout-flow wp-block-column-is-layout-flow\">\n<div style=\"height:40px\" aria-hidden=\"true\" class=\"wp-block-spacer\"><\/div>\n\n\n\n<p class=\"has-text-align-center has-text-color has-link-color wp-elements-adc4d9704907e9c1366be71061c024ca\" style=\"color:#524138;font-size:23px\"><strong>ELECTIO<\/strong><\/p>\n\n\n<div class=\"wp-block-image\">\n<figure class=\"aligncenter size-medium\"><img loading=\"lazy\" decoding=\"async\" width=\"200\" height=\"300\" src=\"https:\/\/paresbalta.com\/wp-content\/uploads\/2022\/05\/vino-electio-pares-balta-1-200x300.jpg\" alt=\"\" class=\"wp-image-2193\" srcset=\"https:\/\/paresbalta.com\/wp-content\/uploads\/2022\/05\/vino-electio-pares-balta-1-200x300.jpg 200w, https:\/\/paresbalta.com\/wp-content\/uploads\/2022\/05\/vino-electio-pares-balta-1-300x450.jpg 300w, https:\/\/paresbalta.com\/wp-content\/uploads\/2022\/05\/vino-electio-pares-balta-1-100x150.jpg 100w, https:\/\/paresbalta.com\/wp-content\/uploads\/2022\/05\/vino-electio-pares-balta-1.jpg 600w\" sizes=\"auto, (max-width: 200px) 100vw, 200px\" \/><\/figure>\n<\/div>\n\n\n<div class=\"wp-block-buttons is-content-justification-center is-layout-flex wp-container-core-buttons-is-layout-16018d1d wp-block-buttons-is-layout-flex\">\n<div class=\"wp-block-button has-custom-font-size\" style=\"font-size:15px\"><a class=\"wp-block-button__link has-white-color has-text-color has-background has-link-color wp-element-button\" href=\"https:\/\/paresbalta.com\/en\/shop\/organic-biodynamic-wine\/microcuvee-single-estate-wine\/electio-xarello\/\" style=\"background-color:#524138\">Read more<\/a><\/div>\n<\/div>\n\n\n\n<div style=\"height:40px\" aria-hidden=\"true\" class=\"wp-block-spacer\"><\/div>\n<\/div>\n\n\n\n<div class=\"wp-block-column is-layout-flow wp-block-column-is-layout-flow\">\n<div style=\"height:40px\" aria-hidden=\"true\" class=\"wp-block-spacer\"><\/div>\n\n\n\n<p class=\"has-text-align-center has-text-color has-link-color wp-elements-7d71926db8e39a9968d5e59269a60790\" style=\"color:#524138;font-size:23px\"><strong>HISENDA MIRET<\/strong><\/p>\n\n\n<div class=\"wp-block-image\">\n<figure class=\"aligncenter size-medium\"><img loading=\"lazy\" decoding=\"async\" width=\"200\" height=\"300\" src=\"https:\/\/paresbalta.com\/wp-content\/uploads\/2022\/05\/vino-hisenda-miret-pares-balta-01-200x300.jpg\" alt=\"\" class=\"wp-image-1958\" srcset=\"https:\/\/paresbalta.com\/wp-content\/uploads\/2022\/05\/vino-hisenda-miret-pares-balta-01-200x300.jpg 200w, https:\/\/paresbalta.com\/wp-content\/uploads\/2022\/05\/vino-hisenda-miret-pares-balta-01-300x450.jpg 300w, https:\/\/paresbalta.com\/wp-content\/uploads\/2022\/05\/vino-hisenda-miret-pares-balta-01-600x900.jpg 600w, https:\/\/paresbalta.com\/wp-content\/uploads\/2022\/05\/vino-hisenda-miret-pares-balta-01-682x1024.jpg 682w, https:\/\/paresbalta.com\/wp-content\/uploads\/2022\/05\/vino-hisenda-miret-pares-balta-01-768x1152.jpg 768w, https:\/\/paresbalta.com\/wp-content\/uploads\/2022\/05\/vino-hisenda-miret-pares-balta-01-1024x1536.jpg 1024w, https:\/\/paresbalta.com\/wp-content\/uploads\/2022\/05\/vino-hisenda-miret-pares-balta-01-1365x2048.jpg 1365w, https:\/\/paresbalta.com\/wp-content\/uploads\/2022\/05\/vino-hisenda-miret-pares-balta-01-100x150.jpg 100w, https:\/\/paresbalta.com\/wp-content\/uploads\/2022\/05\/vino-hisenda-miret-pares-balta-01.jpg 1706w\" sizes=\"auto, (max-width: 200px) 100vw, 200px\" \/><\/figure>\n<\/div>\n\n\n<div class=\"wp-block-buttons is-content-justification-center is-layout-flex wp-container-core-buttons-is-layout-16018d1d wp-block-buttons-is-layout-flex\">\n<div class=\"wp-block-button\"><a class=\"wp-block-button__link has-white-color has-text-color has-background has-link-color wp-element-button\" href=\"https:\/\/paresbalta.com\/en\/shop\/organic-biodynamic-wine\/microcuvee-single-estate-wine\/hisenda-miret-grenache-reserve\/\" style=\"background-color:#524138\">Read more<\/a><\/div>\n<\/div>\n\n\n\n<div style=\"height:40px\" aria-hidden=\"true\" class=\"wp-block-spacer\"><\/div>\n<\/div>\n\n\n\n<div class=\"wp-block-column is-layout-flow wp-block-column-is-layout-flow\">\n<div style=\"height:40px\" aria-hidden=\"true\" class=\"wp-block-spacer\"><\/div>\n\n\n\n<p class=\"has-text-align-center has-text-color has-link-color wp-elements-77601aa5735cf0fd0234a29182302254\" style=\"color:#524138;font-size:23px\"><strong>NEOLITIC<\/strong><\/p>\n\n\n<div class=\"wp-block-image\">\n<figure class=\"aligncenter size-medium\"><img loading=\"lazy\" decoding=\"async\" width=\"200\" height=\"300\" src=\"https:\/\/paresbalta.com\/wp-content\/uploads\/2022\/05\/vino-neolitic-pares-balta-scaled-1-200x300.jpg\" alt=\"\" class=\"wp-image-2217\" srcset=\"https:\/\/paresbalta.com\/wp-content\/uploads\/2022\/05\/vino-neolitic-pares-balta-scaled-1-200x300.jpg 200w, https:\/\/paresbalta.com\/wp-content\/uploads\/2022\/05\/vino-neolitic-pares-balta-scaled-1-300x450.jpg 300w, https:\/\/paresbalta.com\/wp-content\/uploads\/2022\/05\/vino-neolitic-pares-balta-scaled-1-600x900.jpg 600w, https:\/\/paresbalta.com\/wp-content\/uploads\/2022\/05\/vino-neolitic-pares-balta-scaled-1-683x1024.jpg 683w, https:\/\/paresbalta.com\/wp-content\/uploads\/2022\/05\/vino-neolitic-pares-balta-scaled-1-768x1152.jpg 768w, https:\/\/paresbalta.com\/wp-content\/uploads\/2022\/05\/vino-neolitic-pares-balta-scaled-1-1024x1536.jpg 1024w, https:\/\/paresbalta.com\/wp-content\/uploads\/2022\/05\/vino-neolitic-pares-balta-scaled-1-1366x2048.jpg 1366w, https:\/\/paresbalta.com\/wp-content\/uploads\/2022\/05\/vino-neolitic-pares-balta-scaled-1-100x150.jpg 100w, https:\/\/paresbalta.com\/wp-content\/uploads\/2022\/05\/vino-neolitic-pares-balta-scaled-1.jpg 1707w\" sizes=\"auto, (max-width: 200px) 100vw, 200px\" \/><\/figure>\n<\/div>\n\n\n<div class=\"wp-block-buttons is-content-justification-center is-layout-flex wp-container-core-buttons-is-layout-16018d1d wp-block-buttons-is-layout-flex\">\n<div class=\"wp-block-button\"><a class=\"wp-block-button__link has-white-color has-text-color has-background has-link-color wp-element-button\" href=\"https:\/\/paresbalta.com\/en\/shop\/organic-biodynamic-wine\/microcuvee-single-estate-wine\/neolitic-sumoll\/\" style=\"background-color:#524138\">Read more<\/a><\/div>\n<\/div>\n\n\n\n<div style=\"height:40px\" aria-hidden=\"true\" class=\"wp-block-spacer\"><\/div>\n<\/div>\n<\/div>\n","protected":false},"excerpt":{"rendered":"<p>We are passionate winemakers, our creativity never rests, so harvest after harvest we seek opportunities for new and exciting wines yet to be crafted. The microvinifications of Par\u00e9s Balt\u00e0 Our goal with the Microcuv\u00e9e wine range is to promote the unique qualities of our estates located in the heart of the&nbsp;Penedes&nbsp;wine region. These are divided&#8230;<\/p>\n<p><a class=\"btn btn-secondary understrap-read-more-link\" href=\"https:\/\/paresbalta.com\/en\/organic-biodynamic-wine\/microcuvee-single-estate-wine\/\">Read More&#8230;<span class=\"screen-reader-text\"> from Microcuv\u00e9e<\/span><\/a><\/p>\n","protected":false},"author":1,"featured_media":0,"parent":5141,"menu_order":0,"comment_status":"closed","ping_status":"closed","template":"","meta":{"_acf_changed":false,"footnotes":""},"class_list":["post-5138","page","type-page","status-publish","hentry"],"acf":[],"_links":{"self":[{"href":"https:\/\/paresbalta.com\/en\/wp-json\/wp\/v2\/pages\/5138","targetHints":{"allow":["GET"]}}],"collection":[{"href":"https:\/\/paresbalta.com\/en\/wp-json\/wp\/v2\/pages"}],"about":[{"href":"https:\/\/paresbalta.com\/en\/wp-json\/wp\/v2\/types\/page"}],"author":[{"embeddable":true,"href":"https:\/\/paresbalta.com\/en\/wp-json\/wp\/v2\/users\/1"}],"replies":[{"embeddable":true,"href":"https:\/\/paresbalta.com\/en\/wp-json\/wp\/v2\/comments?post=5138"}],"version-history":[{"count":7,"href":"https:\/\/paresbalta.com\/en\/wp-json\/wp\/v2\/pages\/5138\/revisions"}],"predecessor-version":[{"id":273290,"href":"https:\/\/paresbalta.com\/en\/wp-json\/wp\/v2\/pages\/5138\/revisions\/273290"}],"up":[{"embeddable":true,"href":"https:\/\/paresbalta.com\/en\/wp-json\/wp\/v2\/pages\/5141"}],"wp:attachment":[{"href":"https:\/\/paresbalta.com\/en\/wp-json\/wp\/v2\/media?parent=5138"}],"curies":[{"name":"wp","href":"https:\/\/api.w.org\/{rel}","templated":true}]}}