{"id":5133,"date":"2022-05-02T17:00:30","date_gmt":"2022-05-02T17:00:30","guid":{"rendered":"https:\/\/paresbalta.com\/origen-vino-joven-vegano\/"},"modified":"2024-07-23T14:41:06","modified_gmt":"2024-07-23T12:41:06","slug":"origen-young-vegan-friendly-wine","status":"publish","type":"page","link":"https:\/\/paresbalta.com\/en\/organic-biodynamic-wine\/origen-young-vegan-friendly-wine\/","title":{"rendered":"Origen"},"content":{"rendered":"\n<div class=\"wp-block-cover alignfull is-light home-block-cover\"><span aria-hidden=\"true\" class=\"wp-block-cover__background has-black-background-color has-background-dim-10 has-background-dim\"><\/span><img loading=\"lazy\" decoding=\"async\" width=\"2560\" height=\"1707\" class=\"wp-block-cover__image-background wp-image-272842\" alt=\"\" src=\"https:\/\/paresbalta.com\/wp-content\/uploads\/2024\/07\/origen-pares-balta-5-scaled.jpg\" style=\"object-position:55% 57%\" data-object-fit=\"cover\" data-object-position=\"55% 57%\" srcset=\"https:\/\/paresbalta.com\/wp-content\/uploads\/2024\/07\/origen-pares-balta-5-scaled.jpg 2560w, https:\/\/paresbalta.com\/wp-content\/uploads\/2024\/07\/origen-pares-balta-5-300x200.jpg 300w, https:\/\/paresbalta.com\/wp-content\/uploads\/2024\/07\/origen-pares-balta-5-1024x683.jpg 1024w, https:\/\/paresbalta.com\/wp-content\/uploads\/2024\/07\/origen-pares-balta-5-768x512.jpg 768w, https:\/\/paresbalta.com\/wp-content\/uploads\/2024\/07\/origen-pares-balta-5-1536x1024.jpg 1536w, https:\/\/paresbalta.com\/wp-content\/uploads\/2024\/07\/origen-pares-balta-5-2048x1365.jpg 2048w, https:\/\/paresbalta.com\/wp-content\/uploads\/2024\/07\/origen-pares-balta-5-500x333.jpg 500w, https:\/\/paresbalta.com\/wp-content\/uploads\/2024\/07\/origen-pares-balta-5-800x533.jpg 800w, https:\/\/paresbalta.com\/wp-content\/uploads\/2024\/07\/origen-pares-balta-5-1280x853.jpg 1280w, https:\/\/paresbalta.com\/wp-content\/uploads\/2024\/07\/origen-pares-balta-5-1920x1280.jpg 1920w, https:\/\/paresbalta.com\/wp-content\/uploads\/2024\/07\/origen-pares-balta-5-600x400.jpg 600w, https:\/\/paresbalta.com\/wp-content\/uploads\/2024\/07\/origen-pares-balta-5-100x67.jpg 100w\" sizes=\"auto, (max-width: 2560px) 100vw, 2560px\" \/><div class=\"wp-block-cover__inner-container is-layout-flow wp-block-cover-is-layout-flow\">\n<h1 class=\"wp-block-heading has-text-align-center has-white-color has-text-color\" style=\"font-size:2.5rem\">Origen, young and fresh organic wines<\/h1>\n\n\n\n<p class=\"has-text-align-center max-width-header small has-white-color has-text-color\" style=\"font-size:1.5rem\">Its great value makes them perfect to enjoy daily.<\/p>\n\n\n\n<div class=\"wp-block-group down-arrow\"><div class=\"wp-block-group__inner-container is-layout-flow wp-block-group-is-layout-flow\">\n<i class=\"fa fa-chevron-down\" aria-hidden=\"true\"><\/i>\n<\/div><\/div>\n<\/div><\/div>\n\n\n\n<div class=\"wp-block-group alignfull has-background\" style=\"background-color:#524138\"><div class=\"wp-block-group__inner-container is-layout-flow wp-block-group-is-layout-flow\">\n<div style=\"height:80px\" aria-hidden=\"true\" class=\"wp-block-spacer\"><\/div>\n\n\n\n<h4 class=\"wp-block-heading has-text-align-center max-width-header has-white-color has-text-color\" style=\"font-size:1.2rem;font-style:normal;font-weight:400\">&nbsp;We have been winegrowers since 1790, we produce organic wines and we work with biodynamic agriculture to take care of our land and improve it for future generations.<\/h4>\n\n\n\n<div style=\"height:80px\" aria-hidden=\"true\" class=\"wp-block-spacer\"><\/div>\n<\/div><\/div>\n\n\n\n<div class=\"wp-block-columns alignfull block-cols is-layout-flex wp-container-core-columns-is-layout-9d6595d7 wp-block-columns-is-layout-flex\">\n<div class=\"wp-block-column image-column col-md-6 col-lg-8 is-layout-flow wp-block-column-is-layout-flow\">\n<figure class=\"wp-block-image size-full\"><img loading=\"lazy\" decoding=\"async\" width=\"2500\" height=\"1667\" src=\"https:\/\/paresbalta.com\/wp-content\/uploads\/2024\/02\/vino-ros-de-pacs-pares-balta.jpg\" alt=\"\" class=\"wp-image-179431\" srcset=\"https:\/\/paresbalta.com\/wp-content\/uploads\/2024\/02\/vino-ros-de-pacs-pares-balta.jpg 2500w, https:\/\/paresbalta.com\/wp-content\/uploads\/2024\/02\/vino-ros-de-pacs-pares-balta-300x200.jpg 300w, https:\/\/paresbalta.com\/wp-content\/uploads\/2024\/02\/vino-ros-de-pacs-pares-balta-600x400.jpg 600w, https:\/\/paresbalta.com\/wp-content\/uploads\/2024\/02\/vino-ros-de-pacs-pares-balta-1024x683.jpg 1024w, https:\/\/paresbalta.com\/wp-content\/uploads\/2024\/02\/vino-ros-de-pacs-pares-balta-768x512.jpg 768w, https:\/\/paresbalta.com\/wp-content\/uploads\/2024\/02\/vino-ros-de-pacs-pares-balta-1536x1024.jpg 1536w, https:\/\/paresbalta.com\/wp-content\/uploads\/2024\/02\/vino-ros-de-pacs-pares-balta-2048x1366.jpg 2048w, https:\/\/paresbalta.com\/wp-content\/uploads\/2024\/02\/vino-ros-de-pacs-pares-balta-100x67.jpg 100w\" sizes=\"auto, (max-width: 2500px) 100vw, 2500px\" \/><\/figure>\n<\/div>\n\n\n\n<div class=\"wp-block-column text-column col-md-6 col-lg-4 is-layout-flow wp-block-column-is-layout-flow\">\n<div class=\"wp-block-group align-middle-items\"><div class=\"wp-block-group__inner-container is-layout-flow wp-block-group-is-layout-flow\">\n<h2 class=\"wp-block-heading\">Organic wines to enjoy daily<\/h2>\n\n\n\n<p>The Origen range is the gateway to our winery;<strong>&nbsp;its great value<\/strong>&nbsp;makes them perfect to enjoy daily.<br><\/p>\n\n\n\n<p>All our wines are made with grapes grown in our own estates located in Pened\u00e8s wine region. We practice biodynamic farming and our women winemakers work with minimal intervention in the cellar to let the grapes express itself to be capable to transmit its origin, where they grown.<\/p>\n<\/div><\/div>\n<\/div>\n<\/div>\n\n\n\n<div class=\"wp-block-columns alignfull block-cols is-layout-flex wp-container-core-columns-is-layout-9d6595d7 wp-block-columns-is-layout-flex\">\n<div class=\"wp-block-column text-column col-md-6 col-lg-4 has-background is-layout-flow wp-block-column-is-layout-flow\" style=\"background-color:#cfccc7\">\n<div class=\"wp-block-group align-middle-items\"><div class=\"wp-block-group__inner-container is-layout-flow wp-block-group-is-layout-flow\">\n<h2 class=\"wp-block-heading has-text-align-left\">The first wines from Par\u00e9s Balt\u00e0<\/h2>\n\n\n\n<p>In the 1980s, Joan Cusin\u00e9 Cusin\u00e9 produced the first white wine from the Par\u00e9s Balta winery, it was Blanc de Pacs. After more than 40 years, it continues to be harvested from with the most ingrained and traditional varieties of Penedes:&nbsp;<strong>Xarello, Macabeo and Parellada.<\/strong><\/p>\n\n\n\n<p>All wines Origen:&nbsp;<a href=\"https:\/\/paresbalta.com\/en\/shop\/vino-ecologico-biodinamico-en\/origen-vino-joven-vegano-en\/honeymoon-afrutado\/\">Honeymoon<\/a>, <a href=\"https:\/\/paresbalta.com\/en\/shop\/vino-ecologico-biodinamico-en\/origen-vino-joven-vegano-en\/blanc-de-pacs\/\">Blanc de Pacs<\/a>, <a href=\"https:\/\/paresbalta.com\/en\/shop\/vino-ecologico-biodinamico\/origen-vino-joven-vegano\/ros-de-pacs\/\">Ros de Pacs<\/a> and <a href=\"https:\/\/paresbalta.com\/en\/shop\/vino-ecologico-biodinamico\/mas-petit\/\">Mas Petit<\/a>, are young, fresh and mostly fruity wines. In them we find the traditional varieties of Pened\u00e9s, such as Grenache, Parellada, Macabeo and Xarel.lo, but also foreign varieties very adapted to our territory, such as Syrah or Cabernet Sauvignon.<\/p>\n<\/div><\/div>\n<\/div>\n\n\n\n<div class=\"wp-block-column image-column col-md-6 col-lg-8 is-layout-flow wp-block-column-is-layout-flow\">\n<figure class=\"wp-block-image size-full\"><img loading=\"lazy\" decoding=\"async\" width=\"1984\" height=\"1323\" src=\"https:\/\/paresbalta.com\/wp-content\/uploads\/2022\/05\/raim-2.jpg\" alt=\"\" class=\"wp-image-1850\" srcset=\"https:\/\/paresbalta.com\/wp-content\/uploads\/2022\/05\/raim-2.jpg 1984w, https:\/\/paresbalta.com\/wp-content\/uploads\/2022\/05\/raim-2-300x200.jpg 300w, https:\/\/paresbalta.com\/wp-content\/uploads\/2022\/05\/raim-2-600x400.jpg 600w, https:\/\/paresbalta.com\/wp-content\/uploads\/2022\/05\/raim-2-1024x683.jpg 1024w, https:\/\/paresbalta.com\/wp-content\/uploads\/2022\/05\/raim-2-768x512.jpg 768w, https:\/\/paresbalta.com\/wp-content\/uploads\/2022\/05\/raim-2-1536x1024.jpg 1536w, https:\/\/paresbalta.com\/wp-content\/uploads\/2022\/05\/raim-2-100x67.jpg 100w\" sizes=\"auto, (max-width: 1984px) 100vw, 1984px\" \/><\/figure>\n<\/div>\n<\/div>\n\n\n\n<div class=\"wp-block-columns alignfull block-cols is-layout-flex wp-container-core-columns-is-layout-9d6595d7 wp-block-columns-is-layout-flex\">\n<div class=\"wp-block-column image-column col-md-6 col-lg-8 is-layout-flow wp-block-column-is-layout-flow\">\n<figure class=\"wp-block-image size-full\"><img loading=\"lazy\" decoding=\"async\" width=\"2560\" height=\"1706\" src=\"https:\/\/paresbalta.com\/wp-content\/uploads\/2022\/07\/Honeymoon-Pares-Balta-2-scaled.jpg\" alt=\"\" class=\"wp-image-7996\" srcset=\"https:\/\/paresbalta.com\/wp-content\/uploads\/2022\/07\/Honeymoon-Pares-Balta-2-scaled.jpg 2560w, https:\/\/paresbalta.com\/wp-content\/uploads\/2022\/07\/Honeymoon-Pares-Balta-2-300x200.jpg 300w, https:\/\/paresbalta.com\/wp-content\/uploads\/2022\/07\/Honeymoon-Pares-Balta-2-600x400.jpg 600w, https:\/\/paresbalta.com\/wp-content\/uploads\/2022\/07\/Honeymoon-Pares-Balta-2-1024x682.jpg 1024w, https:\/\/paresbalta.com\/wp-content\/uploads\/2022\/07\/Honeymoon-Pares-Balta-2-768x512.jpg 768w, https:\/\/paresbalta.com\/wp-content\/uploads\/2022\/07\/Honeymoon-Pares-Balta-2-1536x1024.jpg 1536w, https:\/\/paresbalta.com\/wp-content\/uploads\/2022\/07\/Honeymoon-Pares-Balta-2-2048x1365.jpg 2048w, https:\/\/paresbalta.com\/wp-content\/uploads\/2022\/07\/Honeymoon-Pares-Balta-2-100x67.jpg 100w\" sizes=\"auto, (max-width: 2560px) 100vw, 2560px\" \/><\/figure>\n<\/div>\n\n\n\n<div class=\"wp-block-column text-column col-md-6 col-lg-4 is-layout-flow wp-block-column-is-layout-flow\">\n<div class=\"wp-block-group align-middle-items\"><div class=\"wp-block-group__inner-container is-layout-flow wp-block-group-is-layout-flow\">\n<h2 class=\"wp-block-heading\">Honeymoon the organic wine from Par\u00e9s Balt\u00e0<\/h2>\n\n\n\n<p>Perhaps the most well known wine of this range is Honeymoon, which began to be made following the honeymoon of Joan Cusin\u00e9 Cusin\u00e9 and his wife Maria Angels Carol. A single-variety fruity wine from Parellada that seduces on the first sip for its intensity, aroma and freshness.<\/p>\n\n\n\n<p>All wines of this range, as well as MicroCuv\u00e9e, R-Evolution and Sparkling wines, come from vineyards cultivated with&nbsp;<a href=\"https:\/\/paresbalta.com\/en\/biodynamic-farming\/\" data-type=\"page\" data-id=\"5148\">biodynamic agriculture<\/a>. The harvest is always done by hand and the pressing of the grapes is carried out with a pneumatic press to maintain the highest quality of the grapes.<\/p>\n<\/div><\/div>\n<\/div>\n<\/div>\n\n\n\n<div class=\"wp-block-columns is-layout-flex wp-container-core-columns-is-layout-9d6595d7 wp-block-columns-is-layout-flex\">\n<div class=\"wp-block-column is-layout-flow wp-block-column-is-layout-flow\">\n<div style=\"height:40px\" aria-hidden=\"true\" class=\"wp-block-spacer\"><\/div>\n\n\n\n<p class=\"has-text-align-center has-text-color has-link-color wp-elements-dbd0d96001eefe708e1871d2d1417067\" style=\"color:#524138;font-size:23px\"><strong>HONEYMOON<\/strong><\/p>\n\n\n<div class=\"wp-block-image\">\n<figure class=\"aligncenter size-medium\"><img loading=\"lazy\" decoding=\"async\" width=\"200\" height=\"300\" src=\"https:\/\/paresbalta.com\/wp-content\/uploads\/2022\/05\/vino-honeymoon-pares-balta-scaled-1-200x300.jpg\" alt=\"\" class=\"wp-image-1988\" srcset=\"https:\/\/paresbalta.com\/wp-content\/uploads\/2022\/05\/vino-honeymoon-pares-balta-scaled-1-200x300.jpg 200w, https:\/\/paresbalta.com\/wp-content\/uploads\/2022\/05\/vino-honeymoon-pares-balta-scaled-1-300x450.jpg 300w, https:\/\/paresbalta.com\/wp-content\/uploads\/2022\/05\/vino-honeymoon-pares-balta-scaled-1-600x900.jpg 600w, https:\/\/paresbalta.com\/wp-content\/uploads\/2022\/05\/vino-honeymoon-pares-balta-scaled-1-683x1024.jpg 683w, https:\/\/paresbalta.com\/wp-content\/uploads\/2022\/05\/vino-honeymoon-pares-balta-scaled-1-768x1152.jpg 768w, https:\/\/paresbalta.com\/wp-content\/uploads\/2022\/05\/vino-honeymoon-pares-balta-scaled-1-1024x1536.jpg 1024w, https:\/\/paresbalta.com\/wp-content\/uploads\/2022\/05\/vino-honeymoon-pares-balta-scaled-1-1366x2048.jpg 1366w, https:\/\/paresbalta.com\/wp-content\/uploads\/2022\/05\/vino-honeymoon-pares-balta-scaled-1-100x150.jpg 100w, https:\/\/paresbalta.com\/wp-content\/uploads\/2022\/05\/vino-honeymoon-pares-balta-scaled-1.jpg 1707w\" sizes=\"auto, (max-width: 200px) 100vw, 200px\" \/><\/figure>\n<\/div>\n\n\n<div class=\"wp-block-buttons is-content-justification-center is-layout-flex wp-container-core-buttons-is-layout-16018d1d wp-block-buttons-is-layout-flex\">\n<div class=\"wp-block-button has-custom-font-size\" style=\"font-size:15px\"><a class=\"wp-block-button__link has-white-color has-text-color has-background has-link-color wp-element-button\" href=\"https:\/\/paresbalta.com\/en\/shop\/organic-biodynamic-wine\/origen-young-vegan-friendly-wine\/wine-honeymoon-fruity\/\" style=\"background-color:#524138\">Read more<\/a><\/div>\n<\/div>\n\n\n\n<div style=\"height:40px\" aria-hidden=\"true\" class=\"wp-block-spacer\"><\/div>\n<\/div>\n\n\n\n<div class=\"wp-block-column is-layout-flow wp-block-column-is-layout-flow\">\n<div style=\"height:40px\" aria-hidden=\"true\" class=\"wp-block-spacer\"><\/div>\n\n\n\n<p class=\"has-text-align-center has-text-color has-link-color wp-elements-93f3a1fac93fb880226e4294764a9d85\" style=\"color:#524138;font-size:23px\"><strong>BLANC DE PACS<\/strong><\/p>\n\n\n<div class=\"wp-block-image\">\n<figure class=\"aligncenter size-medium\"><img loading=\"lazy\" decoding=\"async\" width=\"200\" height=\"300\" src=\"https:\/\/paresbalta.com\/wp-content\/uploads\/2022\/05\/Blanc-de-pacs-paresbalta-200x300.jpg\" alt=\"\" class=\"wp-image-143969\" srcset=\"https:\/\/paresbalta.com\/wp-content\/uploads\/2022\/05\/Blanc-de-pacs-paresbalta-200x300.jpg 200w, https:\/\/paresbalta.com\/wp-content\/uploads\/2022\/05\/Blanc-de-pacs-paresbalta-300x450.jpg 300w, https:\/\/paresbalta.com\/wp-content\/uploads\/2022\/05\/Blanc-de-pacs-paresbalta-600x900.jpg 600w, https:\/\/paresbalta.com\/wp-content\/uploads\/2022\/05\/Blanc-de-pacs-paresbalta-100x150.jpg 100w, https:\/\/paresbalta.com\/wp-content\/uploads\/2022\/05\/Blanc-de-pacs-paresbalta.jpg 601w\" sizes=\"auto, (max-width: 200px) 100vw, 200px\" \/><\/figure>\n<\/div>\n\n\n<div class=\"wp-block-buttons is-content-justification-center is-layout-flex wp-container-core-buttons-is-layout-16018d1d wp-block-buttons-is-layout-flex\">\n<div class=\"wp-block-button has-custom-font-size\" style=\"font-size:15px\"><a class=\"wp-block-button__link has-white-color has-text-color has-background has-link-color wp-element-button\" href=\"https:\/\/paresbalta.com\/en\/shop\/organic-biodynamic-wine\/origen-young-vegan-friendly-wine\/blanc-de-pacs\/\" style=\"background-color:#524138\">Read more<\/a><\/div>\n<\/div>\n\n\n\n<div style=\"height:40px\" aria-hidden=\"true\" class=\"wp-block-spacer\"><\/div>\n<\/div>\n\n\n\n<div class=\"wp-block-column is-layout-flow wp-block-column-is-layout-flow\">\n<div style=\"height:40px\" aria-hidden=\"true\" class=\"wp-block-spacer\"><\/div>\n\n\n\n<p class=\"has-text-align-center has-text-color has-link-color wp-elements-60fd1856d539b35f05104125e5962040\" style=\"color:#524138;font-size:23px\"><strong>ROS DE PACS<\/strong><\/p>\n\n\n<div class=\"wp-block-image\">\n<figure class=\"aligncenter size-medium\"><img loading=\"lazy\" decoding=\"async\" width=\"200\" height=\"300\" src=\"https:\/\/paresbalta.com\/wp-content\/uploads\/2022\/05\/Ros-de-Pacs-Paresbalta-200x300.jpg\" alt=\"\" class=\"wp-image-143643\" srcset=\"https:\/\/paresbalta.com\/wp-content\/uploads\/2022\/05\/Ros-de-Pacs-Paresbalta-200x300.jpg 200w, https:\/\/paresbalta.com\/wp-content\/uploads\/2022\/05\/Ros-de-Pacs-Paresbalta-300x450.jpg 300w, https:\/\/paresbalta.com\/wp-content\/uploads\/2022\/05\/Ros-de-Pacs-Paresbalta-100x150.jpg 100w, https:\/\/paresbalta.com\/wp-content\/uploads\/2022\/05\/Ros-de-Pacs-Paresbalta.jpg 301w\" sizes=\"auto, (max-width: 200px) 100vw, 200px\" \/><\/figure>\n<\/div>\n\n\n<div class=\"wp-block-buttons is-content-justification-center is-layout-flex wp-container-core-buttons-is-layout-16018d1d wp-block-buttons-is-layout-flex\">\n<div class=\"wp-block-button has-custom-font-size\" style=\"font-size:15px\"><a class=\"wp-block-button__link has-white-color has-text-color has-background has-link-color wp-element-button\" href=\"https:\/\/paresbalta.com\/en\/shop\/organic-biodynamic-wine\/origen-young-vegan-friendly-wine\/ros-de-pacs\/\" style=\"background-color:#524138\">Read more<\/a><\/div>\n<\/div>\n\n\n\n<div style=\"height:40px\" aria-hidden=\"true\" class=\"wp-block-spacer\"><\/div>\n<\/div>\n\n\n\n<div class=\"wp-block-column is-layout-flow wp-block-column-is-layout-flow\">\n<div style=\"height:40px\" aria-hidden=\"true\" class=\"wp-block-spacer\"><\/div>\n\n\n\n<p class=\"has-text-align-center has-text-color has-link-color wp-elements-feaafee3c6e325a28e781fc9ec4437fc\" style=\"color:#524138;font-size:23px\"><strong>MAS PETIT<\/strong><\/p>\n\n\n<div class=\"wp-block-image\">\n<figure class=\"aligncenter size-medium\"><img loading=\"lazy\" decoding=\"async\" width=\"200\" height=\"300\" src=\"https:\/\/paresbalta.com\/wp-content\/uploads\/2022\/05\/Mas-petit-paresbalta-200x300.jpg\" alt=\"\" class=\"wp-image-144010\" srcset=\"https:\/\/paresbalta.com\/wp-content\/uploads\/2022\/05\/Mas-petit-paresbalta-200x300.jpg 200w, https:\/\/paresbalta.com\/wp-content\/uploads\/2022\/05\/Mas-petit-paresbalta-300x450.jpg 300w, https:\/\/paresbalta.com\/wp-content\/uploads\/2022\/05\/Mas-petit-paresbalta-600x900.jpg 600w, https:\/\/paresbalta.com\/wp-content\/uploads\/2022\/05\/Mas-petit-paresbalta-100x150.jpg 100w, https:\/\/paresbalta.com\/wp-content\/uploads\/2022\/05\/Mas-petit-paresbalta.jpg 601w\" sizes=\"auto, (max-width: 200px) 100vw, 200px\" \/><\/figure>\n<\/div>\n\n\n<div class=\"wp-block-buttons is-content-justification-center is-layout-flex wp-container-core-buttons-is-layout-16018d1d wp-block-buttons-is-layout-flex\">\n<div class=\"wp-block-button has-custom-font-size\" style=\"font-size:15px\"><a class=\"wp-block-button__link has-white-color has-text-color has-background has-link-color wp-element-button\" href=\"https:\/\/paresbalta.com\/en\/shop\/organic-biodynamic-wine\/origen-young-vegan-friendly-wine\/mas-petit\/\" style=\"background-color:#524138\">Read more<\/a><\/div>\n<\/div>\n<\/div>\n<\/div>\n","protected":false},"excerpt":{"rendered":"<p>&nbsp;We have been winegrowers since 1790, we produce organic wines and we work with biodynamic agriculture to take care of our land and improve it for future generations. Organic wines to enjoy daily The Origen range is the gateway to our winery;&nbsp;its great value&nbsp;makes them perfect to enjoy daily. All our wines are made with&#8230;<\/p>\n<p><a class=\"btn btn-secondary understrap-read-more-link\" href=\"https:\/\/paresbalta.com\/en\/organic-biodynamic-wine\/origen-young-vegan-friendly-wine\/\">Read More&#8230;<span class=\"screen-reader-text\"> from Origen<\/span><\/a><\/p>\n","protected":false},"author":1,"featured_media":0,"parent":5141,"menu_order":0,"comment_status":"closed","ping_status":"closed","template":"","meta":{"_acf_changed":false,"footnotes":""},"class_list":["post-5133","page","type-page","status-publish","hentry"],"acf":[],"_links":{"self":[{"href":"https:\/\/paresbalta.com\/en\/wp-json\/wp\/v2\/pages\/5133","targetHints":{"allow":["GET"]}}],"collection":[{"href":"https:\/\/paresbalta.com\/en\/wp-json\/wp\/v2\/pages"}],"about":[{"href":"https:\/\/paresbalta.com\/en\/wp-json\/wp\/v2\/types\/page"}],"author":[{"embeddable":true,"href":"https:\/\/paresbalta.com\/en\/wp-json\/wp\/v2\/users\/1"}],"replies":[{"embeddable":true,"href":"https:\/\/paresbalta.com\/en\/wp-json\/wp\/v2\/comments?post=5133"}],"version-history":[{"count":15,"href":"https:\/\/paresbalta.com\/en\/wp-json\/wp\/v2\/pages\/5133\/revisions"}],"predecessor-version":[{"id":273292,"href":"https:\/\/paresbalta.com\/en\/wp-json\/wp\/v2\/pages\/5133\/revisions\/273292"}],"up":[{"embeddable":true,"href":"https:\/\/paresbalta.com\/en\/wp-json\/wp\/v2\/pages\/5141"}],"wp:attachment":[{"href":"https:\/\/paresbalta.com\/en\/wp-json\/wp\/v2\/media?parent=5133"}],"curies":[{"name":"wp","href":"https:\/\/api.w.org\/{rel}","templated":true}]}}