{"id":5131,"date":"2022-05-02T17:05:42","date_gmt":"2022-05-02T17:05:42","guid":{"rendered":"https:\/\/paresbalta.com\/cava-espumoso-ecologico-biodinamico\/"},"modified":"2024-02-27T09:40:33","modified_gmt":"2024-02-27T08:40:33","slug":"cava-sparkling-wine-organic-biodynamic","status":"publish","type":"page","link":"https:\/\/paresbalta.com\/en\/cava-sparkling-wine-organic-biodynamic\/","title":{"rendered":"Cavas"},"content":{"rendered":"\n<div style=\"height:80px\" aria-hidden=\"true\" class=\"wp-block-spacer\"><\/div>\n\n\n\n<div class=\"wp-block-columns px-3 px-md-5 is-layout-flex wp-container-core-columns-is-layout-9d6595d7 wp-block-columns-is-layout-flex\">\n<div class=\"wp-block-column is-layout-flow wp-block-column-is-layout-flow\" style=\"flex-basis:100%\">\n<h1 class=\"wp-block-heading has-text-align-center max-width-header small\" style=\"font-size:2.5rem\">The sparkling wines of Par\u00e9s Balt\u00e0<\/h1>\n\n\n\n<div style=\"height:40px\" aria-hidden=\"true\" class=\"wp-block-spacer\"><\/div>\n\n\n\n<h2 class=\"wp-block-heading has-text-align-center\">Cava MicroCuv\u00e9e <\/h2>\n\n\n\n<p class=\"has-text-align-center\" style=\"font-size:1.2rem\">Small batch brut nature vintage sparkling wines with long aging<\/p>\n\n\n\n<div style=\"height:10px\" aria-hidden=\"true\" class=\"wp-block-spacer\"><\/div>\n<\/div>\n<\/div>\n\n\n\n<div class=\"wp-block-columns px-3 px-md-5 info-cols info-btns is-layout-flex wp-container-core-columns-is-layout-9d6595d7 wp-block-columns-is-layout-flex\">\n<div class=\"wp-block-column is-layout-flow wp-block-column-is-layout-flow\">\n<figure class=\"wp-block-image size-full is-style-default\"><a href=\"https:\/\/paresbalta.com\/en\/shop\/vino-ecologico-biodinamico\/blanca-cusine-brut-nature-gran-reserva\/\"><img loading=\"lazy\" decoding=\"async\" width=\"1024\" height=\"683\" src=\"https:\/\/paresbalta.com\/wp-content\/uploads\/2022\/05\/blanca-cusine.jpg\" alt=\"\" class=\"wp-image-4953\" srcset=\"https:\/\/paresbalta.com\/wp-content\/uploads\/2022\/05\/blanca-cusine.jpg 1024w, https:\/\/paresbalta.com\/wp-content\/uploads\/2022\/05\/blanca-cusine-300x200.jpg 300w, https:\/\/paresbalta.com\/wp-content\/uploads\/2022\/05\/blanca-cusine-600x400.jpg 600w, https:\/\/paresbalta.com\/wp-content\/uploads\/2022\/05\/blanca-cusine-768x512.jpg 768w, https:\/\/paresbalta.com\/wp-content\/uploads\/2022\/05\/blanca-cusine-100x67.jpg 100w\" sizes=\"auto, (max-width: 1024px) 100vw, 1024px\" \/><\/a><\/figure>\n\n\n\n<div class=\"wp-block-group pt-2\"><div class=\"wp-block-group__inner-container is-layout-flow wp-block-group-is-layout-flow\">\n<h2 class=\"wp-block-heading\">Blanca Cusin\u00e9<\/h2>\n\n\n\n<p>In Blanca Cusin\u00e9 cava, the traditional <strong>xarel.lo<\/strong> variety is reunited with two historic varieties in the world of sparkling wines, chardonnay, and pinot noir. All of them take on their own nuances due to the influence of the climate and the terroir of the Pened\u00e8s mountains, in our Les Valls estate.<\/p>\n<\/div><\/div>\n\n\n\n<div class=\"wp-block-buttons pb-3 is-layout-flex wp-block-buttons-is-layout-flex\">\n<div class=\"wp-block-button is-style-fill rounded-btn\"><a class=\"wp-block-button__link has-text-color has-background wp-element-button\" href=\"https:\/\/paresbalta.com\/en\/shop\/vino-ecologico-biodinamico\/blanca-cusine-gran-reserva-brut-nature\/\" style=\"color:#cfccc7;background-color:#524138\">More information<\/a><\/div>\n<\/div>\n<\/div>\n\n\n\n<div class=\"wp-block-column is-layout-flow wp-block-column-is-layout-flow\">\n<figure class=\"wp-block-image size-large is-style-default\"><a href=\"\/tienda\/vino-ecologico-biodinamico\/cava-vino-espumoso\/rosa-cusine-rose-gran-reserva-brut-nature\/\"><img loading=\"lazy\" decoding=\"async\" width=\"1024\" height=\"683\" src=\"https:\/\/paresbalta.com\/wp-content\/uploads\/2022\/05\/IMG_0858-1024x683.jpg\" alt=\"\" class=\"wp-image-1862\" srcset=\"https:\/\/paresbalta.com\/wp-content\/uploads\/2022\/05\/IMG_0858-1024x683.jpg 1024w, https:\/\/paresbalta.com\/wp-content\/uploads\/2022\/05\/IMG_0858-300x200.jpg 300w, https:\/\/paresbalta.com\/wp-content\/uploads\/2022\/05\/IMG_0858-600x400.jpg 600w, https:\/\/paresbalta.com\/wp-content\/uploads\/2022\/05\/IMG_0858-768x512.jpg 768w, https:\/\/paresbalta.com\/wp-content\/uploads\/2022\/05\/IMG_0858-1536x1024.jpg 1536w, https:\/\/paresbalta.com\/wp-content\/uploads\/2022\/05\/IMG_0858-2048x1366.jpg 2048w, https:\/\/paresbalta.com\/wp-content\/uploads\/2022\/05\/IMG_0858-100x67.jpg 100w\" sizes=\"auto, (max-width: 1024px) 100vw, 1024px\" \/><\/a><\/figure>\n\n\n\n<div class=\"wp-block-group pt-2\"><div class=\"wp-block-group__inner-container is-layout-flow wp-block-group-is-layout-flow\">\n<h2 class=\"wp-block-heading\">Rosa Cusin\u00e9<\/h2>\n\n\n\n<p>Rosa Cusin\u00e9 is a long-aged single-varietal sparkling wine made exclusively with the <strong>Grenache<\/strong> variety. With this cava we want to vindicate the great potential of this variety so deeply rooted in our heritage and thus recover the memory of our ancestors.<\/p>\n<\/div><\/div>\n\n\n\n<div class=\"wp-block-buttons pb-3 is-layout-flex wp-block-buttons-is-layout-flex\">\n<div class=\"wp-block-button is-style-fill rounded-btn\"><a class=\"wp-block-button__link has-text-color has-background wp-element-button\" href=\"https:\/\/paresbalta.com\/en\/shop\/vino-ecologico-biodinamico\/cava-vino-espumoso\/rosa-cusine-rose-gran-reserva-brut-nature\/\" style=\"color:#cfccc7;background-color:#524138\">More information<\/a><\/div>\n<\/div>\n<\/div>\n\n\n\n<div class=\"wp-block-column is-layout-flow wp-block-column-is-layout-flow\">\n<figure class=\"wp-block-image size-full is-style-default\"><a href=\"https:\/\/paresbalta.com\/en\/shop\/vino-ecologico-biodinamico\/cava-vino-espumoso\/cuvee-de-carol-gran-reserva-brut-nature\/\"><img loading=\"lazy\" decoding=\"async\" width=\"1024\" height=\"683\" src=\"https:\/\/paresbalta.com\/wp-content\/uploads\/2022\/05\/IMG_0809-1.jpg\" alt=\"\" class=\"wp-image-1871\" srcset=\"https:\/\/paresbalta.com\/wp-content\/uploads\/2022\/05\/IMG_0809-1.jpg 1024w, https:\/\/paresbalta.com\/wp-content\/uploads\/2022\/05\/IMG_0809-1-300x200.jpg 300w, https:\/\/paresbalta.com\/wp-content\/uploads\/2022\/05\/IMG_0809-1-600x400.jpg 600w, https:\/\/paresbalta.com\/wp-content\/uploads\/2022\/05\/IMG_0809-1-768x512.jpg 768w, https:\/\/paresbalta.com\/wp-content\/uploads\/2022\/05\/IMG_0809-1-100x67.jpg 100w\" sizes=\"auto, (max-width: 1024px) 100vw, 1024px\" \/><\/a><\/figure>\n\n\n\n<div class=\"wp-block-group pt-2\"><div class=\"wp-block-group__inner-container is-layout-flow wp-block-group-is-layout-flow\">\n<h2 class=\"wp-block-heading\">Cuv\u00e9e de Carol<\/h2>\n\n\n\n<p>Cuv\u00e9e de Carol is a cava with an irresistible personality that will satisfy the most exquisite palates. It is made mainly with the traditional variety of cava, the <strong>macabeo<\/strong> from Cal Jepet, an old vineyard of the Cal Miret estate.<\/p>\n<\/div><\/div>\n\n\n\n<div class=\"wp-block-buttons pb-3 is-layout-flex wp-block-buttons-is-layout-flex\">\n<div class=\"wp-block-button is-style-fill rounded-btn\"><a class=\"wp-block-button__link has-text-color has-background wp-element-button\" href=\"https:\/\/paresbalta.com\/en\/shop\/vino-ecologico-biodinamico\/cava-vino-espumoso\/cuvee-de-carol-gran-reserva-brut-nature\/\" style=\"color:#cfccc7;background-color:#524138\">More information<\/a><\/div>\n<\/div>\n<\/div>\n<\/div>\n\n\n\n<div style=\"height:80px\" aria-hidden=\"true\" class=\"wp-block-spacer\"><\/div>\n\n\n\n<div class=\"wp-block-columns is-layout-flex wp-container-core-columns-is-layout-9d6595d7 wp-block-columns-is-layout-flex\">\n<div class=\"wp-block-column is-layout-flow wp-block-column-is-layout-flow\" style=\"flex-basis:100%\">\n<h2 class=\"wp-block-heading has-text-align-center\">Our classics<\/h2>\n<\/div>\n<\/div>\n\n\n\n<div class=\"wp-block-columns px-3 px-md-5 info-cols info-btns is-layout-flex wp-container-core-columns-is-layout-9d6595d7 wp-block-columns-is-layout-flex\">\n<div class=\"wp-block-column is-layout-flow wp-block-column-is-layout-flow\">\n<figure class=\"wp-block-image size-full is-style-default\"><img loading=\"lazy\" decoding=\"async\" width=\"2132\" height=\"1425\" src=\"https:\/\/paresbalta.com\/wp-content\/uploads\/2024\/02\/vino-historic-pares-balta.jpg\" alt=\"\" class=\"wp-image-179442\" srcset=\"https:\/\/paresbalta.com\/wp-content\/uploads\/2024\/02\/vino-historic-pares-balta.jpg 2132w, https:\/\/paresbalta.com\/wp-content\/uploads\/2024\/02\/vino-historic-pares-balta-300x201.jpg 300w, https:\/\/paresbalta.com\/wp-content\/uploads\/2024\/02\/vino-historic-pares-balta-600x401.jpg 600w, https:\/\/paresbalta.com\/wp-content\/uploads\/2024\/02\/vino-historic-pares-balta-1024x684.jpg 1024w, https:\/\/paresbalta.com\/wp-content\/uploads\/2024\/02\/vino-historic-pares-balta-768x513.jpg 768w, https:\/\/paresbalta.com\/wp-content\/uploads\/2024\/02\/vino-historic-pares-balta-1536x1027.jpg 1536w, https:\/\/paresbalta.com\/wp-content\/uploads\/2024\/02\/vino-historic-pares-balta-2048x1369.jpg 2048w, https:\/\/paresbalta.com\/wp-content\/uploads\/2024\/02\/vino-historic-pares-balta-100x67.jpg 100w\" sizes=\"auto, (max-width: 2132px) 100vw, 2132px\" \/><\/figure>\n\n\n\n<div class=\"wp-block-group pt-2\"><div class=\"wp-block-group__inner-container is-layout-flow wp-block-group-is-layout-flow\">\n<h2 class=\"wp-block-heading\">Cava Historic<\/h2>\n\n\n\n<p>The traditional blend of the native varieties Xarel\u00b7lo, Macabeu and Parellada that our grandfather always made with his favorite Cal Miret vineyards, and that we wanted to recover in honor of the history of our region.<\/p>\n<\/div><\/div>\n\n\n\n<div class=\"wp-block-buttons pb-3 is-layout-flex wp-block-buttons-is-layout-flex\">\n<div class=\"wp-block-button is-style-fill rounded-btn\"><a class=\"wp-block-button__link has-text-color has-background wp-element-button\" href=\"https:\/\/paresbalta.com\/en\/shop\/organic-biodynamic-wine\/cavas-sparkling-wine\/cava-historic\/\" style=\"color:#cfccc7;background-color:#524138\">More information<\/a><\/div>\n<\/div>\n<\/div>\n\n\n\n<div class=\"wp-block-column is-layout-flow wp-block-column-is-layout-flow\">\n<figure class=\"wp-block-image size-full is-style-default\"><img loading=\"lazy\" decoding=\"async\" width=\"1024\" height=\"683\" src=\"https:\/\/paresbalta.com\/wp-content\/uploads\/2022\/05\/Pare\u0301sBalta\u0300-Brut-Nature-1.jpg\" alt=\"\" class=\"wp-image-1886\" srcset=\"https:\/\/paresbalta.com\/wp-content\/uploads\/2022\/05\/Pare\u0301sBalta\u0300-Brut-Nature-1.jpg 1024w, https:\/\/paresbalta.com\/wp-content\/uploads\/2022\/05\/Pare\u0301sBalta\u0300-Brut-Nature-1-300x200.jpg 300w, https:\/\/paresbalta.com\/wp-content\/uploads\/2022\/05\/Pare\u0301sBalta\u0300-Brut-Nature-1-600x400.jpg 600w, https:\/\/paresbalta.com\/wp-content\/uploads\/2022\/05\/Pare\u0301sBalta\u0300-Brut-Nature-1-768x512.jpg 768w, https:\/\/paresbalta.com\/wp-content\/uploads\/2022\/05\/Pare\u0301sBalta\u0300-Brut-Nature-1-100x67.jpg 100w\" sizes=\"auto, (max-width: 1024px) 100vw, 1024px\" \/><\/figure>\n\n\n\n<div class=\"wp-block-group pt-2\"><div class=\"wp-block-group__inner-container is-layout-flow wp-block-group-is-layout-flow\">\n<h2 class=\"wp-block-heading\">Cava Brut Nature<\/h2>\n\n\n\n<p>Brut Nature by Par\u00e9s Balt\u00e0 is a cava with a contemporary attitude, where the fruit and freshness of classically produced cavas is maintained, but in which the body provided by the <strong>xarel\u00b7lo<\/strong> gains prominence, thus increasing its aromatic complexity.<\/p>\n<\/div><\/div>\n\n\n\n<div class=\"wp-block-buttons pb-3 is-layout-flex wp-block-buttons-is-layout-flex\">\n<div class=\"wp-block-button is-style-fill rounded-btn\"><a class=\"wp-block-button__link has-text-color has-background wp-element-button\" href=\"https:\/\/paresbalta.com\/en\/shop\/organic-biodynamic-wine\/cavas-sparkling-wine\/brut-nature-reserva\/\" style=\"color:#cfccc7;background-color:#524138\">More information<\/a><\/div>\n<\/div>\n<\/div>\n\n\n\n<div class=\"wp-block-column is-layout-flow wp-block-column-is-layout-flow\">\n<figure class=\"wp-block-image size-full is-style-default\"><img loading=\"lazy\" decoding=\"async\" width=\"1024\" height=\"683\" src=\"https:\/\/paresbalta.com\/wp-content\/uploads\/2022\/05\/BRUT-2.jpg\" alt=\"\" class=\"wp-image-1889\" srcset=\"https:\/\/paresbalta.com\/wp-content\/uploads\/2022\/05\/BRUT-2.jpg 1024w, https:\/\/paresbalta.com\/wp-content\/uploads\/2022\/05\/BRUT-2-300x200.jpg 300w, https:\/\/paresbalta.com\/wp-content\/uploads\/2022\/05\/BRUT-2-600x400.jpg 600w, https:\/\/paresbalta.com\/wp-content\/uploads\/2022\/05\/BRUT-2-768x512.jpg 768w, https:\/\/paresbalta.com\/wp-content\/uploads\/2022\/05\/BRUT-2-100x67.jpg 100w\" sizes=\"auto, (max-width: 1024px) 100vw, 1024px\" \/><\/figure>\n\n\n\n<div class=\"wp-block-group pt-2\"><div class=\"wp-block-group__inner-container is-layout-flow wp-block-group-is-layout-flow\">\n<h2 class=\"wp-block-heading\">Cava Brut<\/h2>\n\n\n\n<p>Par\u00e9s Balt\u00e0\u2019s Brut cava is a blend of the three traditional varieties of the Pened\u00e8s: <strong>Parellada<\/strong>, <strong>Macabeu<\/strong> and <strong>Xarel\u00b7lo<\/strong>. The parellada, from the highest mountains of the region, provides the freshness, the macabeu gives us the fruit and the xarel\u00b7lo gives us the body.<\/p>\n<\/div><\/div>\n\n\n\n<div class=\"wp-block-buttons pb-3 is-layout-flex wp-block-buttons-is-layout-flex\">\n<div class=\"wp-block-button is-style-fill rounded-btn\"><a class=\"wp-block-button__link has-text-color has-background wp-element-button\" href=\"https:\/\/paresbalta.com\/en\/shop\/organic-biodynamic-wine\/cavas-sparkling-wine\/brut-reserva\/\" style=\"color:#cfccc7;background-color:#524138\">More information<\/a><\/div>\n<\/div>\n<\/div>\n<\/div>\n\n\n\n<div style=\"height:80px\" aria-hidden=\"true\" class=\"wp-block-spacer\"><\/div>\n\n\n\n<div class=\"wp-block-columns alignfull block-cols is-layout-flex wp-container-core-columns-is-layout-9d6595d7 wp-block-columns-is-layout-flex\" id=\"les-valls-les-torres\">\n<div class=\"wp-block-column image-column col-md-6 col-lg-8 is-layout-flow wp-block-column-is-layout-flow\">\n<figure class=\"wp-block-image size-full\"><img loading=\"lazy\" decoding=\"async\" width=\"2500\" height=\"1667\" src=\"https:\/\/paresbalta.com\/wp-content\/uploads\/2022\/04\/ParesBalta38.jpg\" alt=\"\" class=\"wp-image-643\" srcset=\"https:\/\/paresbalta.com\/wp-content\/uploads\/2022\/04\/ParesBalta38.jpg 2500w, https:\/\/paresbalta.com\/wp-content\/uploads\/2022\/04\/ParesBalta38-300x200.jpg 300w, https:\/\/paresbalta.com\/wp-content\/uploads\/2022\/04\/ParesBalta38-600x400.jpg 600w, https:\/\/paresbalta.com\/wp-content\/uploads\/2022\/04\/ParesBalta38-1024x683.jpg 1024w, https:\/\/paresbalta.com\/wp-content\/uploads\/2022\/04\/ParesBalta38-768x512.jpg 768w, https:\/\/paresbalta.com\/wp-content\/uploads\/2022\/04\/ParesBalta38-1536x1024.jpg 1536w, https:\/\/paresbalta.com\/wp-content\/uploads\/2022\/04\/ParesBalta38-2048x1366.jpg 2048w, https:\/\/paresbalta.com\/wp-content\/uploads\/2022\/04\/ParesBalta38-100x67.jpg 100w\" sizes=\"auto, (max-width: 2500px) 100vw, 2500px\" \/><\/figure>\n<\/div>\n\n\n\n<div class=\"wp-block-column text-column col-md-6 col-lg-4 has-background is-layout-flow wp-block-column-is-layout-flow\" style=\"background-color:#cfccc7\">\n<div class=\"wp-block-group align-middle-items\"><div class=\"wp-block-group__inner-container is-layout-flow wp-block-group-is-layout-flow\">\n<h2 class=\"wp-block-heading has-text-align-left\">We are winemakers with a long winemaking tradition.<\/h2>\n\n\n\n<p><strong>We make organic cava using the traditional grapes of Penedes. Our commitment: quality and respect for nature.<\/strong><\/p>\n\n\n\n<p>All our sparkling wines come from grapes grown on our 5 estates of the Penedes. All of them have been farmed using <strong>biodynamic<\/strong> practices since 2012 and ecological since 2002. To maintain the highest quality of the grapes, the harvest is carried out entirely by hand, and in some historical vineyards, only using small boxes of 25 kg.<br><br>We vinify our organic and biodynamic sparkling wine according to the traditional method or <strong>champanoise<\/strong>, undergoing a second fermentation in the bottle.<br>In Par\u00e9s Balta, we produce a wide range of long-aged sparkling wines, some of them can remain in the winery for up to 100 months, these are the Cavas Microcuv\u00e9e, <a href=\"https:\/\/paresbalta.com\/en\/shop\/vino-ecologico-biodinamico\/blanca-cusine-gran-reserva-brut-nature\/\" data-type=\"product\" data-id=\"5278\">Blanca Cusin\u00e9<\/a>, <a href=\"https:\/\/paresbalta.com\/en\/shop\/vino-ecologico-biodinamico\/cava-vino-espumoso\/rosa-cusine-rose-gran-reserva-brut-nature\/\" data-type=\"product\" data-id=\"5255\">Rosa Cusin\u00e9<\/a> and <a href=\"https:\/\/paresbalta.com\/en\/shop\/vino-ecologico-biodinamico\/cava-vino-espumoso\/cuvee-de-carol-gran-reserva-brut-nature\/\" data-type=\"product\" data-id=\"5253\">Cuv\u00e9e de Carol<\/a>.<\/p>\n<\/div><\/div>\n<\/div>\n<\/div>\n","protected":false},"excerpt":{"rendered":"<p>The sparkling wines of Par\u00e9s Balt\u00e0 Cava MicroCuv\u00e9e Small batch brut nature vintage sparkling wines with long aging Blanca Cusin\u00e9 In Blanca Cusin\u00e9 cava, the traditional xarel.lo variety is reunited with two historic varieties in the world of sparkling wines, chardonnay, and pinot noir. All of them take on their own nuances due to the&#8230;<\/p>\n<p><a class=\"btn btn-secondary understrap-read-more-link\" href=\"https:\/\/paresbalta.com\/en\/cava-sparkling-wine-organic-biodynamic\/\">Read More&#8230;<span class=\"screen-reader-text\"> from Cavas<\/span><\/a><\/p>\n","protected":false},"author":1,"featured_media":0,"parent":0,"menu_order":0,"comment_status":"closed","ping_status":"closed","template":"","meta":{"_acf_changed":false,"footnotes":""},"class_list":["post-5131","page","type-page","status-publish","hentry"],"acf":[],"_links":{"self":[{"href":"https:\/\/paresbalta.com\/en\/wp-json\/wp\/v2\/pages\/5131","targetHints":{"allow":["GET"]}}],"collection":[{"href":"https:\/\/paresbalta.com\/en\/wp-json\/wp\/v2\/pages"}],"about":[{"href":"https:\/\/paresbalta.com\/en\/wp-json\/wp\/v2\/types\/page"}],"author":[{"embeddable":true,"href":"https:\/\/paresbalta.com\/en\/wp-json\/wp\/v2\/users\/1"}],"replies":[{"embeddable":true,"href":"https:\/\/paresbalta.com\/en\/wp-json\/wp\/v2\/comments?post=5131"}],"version-history":[{"count":14,"href":"https:\/\/paresbalta.com\/en\/wp-json\/wp\/v2\/pages\/5131\/revisions"}],"predecessor-version":[{"id":179446,"href":"https:\/\/paresbalta.com\/en\/wp-json\/wp\/v2\/pages\/5131\/revisions\/179446"}],"wp:attachment":[{"href":"https:\/\/paresbalta.com\/en\/wp-json\/wp\/v2\/media?parent=5131"}],"curies":[{"name":"wp","href":"https:\/\/api.w.org\/{rel}","templated":true}]}}