{"id":5279,"date":"2022-05-04T07:50:46","date_gmt":"2022-05-04T07:50:46","guid":{"rendered":"https:\/\/paresbalta.com\/shop\/Sense%20categoria\/blanca-cusine-gran-reserva-brut-nature\/"},"modified":"2025-06-17T10:38:14","modified_gmt":"2025-06-17T08:38:14","slug":"blanca-cusine-brut-nature-gran-reserva","status":"publish","type":"product","link":"https:\/\/paresbalta.com\/ca\/botiga\/vi-ecologic-biodinamic\/cava-escumos\/blanca-cusine-brut-nature-gran-reserva\/","title":{"rendered":"Blanca Cusin\u00e9"},"content":{"rendered":"","protected":false},"excerpt":{"rendered":"<h2>Cava Brut Nature Gran Reserva<\/h2>\n<p>A Blanca Cusin\u00e9 la tradicional varietat Xarel.lo es retroba amb dues varietats hist\u00f2riques del m\u00f3n dels espumosos, Chardonnay i la Pinot Noir. Totes elles sota la influ\u00e8ncia del clima i del terrer de les muntanyes altes del Pened\u00e8s.<\/p>\n<p>El Pinot Noir elaborat com a &#8220;blanc de noir&#8221; ens ofereix un producte on la finesa i l&#8217;eleg\u00e0ncia parlen per si mateixes&#8230;.<\/p>\n<p><a class=\"btn btn-secondary understrap-read-more-link\" href=\"https:\/\/paresbalta.com\/ca\/botiga\/vi-ecologic-biodinamic\/cava-escumos\/blanca-cusine-brut-nature-gran-reserva\/\">Llegeix m\u00e9s<span class=\"screen-reader-text\"> from Blanca Cusin\u00e9<\/span><\/a><\/p>\n","protected":false},"featured_media":283666,"template":"","meta":{"_acf_changed":false},"product_brand":[],"product_cat":[589,443,453],"product_tag":[444],"class_list":{"0":"post-5279","1":"product","2":"type-product","3":"status-publish","4":"has-post-thumbnail","6":"product_cat-ampolles","7":"product_cat-cava-escumos","8":"product_cat-vi-ecologic-biodinamic","9":"product_tag-cavas-y-espumosos-ca","10":"product_shipping_class-std","11":"pa_anyada-2019-3-ca","12":"pa_color-blanc-es-ca","13":"pa_denominacio-dorigen-do-cava-ca","14":"pa_mida-075l-es-ca","16":"first","17":"instock","18":"taxable","19":"shipping-taxable","20":"purchasable","21":"product-type-simple"},"booking_location":null,"booking_location_type":null,"booking_duration":null,"booking_duration_unit":null,"booking_buffer":null,"booking_cost":null,"booking_resources":null,"group_of_quantity":0,"min_quantity":0,"max_quantity":"","exclude_order_quantity_value_rules":"no","exclude_category_quantity_rules":"no","combine_variations":"no","exclude_global_add_ons":[],"addons":[],"acf":[],"_links":{"self":[{"href":"https:\/\/paresbalta.com\/ca\/wp-json\/wp\/v2\/product\/5279","targetHints":{"allow":["GET"]}}],"collection":[{"href":"https:\/\/paresbalta.com\/ca\/wp-json\/wp\/v2\/product"}],"about":[{"href":"https:\/\/paresbalta.com\/ca\/wp-json\/wp\/v2\/types\/product"}],"wp:featuredmedia":[{"embeddable":true,"href":"https:\/\/paresbalta.com\/ca\/wp-json\/wp\/v2\/media\/283666"}],"wp:attachment":[{"href":"https:\/\/paresbalta.com\/ca\/wp-json\/wp\/v2\/media?parent=5279"}],"wp:term":[{"taxonomy":"product_brand","embeddable":true,"href":"https:\/\/paresbalta.com\/ca\/wp-json\/wp\/v2\/product_brand?post=5279"},{"taxonomy":"product_cat","embeddable":true,"href":"https:\/\/paresbalta.com\/ca\/wp-json\/wp\/v2\/product_cat?post=5279"},{"taxonomy":"product_tag","embeddable":true,"href":"https:\/\/paresbalta.com\/ca\/wp-json\/wp\/v2\/product_tag?post=5279"}],"curies":[{"name":"wp","href":"https:\/\/api.w.org\/{rel}","templated":true}]}}