{"id":5271,"date":"2022-05-04T10:09:31","date_gmt":"2022-05-04T10:09:31","guid":{"rendered":"https:\/\/paresbalta.com\/shop\/Sense%20categoria\/honeymoon-afrutado\/"},"modified":"2026-02-18T11:13:32","modified_gmt":"2026-02-18T10:13:32","slug":"honeymoon-afruitat","status":"publish","type":"product","link":"https:\/\/paresbalta.com\/ca\/botiga\/vi-ecologic-biodinamic\/origen-vi-jove-vega\/honeymoon-afruitat\/","title":{"rendered":"Honeymoon"},"content":{"rendered":"","protected":false},"excerpt":{"rendered":"<p>Del m\u00e9s arom\u00e0tic ra\u00efm sorgeix el nostre Honeymoon.<\/p>\n<p>Un vi blanc lleugerament abocat que ens transporta a les muntanyes m\u00e9s altes del Pened\u00e8s. La frescor del seu microclima mant\u00e9 les seves aromes fins al final del proc\u00e9s de maduraci\u00f3 i nosaltres ens encarreguem de portar-les fins a la copa&#8230;.<\/p>\n<p><a class=\"btn btn-secondary understrap-read-more-link\" href=\"https:\/\/paresbalta.com\/ca\/botiga\/vi-ecologic-biodinamic\/origen-vi-jove-vega\/honeymoon-afruitat\/\">Llegeix m\u00e9s<span class=\"screen-reader-text\"> from Honeymoon<\/span><\/a><\/p>\n","protected":false},"featured_media":1987,"template":"","meta":{"_acf_changed":false},"product_brand":[],"product_cat":[589,457],"product_tag":[350],"class_list":{"0":"post-5271","1":"product","2":"type-product","3":"status-publish","4":"has-post-thumbnail","6":"product_cat-ampolles","7":"product_cat-origen-vi-jove-vega","8":"product_tag-vinos-ca","9":"product_shipping_class-std","10":"pa_anyada-2025-cat","11":"pa_color-blanc-es-ca","12":"pa_mida-075l-es-ca","14":"first","15":"instock","16":"taxable","17":"shipping-taxable","18":"purchasable","19":"product-type-simple"},"booking_location":null,"booking_location_type":null,"booking_duration":null,"booking_duration_unit":null,"booking_buffer":null,"booking_cost":null,"booking_resources":null,"group_of_quantity":0,"min_quantity":0,"max_quantity":"","exclude_order_quantity_value_rules":"no","exclude_category_quantity_rules":"no","combine_variations":"no","exclude_global_add_ons":[],"addons":[],"acf":[],"_links":{"self":[{"href":"https:\/\/paresbalta.com\/ca\/wp-json\/wp\/v2\/product\/5271","targetHints":{"allow":["GET"]}}],"collection":[{"href":"https:\/\/paresbalta.com\/ca\/wp-json\/wp\/v2\/product"}],"about":[{"href":"https:\/\/paresbalta.com\/ca\/wp-json\/wp\/v2\/types\/product"}],"wp:featuredmedia":[{"embeddable":true,"href":"https:\/\/paresbalta.com\/ca\/wp-json\/wp\/v2\/media\/1987"}],"wp:attachment":[{"href":"https:\/\/paresbalta.com\/ca\/wp-json\/wp\/v2\/media?parent=5271"}],"wp:term":[{"taxonomy":"product_brand","embeddable":true,"href":"https:\/\/paresbalta.com\/ca\/wp-json\/wp\/v2\/product_brand?post=5271"},{"taxonomy":"product_cat","embeddable":true,"href":"https:\/\/paresbalta.com\/ca\/wp-json\/wp\/v2\/product_cat?post=5271"},{"taxonomy":"product_tag","embeddable":true,"href":"https:\/\/paresbalta.com\/ca\/wp-json\/wp\/v2\/product_tag?post=5271"}],"curies":[{"name":"wp","href":"https:\/\/api.w.org\/{rel}","templated":true}]}}