{"id":5254,"date":"2022-05-04T14:24:30","date_gmt":"2022-05-04T14:24:30","guid":{"rendered":"https:\/\/paresbalta.com\/shop\/Sense%20categoria\/rosa-cusine-rose-gran-reserva-brut-nature\/"},"modified":"2025-12-03T10:33:06","modified_gmt":"2025-12-03T09:33:06","slug":"rosa-cusine-brut-nature-gran-reserva","status":"publish","type":"product","link":"https:\/\/paresbalta.com\/ca\/botiga\/vi-ecologic-biodinamic\/cava-escumos\/rosa-cusine-brut-nature-gran-reserva\/","title":{"rendered":"Rosa Cusin\u00e9"},"content":{"rendered":"","protected":false},"excerpt":{"rendered":"<p>La Garnatxa Negra sota la influ\u00e8ncia del microclima i del terroir de les muntanyes altes del Pened\u00e8s, i elaborada com a cava rosat per recuperar una varietat nostra, en una sinergia d&#8217;eleg\u00e0ncia, estructura i sedositat, que la fan \u00fanica.<\/p>\n<p>Dedicat al treball de tota una vida, a la saviesa, energia i vitalitat de la iaia Rosa&#8230;.<\/p>\n<p><a class=\"btn btn-secondary understrap-read-more-link\" href=\"https:\/\/paresbalta.com\/ca\/botiga\/vi-ecologic-biodinamic\/cava-escumos\/rosa-cusine-brut-nature-gran-reserva\/\">Llegeix m\u00e9s<span class=\"screen-reader-text\"> from Rosa Cusin\u00e9<\/span><\/a><\/p>\n","protected":false},"featured_media":283534,"template":"","meta":{"_acf_changed":false},"product_brand":[],"product_cat":[589,443,453],"product_tag":[444],"class_list":{"0":"post-5254","1":"product","2":"type-product","3":"status-publish","4":"has-post-thumbnail","6":"product_cat-ampolles","7":"product_cat-cava-escumos","8":"product_cat-vi-ecologic-biodinamic","9":"product_tag-cavas-y-espumosos-ca","10":"product_shipping_class-std","11":"pa_anyada-2021-ca-2","12":"pa_color-rosat-es-ca","13":"pa_denominacio-dorigen-do-cava-ca","14":"pa_mida-075l-es-ca","16":"first","17":"instock","18":"taxable","19":"shipping-taxable","20":"purchasable","21":"product-type-simple"},"booking_location":null,"booking_location_type":null,"booking_duration":null,"booking_duration_unit":null,"booking_buffer":null,"booking_cost":null,"booking_resources":null,"group_of_quantity":0,"min_quantity":0,"max_quantity":"","exclude_order_quantity_value_rules":"no","exclude_category_quantity_rules":"no","combine_variations":"no","exclude_global_add_ons":[],"addons":[],"acf":[],"_links":{"self":[{"href":"https:\/\/paresbalta.com\/ca\/wp-json\/wp\/v2\/product\/5254","targetHints":{"allow":["GET"]}}],"collection":[{"href":"https:\/\/paresbalta.com\/ca\/wp-json\/wp\/v2\/product"}],"about":[{"href":"https:\/\/paresbalta.com\/ca\/wp-json\/wp\/v2\/types\/product"}],"wp:featuredmedia":[{"embeddable":true,"href":"https:\/\/paresbalta.com\/ca\/wp-json\/wp\/v2\/media\/283534"}],"wp:attachment":[{"href":"https:\/\/paresbalta.com\/ca\/wp-json\/wp\/v2\/media?parent=5254"}],"wp:term":[{"taxonomy":"product_brand","embeddable":true,"href":"https:\/\/paresbalta.com\/ca\/wp-json\/wp\/v2\/product_brand?post=5254"},{"taxonomy":"product_cat","embeddable":true,"href":"https:\/\/paresbalta.com\/ca\/wp-json\/wp\/v2\/product_cat?post=5254"},{"taxonomy":"product_tag","embeddable":true,"href":"https:\/\/paresbalta.com\/ca\/wp-json\/wp\/v2\/product_tag?post=5254"}],"curies":[{"name":"wp","href":"https:\/\/api.w.org\/{rel}","templated":true}]}}