{"id":5252,"date":"2022-05-04T14:30:48","date_gmt":"2022-05-04T14:30:48","guid":{"rendered":"https:\/\/paresbalta.com\/shop\/Sense%20categoria\/cuvee-de-carol-gran-reserva-brut-nature\/"},"modified":"2025-01-03T12:17:12","modified_gmt":"2025-01-03T11:17:12","slug":"cuvee-de-carol-gran-reserva-brut-nature","status":"publish","type":"product","link":"https:\/\/paresbalta.com\/ca\/botiga\/vi-ecologic-biodinamic\/cava-escumos\/cuvee-de-carol-gran-reserva-brut-nature\/","title":{"rendered":"Cuv\u00e9e de Carol"},"content":{"rendered":"","protected":false},"excerpt":{"rendered":"<p>Cuv\u00e9e de Carol \u00e9s un cava amb una personalitat irresistible que satisf\u00e0 als paladars m\u00e9s exquisits. Elaborat amb els millors ra\u00efms de cada anyada, cultivats en al\u00e7ada de forma ecol\u00f2gica. Com a resultat, un cava estructurat i complex que permet un envelliment molt llarg&#8230;.<\/p>\n<p><a class=\"btn btn-secondary understrap-read-more-link\" href=\"https:\/\/paresbalta.com\/ca\/botiga\/vi-ecologic-biodinamic\/cava-escumos\/cuvee-de-carol-gran-reserva-brut-nature\/\">Llegeix m\u00e9s<span class=\"screen-reader-text\"> from Cuv\u00e9e de Carol<\/span><\/a><\/p>\n","protected":false},"featured_media":292660,"template":"","meta":{"_acf_changed":false},"product_brand":[],"product_cat":[589,443],"product_tag":[444],"class_list":{"0":"post-5252","1":"product","2":"type-product","3":"status-publish","4":"has-post-thumbnail","6":"product_cat-ampolles","7":"product_cat-cava-escumos","8":"product_tag-cavas-y-espumosos-ca","9":"product_shipping_class-std","10":"pa_anyada-anyada-2015-es-ca","11":"pa_color-blanc-es-ca","12":"pa_denominacio-dorigen-do-cava-ca","13":"pa_mida-075l-es-ca","15":"first","16":"instock","17":"taxable","18":"shipping-taxable","19":"purchasable","20":"product-type-simple"},"booking_location":null,"booking_location_type":null,"booking_duration":null,"booking_duration_unit":null,"booking_buffer":null,"booking_cost":null,"booking_resources":null,"group_of_quantity":0,"min_quantity":0,"max_quantity":"","exclude_order_quantity_value_rules":"no","exclude_category_quantity_rules":"no","combine_variations":"no","exclude_global_add_ons":[],"addons":[],"acf":[],"_links":{"self":[{"href":"https:\/\/paresbalta.com\/ca\/wp-json\/wp\/v2\/product\/5252","targetHints":{"allow":["GET"]}}],"collection":[{"href":"https:\/\/paresbalta.com\/ca\/wp-json\/wp\/v2\/product"}],"about":[{"href":"https:\/\/paresbalta.com\/ca\/wp-json\/wp\/v2\/types\/product"}],"wp:featuredmedia":[{"embeddable":true,"href":"https:\/\/paresbalta.com\/ca\/wp-json\/wp\/v2\/media\/292660"}],"wp:attachment":[{"href":"https:\/\/paresbalta.com\/ca\/wp-json\/wp\/v2\/media?parent=5252"}],"wp:term":[{"taxonomy":"product_brand","embeddable":true,"href":"https:\/\/paresbalta.com\/ca\/wp-json\/wp\/v2\/product_brand?post=5252"},{"taxonomy":"product_cat","embeddable":true,"href":"https:\/\/paresbalta.com\/ca\/wp-json\/wp\/v2\/product_cat?post=5252"},{"taxonomy":"product_tag","embeddable":true,"href":"https:\/\/paresbalta.com\/ca\/wp-json\/wp\/v2\/product_tag?post=5252"}],"curies":[{"name":"wp","href":"https:\/\/api.w.org\/{rel}","templated":true}]}}