{"id":5232,"date":"2022-05-06T10:34:09","date_gmt":"2022-05-06T10:34:09","guid":{"rendered":"https:\/\/paresbalta.com\/shop\/Sense%20categoria\/neolitic-sumoll-vino-natural-sin-sulfitos\/"},"modified":"2025-12-03T10:35:52","modified_gmt":"2025-12-03T09:35:52","slug":"neolitic-sumoll-sense-sulfits","status":"publish","type":"product","link":"https:\/\/paresbalta.com\/ca\/botiga\/vi-ecologic-biodinamic\/microcuvee-vi-de-finca\/neolitic-sumoll-sense-sulfits\/","title":{"rendered":"Neol\u00edtic"},"content":{"rendered":"","protected":false},"excerpt":{"rendered":"<h2>Microcuv\u00e9e<\/h2>\n<p>El Brutus del Pened\u00e8s<\/p>\n<p>Amb aquest vi de Sumoll retrobem la rusticitat del Pened\u00e8s; la fortalesa dels tanins vestits amb lleugeresa, que ens recorda al Brutus per\u00f2 disfressat d&#8217;Olivia. Un vi ecol\u00f2gic que al ser degustat transmet amb for\u00e7a una vibraci\u00f3 el\u00e8ctrica.<\/p>\n<p>Esclat de color i fruita vermella que t&#8217;enamora al primer glop.<\/p>\n<h4><strong><span style=\"color: #800000;\">Fora d&#8217;estoc<\/span><\/strong><\/h4>\n<p>&#8230;<\/p>\n<p><a class=\"btn btn-secondary understrap-read-more-link\" href=\"https:\/\/paresbalta.com\/ca\/botiga\/vi-ecologic-biodinamic\/microcuvee-vi-de-finca\/neolitic-sumoll-sense-sulfits\/\">Llegeix m\u00e9s<span class=\"screen-reader-text\"> from Neol\u00edtic<\/span><\/a><\/p>\n","protected":false},"featured_media":2216,"template":"","meta":{"_acf_changed":false},"product_brand":[],"product_cat":[589,425],"product_tag":[350],"class_list":{"0":"post-5232","1":"product","2":"type-product","3":"status-publish","4":"has-post-thumbnail","6":"product_cat-ampolles","7":"product_cat-microcuvee-vi-de-finca","8":"product_tag-vinos-ca","9":"product_shipping_class-std","10":"pa_altres-caracteristiques-sense-sulfits-es-ca","11":"pa_anyada-anyada-2024-cat","12":"pa_color-negre-es-ca","13":"pa_denominacio-dorigen-penedes-ca","14":"pa_mida-075l-es-ca","16":"first","17":"instock","18":"taxable","19":"shipping-taxable","20":"purchasable","21":"product-type-simple"},"booking_location":null,"booking_location_type":null,"booking_duration":null,"booking_duration_unit":null,"booking_buffer":null,"booking_cost":null,"booking_resources":null,"group_of_quantity":0,"min_quantity":0,"max_quantity":"","exclude_order_quantity_value_rules":"no","exclude_category_quantity_rules":"no","combine_variations":"no","exclude_global_add_ons":[],"addons":[],"acf":[],"_links":{"self":[{"href":"https:\/\/paresbalta.com\/ca\/wp-json\/wp\/v2\/product\/5232","targetHints":{"allow":["GET"]}}],"collection":[{"href":"https:\/\/paresbalta.com\/ca\/wp-json\/wp\/v2\/product"}],"about":[{"href":"https:\/\/paresbalta.com\/ca\/wp-json\/wp\/v2\/types\/product"}],"wp:featuredmedia":[{"embeddable":true,"href":"https:\/\/paresbalta.com\/ca\/wp-json\/wp\/v2\/media\/2216"}],"wp:attachment":[{"href":"https:\/\/paresbalta.com\/ca\/wp-json\/wp\/v2\/media?parent=5232"}],"wp:term":[{"taxonomy":"product_brand","embeddable":true,"href":"https:\/\/paresbalta.com\/ca\/wp-json\/wp\/v2\/product_brand?post=5232"},{"taxonomy":"product_cat","embeddable":true,"href":"https:\/\/paresbalta.com\/ca\/wp-json\/wp\/v2\/product_cat?post=5232"},{"taxonomy":"product_tag","embeddable":true,"href":"https:\/\/paresbalta.com\/ca\/wp-json\/wp\/v2\/product_tag?post=5232"}],"curies":[{"name":"wp","href":"https:\/\/api.w.org\/{rel}","templated":true}]}}