{"id":5218,"date":"2022-05-06T14:23:56","date_gmt":"2022-05-06T14:23:56","guid":{"rendered":"https:\/\/paresbalta.com\/shop\/Sense%20categoria\/vino-de-postre-music\/"},"modified":"2025-05-07T18:12:04","modified_gmt":"2025-05-07T16:12:04","slug":"vi-blanc-postres-dolc-natural-music","status":"publish","type":"product","link":"https:\/\/paresbalta.com\/ca\/botiga\/vi-ecologic-biodinamic\/microcuvee-vi-de-finca\/vi-blanc-postres-dolc-natural-music\/","title":{"rendered":"Music Blanc"},"content":{"rendered":"","protected":false},"excerpt":{"rendered":"<h2>Microcuv\u00e9e<\/h2>\n<p>Hem deixat el nostre Chardonnay del Subal assecar-se fins a aconseguir panses en el mateix cep, per aconseguir que els rajos de sol concentrin l&#8217;ess\u00e8ncia en cada gra.<\/p>\n<p>Per aix\u00f2 cada copa ens porta una cullerada de la mel de les abelles, que com nosaltres treballen per extreure el n\u00e8ctar del ra\u00efm.<\/p>\n<h4><span style=\"color: #ff0000;\"><strong>Fora d&#8217;Estoc<\/strong><\/span><\/h4>\n<p>&#8230;<\/p>\n<p><a class=\"btn btn-secondary understrap-read-more-link\" href=\"https:\/\/paresbalta.com\/ca\/botiga\/vi-ecologic-biodinamic\/microcuvee-vi-de-finca\/vi-blanc-postres-dolc-natural-music\/\">Llegeix m\u00e9s<span class=\"screen-reader-text\"> from Music Blanc<\/span><\/a><\/p>\n","protected":false},"featured_media":2264,"template":"","meta":{"_acf_changed":false},"product_brand":[],"product_cat":[425,589],"product_tag":[350,401],"class_list":{"0":"post-5218","1":"product","2":"type-product","3":"status-publish","4":"has-post-thumbnail","6":"product_cat-microcuvee-vi-de-finca","7":"product_cat-ampolles","8":"product_tag-vinos-ca","9":"product_tag-vinos-dulces-ca","10":"product_shipping_class-std","11":"pa_anyada-2020-2-ca-2","12":"pa_color-blanc-es-ca","13":"pa_denominacio-dorigen-penedes-ca","14":"pa_mida-0375l-es-ca","16":"first","17":"instock","18":"taxable","19":"shipping-taxable","20":"purchasable","21":"product-type-simple"},"booking_location":null,"booking_location_type":null,"booking_duration":null,"booking_duration_unit":null,"booking_buffer":null,"booking_cost":null,"booking_resources":null,"group_of_quantity":0,"min_quantity":0,"max_quantity":"","exclude_order_quantity_value_rules":"no","exclude_category_quantity_rules":"no","combine_variations":"no","exclude_global_add_ons":[],"addons":[],"acf":[],"_links":{"self":[{"href":"https:\/\/paresbalta.com\/ca\/wp-json\/wp\/v2\/product\/5218","targetHints":{"allow":["GET"]}}],"collection":[{"href":"https:\/\/paresbalta.com\/ca\/wp-json\/wp\/v2\/product"}],"about":[{"href":"https:\/\/paresbalta.com\/ca\/wp-json\/wp\/v2\/types\/product"}],"wp:featuredmedia":[{"embeddable":true,"href":"https:\/\/paresbalta.com\/ca\/wp-json\/wp\/v2\/media\/2264"}],"wp:attachment":[{"href":"https:\/\/paresbalta.com\/ca\/wp-json\/wp\/v2\/media?parent=5218"}],"wp:term":[{"taxonomy":"product_brand","embeddable":true,"href":"https:\/\/paresbalta.com\/ca\/wp-json\/wp\/v2\/product_brand?post=5218"},{"taxonomy":"product_cat","embeddable":true,"href":"https:\/\/paresbalta.com\/ca\/wp-json\/wp\/v2\/product_cat?post=5218"},{"taxonomy":"product_tag","embeddable":true,"href":"https:\/\/paresbalta.com\/ca\/wp-json\/wp\/v2\/product_tag?post=5218"}],"curies":[{"name":"wp","href":"https:\/\/api.w.org\/{rel}","templated":true}]}}