{"id":5212,"date":"2022-05-06T14:46:26","date_gmt":"2022-05-06T14:46:26","guid":{"rendered":"https:\/\/paresbalta.com\/shop\/Sense%20categoria\/silvestris-vino-natural-sin-sulfitos\/"},"modified":"2024-10-10T09:15:09","modified_gmt":"2024-10-10T07:15:09","slug":"vi-negre-silvestris-natural-sense-sulfits","status":"publish","type":"product","link":"https:\/\/paresbalta.com\/ca\/botiga\/ampolles\/vi-negre-silvestris-natural-sense-sulfits\/","title":{"rendered":"Silvestris"},"content":{"rendered":"","protected":false},"excerpt":{"rendered":"<h2>Vi a l&#8217;antiga&#8230; vi en estat pur.<\/h2>\n<p>Silvestris&#8230; dit d\u2019all\u00f2 salvatge, natural i fidel a la natura. Gratavinum Silvestris es un vi natural, tal com es feia fa milers d\u2019anys: Tan sols suc de ra\u00efm fermentat amb els llevats salvatges del ra\u00efm, sense cap altre additiu afegit. Procedent de vinyes ecol\u00f2giques que mai no han rebut l\u2019agressi\u00f3 de cap producte qu\u00edmic, expressi\u00f3 m\u00e0xima de l\u2019ess\u00e8ncia d\u2019una terra plena de natura i verge de ver\u00ed&#8230;.<\/p>\n<p><a class=\"btn btn-secondary understrap-read-more-link\" href=\"https:\/\/paresbalta.com\/ca\/botiga\/ampolles\/vi-negre-silvestris-natural-sense-sulfits\/\">Llegeix m\u00e9s<span class=\"screen-reader-text\"> from Silvestris<\/span><\/a><\/p>\n","protected":false},"featured_media":276145,"template":"","meta":{"_acf_changed":false},"product_brand":[],"product_cat":[589,398],"product_tag":[350,407],"class_list":{"0":"post-5212","1":"product","2":"type-product","3":"status-publish","4":"has-post-thumbnail","6":"product_cat-ampolles","7":"product_cat-gratavinum-priorat-ecologic-biodinamic","8":"product_tag-vinos-ca","9":"product_tag-vinos-naturales-ca","10":"product_shipping_class-std","11":"pa_altres-caracteristiques-sense-sulfits-es-ca","12":"pa_anyada-2022-2-ca","13":"pa_color-negre-es-ca","14":"pa_denominacio-dorigen-priorat-ca","15":"pa_mida-075l-es-ca","17":"first","18":"instock","19":"taxable","20":"shipping-taxable","21":"purchasable","22":"product-type-simple"},"booking_location":null,"booking_location_type":null,"booking_duration":null,"booking_duration_unit":null,"booking_buffer":null,"booking_cost":null,"booking_resources":null,"group_of_quantity":0,"min_quantity":0,"max_quantity":"","exclude_order_quantity_value_rules":"no","exclude_category_quantity_rules":"no","combine_variations":"no","exclude_global_add_ons":[],"addons":[],"acf":[],"_links":{"self":[{"href":"https:\/\/paresbalta.com\/ca\/wp-json\/wp\/v2\/product\/5212","targetHints":{"allow":["GET"]}}],"collection":[{"href":"https:\/\/paresbalta.com\/ca\/wp-json\/wp\/v2\/product"}],"about":[{"href":"https:\/\/paresbalta.com\/ca\/wp-json\/wp\/v2\/types\/product"}],"wp:featuredmedia":[{"embeddable":true,"href":"https:\/\/paresbalta.com\/ca\/wp-json\/wp\/v2\/media\/276145"}],"wp:attachment":[{"href":"https:\/\/paresbalta.com\/ca\/wp-json\/wp\/v2\/media?parent=5212"}],"wp:term":[{"taxonomy":"product_brand","embeddable":true,"href":"https:\/\/paresbalta.com\/ca\/wp-json\/wp\/v2\/product_brand?post=5212"},{"taxonomy":"product_cat","embeddable":true,"href":"https:\/\/paresbalta.com\/ca\/wp-json\/wp\/v2\/product_cat?post=5212"},{"taxonomy":"product_tag","embeddable":true,"href":"https:\/\/paresbalta.com\/ca\/wp-json\/wp\/v2\/product_tag?post=5212"}],"curies":[{"name":"wp","href":"https:\/\/api.w.org\/{rel}","templated":true}]}}