{"id":5207,"date":"2022-05-10T09:24:32","date_gmt":"2022-05-10T09:24:32","guid":{"rendered":"https:\/\/paresbalta.com\/shop\/Sense%20categoria\/coster-carinena-vino\/"},"modified":"2022-09-19T12:28:45","modified_gmt":"2022-09-19T10:28:45","slug":"vi-negre-coster-carinyena","status":"publish","type":"product","link":"https:\/\/paresbalta.com\/ca\/botiga\/ampolles\/vi-negre-coster-carinyena\/","title":{"rendered":"Coster"},"content":{"rendered":"","protected":false},"excerpt":{"rendered":"<h2>Un vi ecol\u00f2gic que es fon amb la pissarra prioratina.<\/h2>\n<p>Tota l\u2019essencia del Priorat es pot resumir dins d\u2019aquesta ampolla de vi ecol\u00f2gic: Vinyes centen\u00e0ries de carinyena, plantades en coster, que extreuen i expressen a la perfecci\u00f3 la puresa i la for\u00e7a del terrer del Priorat. Un vi que es fon amb la pissarra prioratina&#8230;.<\/p>\n<p><a class=\"btn btn-secondary understrap-read-more-link\" href=\"https:\/\/paresbalta.com\/ca\/botiga\/ampolles\/vi-negre-coster-carinyena\/\">Llegeix m\u00e9s<span class=\"screen-reader-text\"> from Coster<\/span><\/a><\/p>\n","protected":false},"featured_media":2406,"template":"","meta":{"_acf_changed":false},"product_brand":[],"product_cat":[589,398],"product_tag":[350],"class_list":{"0":"post-5207","1":"product","2":"type-product","3":"status-publish","4":"has-post-thumbnail","6":"product_cat-ampolles","7":"product_cat-gratavinum-priorat-ecologic-biodinamic","8":"product_tag-vinos-ca","9":"product_shipping_class-std","10":"pa_anyada-2018-2-ca","11":"pa_color-negre-es-ca","12":"pa_denominacio-dorigen-priorat-ca","13":"pa_mida-075l-es-ca","15":"first","16":"instock","17":"taxable","18":"shipping-taxable","19":"purchasable","20":"product-type-simple"},"booking_location":null,"booking_location_type":null,"booking_duration":null,"booking_duration_unit":null,"booking_buffer":null,"booking_cost":null,"booking_resources":null,"group_of_quantity":0,"min_quantity":0,"max_quantity":"","exclude_order_quantity_value_rules":"no","exclude_category_quantity_rules":"no","combine_variations":"no","exclude_global_add_ons":[],"addons":[],"acf":[],"_links":{"self":[{"href":"https:\/\/paresbalta.com\/ca\/wp-json\/wp\/v2\/product\/5207","targetHints":{"allow":["GET"]}}],"collection":[{"href":"https:\/\/paresbalta.com\/ca\/wp-json\/wp\/v2\/product"}],"about":[{"href":"https:\/\/paresbalta.com\/ca\/wp-json\/wp\/v2\/types\/product"}],"wp:featuredmedia":[{"embeddable":true,"href":"https:\/\/paresbalta.com\/ca\/wp-json\/wp\/v2\/media\/2406"}],"wp:attachment":[{"href":"https:\/\/paresbalta.com\/ca\/wp-json\/wp\/v2\/media?parent=5207"}],"wp:term":[{"taxonomy":"product_brand","embeddable":true,"href":"https:\/\/paresbalta.com\/ca\/wp-json\/wp\/v2\/product_brand?post=5207"},{"taxonomy":"product_cat","embeddable":true,"href":"https:\/\/paresbalta.com\/ca\/wp-json\/wp\/v2\/product_cat?post=5207"},{"taxonomy":"product_tag","embeddable":true,"href":"https:\/\/paresbalta.com\/ca\/wp-json\/wp\/v2\/product_tag?post=5207"}],"curies":[{"name":"wp","href":"https:\/\/api.w.org\/{rel}","templated":true}]}}