{"id":293500,"date":"2026-04-13T10:32:30","date_gmt":"2026-04-13T08:32:30","guid":{"rendered":"https:\/\/paresbalta.com\/?post_type=product&#038;p=293500"},"modified":"2026-04-13T11:27:54","modified_gmt":"2026-04-13T09:27:54","slug":"natiu-forcada","status":"publish","type":"product","link":"https:\/\/paresbalta.com\/ca\/botiga\/vi-ecologic-biodinamic\/microcuvee-vi-de-finca\/natiu-forcada\/","title":{"rendered":"Natiu Forcada"},"content":{"rendered":"","protected":false},"excerpt":{"rendered":"<h2>Microcuv\u00e9e<\/h2>\n<p>Els fruits de la vella propietat Hisenda Miret.<\/p>\n<p>Una garnatxa extingida al Pened\u00e9s que sorpr\u00e8n per la seva atractiva eleg\u00e0ncia, la seva boca golosa i plena&#8230;.<\/p>\n<p><a class=\"btn btn-secondary understrap-read-more-link\" href=\"https:\/\/paresbalta.com\/ca\/botiga\/vi-ecologic-biodinamic\/microcuvee-vi-de-finca\/natiu-forcada\/\">Llegeix m\u00e9s<span class=\"screen-reader-text\"> from Natiu Forcada<\/span><\/a><\/p>\n","protected":false},"featured_media":293504,"template":"","meta":{"_acf_changed":false},"product_brand":[],"product_cat":[589,425],"product_tag":[350],"class_list":{"0":"post-293500","1":"product","2":"type-product","3":"status-publish","4":"has-post-thumbnail","6":"product_cat-ampolles","7":"product_cat-microcuvee-vi-de-finca","8":"product_tag-vinos-ca","9":"product_shipping_class-std","10":"pa_anyada-anyada-2023-es-ca","11":"pa_color-blanc-es-ca","12":"pa_denominacio-dorigen-penedes-ca","13":"pa_mida-075l-es-ca","15":"first","16":"instock","17":"taxable","18":"shipping-taxable","19":"purchasable","20":"product-type-simple"},"booking_location":null,"booking_location_type":null,"booking_duration":null,"booking_duration_unit":null,"booking_buffer":null,"booking_cost":null,"booking_resources":null,"group_of_quantity":0,"min_quantity":0,"max_quantity":"","exclude_order_quantity_value_rules":"no","exclude_category_quantity_rules":"no","combine_variations":"no","exclude_global_add_ons":[],"addons":[],"acf":[],"_links":{"self":[{"href":"https:\/\/paresbalta.com\/ca\/wp-json\/wp\/v2\/product\/293500","targetHints":{"allow":["GET"]}}],"collection":[{"href":"https:\/\/paresbalta.com\/ca\/wp-json\/wp\/v2\/product"}],"about":[{"href":"https:\/\/paresbalta.com\/ca\/wp-json\/wp\/v2\/types\/product"}],"wp:featuredmedia":[{"embeddable":true,"href":"https:\/\/paresbalta.com\/ca\/wp-json\/wp\/v2\/media\/293504"}],"wp:attachment":[{"href":"https:\/\/paresbalta.com\/ca\/wp-json\/wp\/v2\/media?parent=293500"}],"wp:term":[{"taxonomy":"product_brand","embeddable":true,"href":"https:\/\/paresbalta.com\/ca\/wp-json\/wp\/v2\/product_brand?post=293500"},{"taxonomy":"product_cat","embeddable":true,"href":"https:\/\/paresbalta.com\/ca\/wp-json\/wp\/v2\/product_cat?post=293500"},{"taxonomy":"product_tag","embeddable":true,"href":"https:\/\/paresbalta.com\/ca\/wp-json\/wp\/v2\/product_tag?post=293500"}],"curies":[{"name":"wp","href":"https:\/\/api.w.org\/{rel}","templated":true}]}}