{"id":5632,"date":"2022-05-27T08:25:19","date_gmt":"2022-05-27T08:25:19","guid":{"rendered":"https:\/\/paresbalta.com\/reservas-y-cancelaciones\/"},"modified":"2024-04-15T10:05:32","modified_gmt":"2024-04-15T08:05:32","slug":"politica-de-reserves-i-cancel-lacions","status":"publish","type":"page","link":"https:\/\/paresbalta.com\/ca\/politica-de-reserves-i-cancel-lacions\/","title":{"rendered":"Pol\u00edtica de reserves i cancel.lacions"},"content":{"rendered":"\n<div style=\"height:60px\" aria-hidden=\"true\" class=\"wp-block-spacer\"><\/div>\n\n\n\n<h1 class=\"wp-block-heading\">Pol\u00edtica de reserves i cancel.lacions<\/h1>\n\n\n\n<h5 class=\"wp-block-heading\"><strong>1. <\/strong><strong>Condicions Generals<\/strong><\/h5>\n\n\n\n<ul class=\"wp-block-list\">\n<li>La formalitzaci\u00f3 d\u2019una reserva comporta l\u2019acceptaci\u00f3 de totes les condicions exposades.<\/li>\n\n\n\n<li>Nom\u00e9s es podr\u00e0 sol\u00b7licitar la revisi\u00f3 d\u2019aquestes condicions si es donen circumst\u00e0ncies excepcionals degudament justificades.<\/li>\n<\/ul>\n\n\n\n<h5 class=\"wp-block-heading\"><strong>2. Cancel.lacions<\/strong><\/h5>\n\n\n\n<p>Les penalitzacions per cancel.lacions s\u00f3n les seg\u00fcents:<\/p>\n\n\n\n<ul class=\"wp-block-list\">\n<li>Si la cancel.laci\u00f3 d\u2019una visita\/degustaci\u00f3 o maridatge no es comunica 48 hores abans de la data de la visita, no es podr\u00e0 reemborsar l\u2019import.<\/li>\n\n\n\n<li>Si la cancel.laci\u00f3 d\u2019una visita\/degustaci\u00f3 o maridatge es fa 48 hores abans de la data de la visita, es retornar\u00e0 el 50% de l\u2019import total.<\/li>\n<\/ul>\n\n\n\n<div style=\"height:60px\" aria-hidden=\"true\" class=\"wp-block-spacer\"><\/div>\n","protected":false},"excerpt":{"rendered":"<p>Pol\u00edtica de reserves i cancel.lacions 1. Condicions Generals 2. Cancel.lacions Les penalitzacions per cancel.lacions s\u00f3n les seg\u00fcents:&#8230;<\/p>\n<p><a class=\"btn btn-secondary understrap-read-more-link\" href=\"https:\/\/paresbalta.com\/ca\/politica-de-reserves-i-cancel-lacions\/\">Llegeix m\u00e9s<span class=\"screen-reader-text\"> from Pol\u00edtica de reserves i cancel.lacions<\/span><\/a><\/p>\n","protected":false},"author":1,"featured_media":0,"parent":0,"menu_order":0,"comment_status":"closed","ping_status":"closed","template":"","meta":{"_acf_changed":false,"footnotes":""},"class_list":["post-5632","page","type-page","status-publish","hentry"],"acf":[],"_links":{"self":[{"href":"https:\/\/paresbalta.com\/ca\/wp-json\/wp\/v2\/pages\/5632","targetHints":{"allow":["GET"]}}],"collection":[{"href":"https:\/\/paresbalta.com\/ca\/wp-json\/wp\/v2\/pages"}],"about":[{"href":"https:\/\/paresbalta.com\/ca\/wp-json\/wp\/v2\/types\/page"}],"author":[{"embeddable":true,"href":"https:\/\/paresbalta.com\/ca\/wp-json\/wp\/v2\/users\/1"}],"replies":[{"embeddable":true,"href":"https:\/\/paresbalta.com\/ca\/wp-json\/wp\/v2\/comments?post=5632"}],"version-history":[{"count":3,"href":"https:\/\/paresbalta.com\/ca\/wp-json\/wp\/v2\/pages\/5632\/revisions"}],"predecessor-version":[{"id":218038,"href":"https:\/\/paresbalta.com\/ca\/wp-json\/wp\/v2\/pages\/5632\/revisions\/218038"}],"wp:attachment":[{"href":"https:\/\/paresbalta.com\/ca\/wp-json\/wp\/v2\/media?parent=5632"}],"curies":[{"name":"wp","href":"https:\/\/api.w.org\/{rel}","templated":true}]}}