{"id":5618,"date":"2022-01-11T08:58:25","date_gmt":"2022-01-11T08:58:25","guid":{"rendered":"https:\/\/paresbalta.com\/politica-de-privacidad\/"},"modified":"2022-12-01T17:20:42","modified_gmt":"2022-12-01T16:20:42","slug":"politica-de-privacitat","status":"publish","type":"page","link":"https:\/\/paresbalta.com\/ca\/politica-de-privacitat\/","title":{"rendered":"Pol\u00edtica de privacitat"},"content":{"rendered":"\n<div style=\"height:60px\" aria-hidden=\"true\" class=\"wp-block-spacer\"><\/div>\n\n\n\n<h1 class=\"wp-block-heading\">Pol\u00edtica de privacitat<\/h1>\n\n\n\n<p>Informem als usuaris del lloc web sobre la pol\u00edtica respecte al tractament i protecci\u00f3 de les dades de car\u00e0cter personal dels usuaris i clients.<\/p>\n\n\n\n<p>I garantim en tot moment l\u2019\u00edntegre i ple compliment de les obligacions disposades per la normativa de protecci\u00f3 de dades i serveis de la societat de la informaci\u00f3: Reglament (UE) 2016\/679 del Parlament Europeu i del Consell, de 27 d\u2019abril de 2016, relatiu a la protecci\u00f3 de les persones f\u00edsiques pel que fa al tractament de dades personals i a la lliure circulaci\u00f3 d\u2019aquestes dades (RGPD), la normativa Llei Org\u00e0nica 3\/2018, de 5 de desembre, de Protecci\u00f3 de Dades Personals i garantia dels drets digitals (LOPDGDD)&nbsp;i la Llei 34\/2002, d\u201911 de juliol, de Serveis de la Societat de la Informaci\u00f3 i del Comer\u00e7 Electr\u00f2nic (LSSIce).<\/p>\n\n\n\n<h5 class=\"wp-block-heading\"><strong>1. Responsable del tractament de les dades personals<\/strong><\/h5>\n\n\n\n<p>Els responsables del tractament de les teves dades s\u00f3n:<\/p>\n\n\n\n<p><strong>CAVAS PAR\u00c9S BALT\u00c0, S.L.U.<\/strong><\/p>\n\n\n\n<p>C.I.F.: B08034274<\/p>\n\n\n\n<p>Domicili: MASIA CAN BALTA, S\/N \u2013 08796 \u2013 PACS DEL PENEDES (BARCELONA).<\/p>\n\n\n\n<p>Dades registrals: Registre Mercantil de Barcelona,&nbsp;Tom&nbsp;24757, Foli 166, Fulla&nbsp; B-76063, Inscripci\u00f3 38.<\/p>\n\n\n\n<p>Telefono: 938901399<\/p>\n\n\n\n<p>Correu electr\u00f2nic:&nbsp;<a href=\"mailto:paresbalta@paresbalta.com\">paresbalta@paresbalta.com<\/a><\/p>\n\n\n\n<p><strong>CUSIVINS, S.L.<\/strong><\/p>\n\n\n\n<p>C.I.F.: B65590010<\/p>\n\n\n\n<p>Domicili: Avinguda Tarragona, 108 08720 Vilafranca del Pened\u00e8s (BARCELONA).<\/p>\n\n\n\n<p>Dades registrals: Registre Mercantil de Barcelona, Tom 42639, Foli 147, Fulla B-412738, Inscripci\u00f3 1.<\/p>\n\n\n\n<p>Tel\u00e8fon: 938901399<\/p>\n\n\n\n<p>Correu electr\u00f2nic:&nbsp;<a href=\"mailto:paresbalta@paresbalta.com\">paresbalta@paresbalta.com<\/a> <\/p>\n\n\n\n<p>&nbsp;En unes altres paraules, CAVAS PAR\u00c9S BALT\u00c0, S.L.U. i CUSIVINS, S.L., com a \u201cCorresponsables del tractament\u201d, ens fem c\u00e0rrec de tractar i protegir les teves dades personals.<\/p>\n\n\n\n<h5 class=\"wp-block-heading\"><strong><strong>2. Finalitats del tractament de les dades<\/strong><\/strong><\/h5>\n\n\n\n<p>Les dades facilitades per l\u2019Usuari s\u00f3n utilitzades per diverses finalitats que s\u2019enumeren a continuaci\u00f3:<\/p>\n\n\n\n<figure class=\"wp-block-table\"><table><tbody><tr><td><strong>Finalitat del tractament&nbsp; &nbsp; &nbsp; &nbsp; &nbsp; &nbsp; &nbsp; &nbsp; &nbsp;&nbsp;<\/strong><\/td><td><strong>Base jur\u00eddica per al tractament<\/strong><\/td><\/tr><tr><td>Gestionar les consultes plantejades a trav\u00e9s del formulari de consulta<\/td><td>Inter\u00e8s leg\u00edtim de la Societat per a atendre els requeriments d\u2019informaci\u00f3 a trav\u00e9s de la web.Consentiment prestat de manera expressa en el moment de recollida de les dades a trav\u00e9s dels formularis web.<\/td><\/tr><tr><td>Enviament de&nbsp;newsletters, comunicacions comercials i promocions.<\/td><td>Consentiment prestat de manera expressa en el moment de recollida de les dades a trav\u00e9s dels formularis web.<\/td><\/tr><tr><td>Crear i gestionar el teu registre com a Usuari.&nbsp;<\/td><td>Consentiment prestat de manera expressa en el moment de recollida de les dades a trav\u00e9s dels formularis web.<\/td><\/tr><tr><td>Per al desenvolupament, compliment i execuci\u00f3 del contracte de compravenda o de serveis que hagis contractat a trav\u00e9s de la nostra web.<\/td><td>Consentiment prestat de manera expressa en el moment de recollida de les dades a trav\u00e9s dels formularis web.<\/td><\/tr><tr><td>Realitzar la gesti\u00f3 comptable.<\/td><td>Execuci\u00f3 d\u2019un contracte.<\/td><\/tr><tr><td>Complir amb les obligacions fiscals vigents.<\/td><td>Compliment d\u2019obligacions legals que ens siguin aplicables.<\/td><\/tr><tr><td>Gestionar les incid\u00e8ncies i el manteniment de la web.<\/td><td>Inter\u00e8s leg\u00edtim de la Societat.<\/td><\/tr><\/tbody><\/table><\/figure>\n\n\n\n<h5 class=\"wp-block-heading\"><strong><strong>3. Termini de conservaci\u00f3 de les dades<\/strong><\/strong><\/h5>\n\n\n\n<figure class=\"wp-block-table\"><table><tbody><tr><td><strong>Finalitat del tractament<\/strong><\/td><td><strong>Termini de conservaci\u00f3<\/strong><\/td><\/tr><tr><td>Gestionar les consultes plantejades a trav\u00e9s del formulari de consulta<\/td><td>Tractarem les teves dades durant el temps que sigui necessari per a atendre la teva sol\u00b7licitud o petici\u00f3.<\/td><\/tr><tr><td>Enviament de&nbsp;newsletters, comunicacions comercials i promocions.<\/td><td>Tractarem les teves dades fins que et donis de baixa.<\/td><\/tr><tr><td>Crear i gestionar el teu registre com a Usuari.&nbsp;<\/td><td>Tractarem les teves dades durant el temps en qu\u00e8 mantinguis la condici\u00f3 d\u2019usuari registrat (\u00e9s a dir, fins que decideixis donar-te de baixa).<\/td><\/tr><tr><td>Per al desenvolupament, compliment i execuci\u00f3 del contracte de compravenda o de serveis que hagis contractat a trav\u00e9s de la nostra web.<\/td><td>Tractarem les teves dades durant el temps necessari per a gestionar la compra dels productes o serveis que hagis adquirit, incloent possibles devolucions, queixes o reclamacions associades a la compra del producte o servei en particular.<\/td><\/tr><tr><td>Realitzar la gesti\u00f3 comptable.<\/td><td>Tractarem les teves dades durant el temps necessari per a complir els terminis legals de prescripci\u00f3 que li resultin d\u2019aplicaci\u00f3.<\/td><\/tr><tr><td>Complir amb les obligacions fiscals vigents.<\/td><td>Tractarem les teves dades durant el temps necessari per a complir els terminis legals de prescripci\u00f3 que li resultin d\u2019aplicaci\u00f3.<\/td><\/tr><tr><td>Gestionar les incid\u00e8ncies i el manteniment de la web.<\/td><td>Tractarem les teves dades durant el temps necessari per a complir els terminis legals de prescripci\u00f3 que li resultin d\u2019aplicaci\u00f3.<\/td><\/tr><\/tbody><\/table><\/figure>\n\n\n\n<h5 class=\"wp-block-heading\"><strong><strong>4. Destinataris de les dades<\/strong><\/strong><\/h5>\n\n\n\n<p>Per tal de complir les finalitats indicades en la present Pol\u00edtica de Privacitat, \u00e9s necessari que donem acc\u00e9s de les teves dades personals al grup d\u2019empreses Pares Balta i a terceres parts que ens donin suport en els serveis que t\u2019oferim (Encarats de Tractament), a saber:<\/p>\n\n\n\n<p>\u2013 Entitats financeres<\/p>\n\n\n\n<p>\u2013 Prove\u00efdors de serveis tecnol\u00f2gics.<\/p>\n\n\n\n<p>\u2013 Prove\u00efdors i col\u00b7laboradors de serveis de log\u00edstica, transport i lliurament.<\/p>\n\n\n\n<p>\u2013 Prove\u00efdors i col\u00b7laboradors de serveis relacionats amb m\u00e0rqueting i publicitat.<\/p>\n\n\n\n<p>Els encarregats de tractament per a l\u2019execuci\u00f3 d\u2019un contracte o prestaci\u00f3 d\u2019un servei al Responsable, seguint per aix\u00f2 les seves instruccions en tot moment i assegurant els mateixos nivells de seguretat.<\/p>\n\n\n\n<h5 class=\"wp-block-heading\"><strong><strong>5.&nbsp;Drets dels usuaris<\/strong><\/strong><\/h5>\n\n\n\n<p>L\u2019usuari t\u00e9 dret a:<\/p>\n\n\n\n<ul class=\"wp-block-list\">\n<li>Sol\u00b7licitar l\u2019acc\u00e9s a les seves dades personals que s\u2019estan tractant i rebre aquesta informaci\u00f3 per escrit pel mitj\u00e0 sol\u00b7licitat.<\/li>\n\n\n\n<li>Sol\u00b7licitar la rectificaci\u00f3 de les dades personals inexactes o, si escau, sol\u00b7licitar la seva supressi\u00f3 quan, entre altres motius, les dades ja no siguin necess\u00e0ries per a la finalitat per les quals van ser recollides.<\/li>\n\n\n\n<li>Sol\u00b7licitar la limitaci\u00f3 del tractament de les seves dades.<\/li>\n\n\n\n<li>Oposar-se al tractament de les seves dades personals quan s\u2019escaigui, en aquest cas es deixaran de tractar excepte per motius leg\u00edtims.<\/li>\n\n\n\n<li>Dret a la portabilitat de les dades. L\u2019interessat\/interessada t\u00e9 dret a rebre les dades personals si han estat facilitades en un format estructurat, d\u2019\u00fas com\u00fa i de lectura mec\u00e0nica, i a transmetre-les a un altre responsable, si es compleixen els requisits seg\u00fcents:<br>1. El tractament es basa en el consentiment o en un contracte.<br>2. El tractament es fa per mitjans automatitzats.<\/li>\n\n\n\n<li>Dret a retirar el consentiment prestat.<\/li>\n\n\n\n<li>Dret a reclamar davant l\u2019Ag\u00e8ncia Espanyola de Protecci\u00f3 de Dades.<\/li>\n<\/ul>\n\n\n\n<p>L\u2019Usuari pot exercitar els drets anteriorment indicats a l\u2019adre\u00e7a de correu postal o electr\u00f2nica del Responsable, acreditant la seva identitat amb una c\u00f2pia escanejada del seu DNI o document equivalent, i especificant el dret que desitja exercir.<\/p>\n\n\n\n<h5 class=\"wp-block-heading\"><strong><strong>6. Proced\u00e8ncia de les dades&nbsp;<\/strong><\/strong><\/h5>\n\n\n\n<p>Les dades personals han de ser facilitades pel propi interessat de forma absolutament volunt\u00e0ria. La manca d\u2019algunes dades o la no resposta de preguntes que puguin formular-se a la persona interessada en els processos de registre o a trav\u00e9s de formularis electr\u00f2nics, pot provocar la impossibilitat d\u2019acc\u00e9s a determinats serveis per a la prestaci\u00f3 dels quals \u00e9s imprescindible de disposar d\u2019aquestes dades de car\u00e0cter personal. En aquest cas, el Responsable del Tractament ha d\u2019informar del car\u00e0cter obligatori o necessari per al funcionament del servei.<\/p>\n\n\n\n<p>El Responsable assegura la confidencialitat de les seves dades personals i garanteix la seguretat d\u2019aquestes, adoptant les mesures necess\u00e0ries per evitar la seva alteraci\u00f3, p\u00e8rdua, tractament o acc\u00e9s no autoritzat.<\/p>\n\n\n\n<h5 class=\"wp-block-heading\"><strong><strong>7. Informaci\u00f3 facilitada per l\u2019interessat\/interessada&nbsp;<\/strong><\/strong><\/h5>\n\n\n\n<p>Els i les menors de 18 anys no poden cedir les seves dades personals sense el previ consentiment del seu pare\/mare i\/o tutors legals.<\/p>\n\n\n\n<p>L\u2019interessat\/interessada introduint les seves dades en els formularis de contacte o presentats en formularis de desc\u00e0rrega, accepten expressament i de forma lliure i inequ\u00edvoca que les seves dades s\u00f3n necess\u00e0ries perqu\u00e8 el Responsable atengui la seva petici\u00f3, i \u00e9s volunt\u00e0ria la inclusi\u00f3 de dades en els camps restants.<\/p>\n\n\n\n<p>L\u2019interessat\/interessada garanteix que les dades personals facilitades al prestador s\u00f3n veraces i es fa responsable de comunicar qualsevol modificaci\u00f3 d\u2019aquestes.<\/p>\n\n\n\n<p>Totes les dades sol\u00b7licitades a trav\u00e9s del lloc web s\u00f3n necess\u00e0ries per a la prestaci\u00f3 d\u2019un servei \u00f2ptim a l\u2019interessat\/interessada. En cas que no siguin facilitades totes les dades, no es garanteix que la informaci\u00f3 i serveis que El responsable li faciliti, siguin completament ajustats a les seves necessitats.<\/p>\n\n\n\n<h5 class=\"wp-block-heading\"><strong><strong>8. Mesures de seguretat<\/strong><\/strong><\/h5>\n\n\n\n<p>Que de conformitat amb el que disposen les normatives vigents en mat\u00e8ria de protecci\u00f3 de dades personals, El Responsable est\u00e0 complint amb totes les disposicions de les normatives RGPD i LOPDGDD per al tractament de les dades personals de la seva responsabilitat, i manifestament amb els principis descrits en l\u2019article 5 del RGPD i en l\u2019article 4 de la LOPDGDD, pels quals s\u00f3n tractats de manera l\u00edcita, lleial i transparent en relaci\u00f3 amb l\u2019interessat i adequades, pertinents i limitats al que \u00e9s necessari en relaci\u00f3 amb els fins per als quals s\u00f3n tractats.<\/p>\n\n\n\n<p>El responsable garanteix que ha implementat pol\u00edtiques t\u00e8cniques i organitzatives apropiades per aplicar les mesures de seguretat que estableixen el RGPD i la LOPDGDD per tal de protegir els drets i llibertats de l\u2019interessat\/interessada i els ha comunicat la informaci\u00f3 adequada perqu\u00e8 puguin exercir-los.<\/p>\n\n\n\n<h5 class=\"wp-block-heading\"><strong><strong><strong>9. Bretxes de seguretat<\/strong><\/strong><\/strong><\/h5>\n\n\n\n<p>El Responsable informar\u00e0 sobre qualsevol bretxa de seguretat que afecti la base de dades que utilitza aquest lloc web, o que afecti a qualsevol dels nostres serveis de tercers, a totes i cadascuna de les persones, dades dels quals puguin haver estat afectades, i autoritats, dins de les 72 hores seg\u00fcents a la detecci\u00f3 de la bretxa.&nbsp;<\/p>\n\n\n\n<h5 class=\"wp-block-heading\"><strong><strong><strong><strong>10. Legislaci\u00f3 aplicable i jurisdicci\u00f3<\/strong><\/strong><\/strong><\/strong><\/h5>\n\n\n\n<p>Per a la resoluci\u00f3 de totes les controv\u00e8rsies o q\u00fcestions relacionades amb el present lloc web o de les activitats en ell desenvolupades, ser\u00e0 d\u2019aplicaci\u00f3 la legislaci\u00f3 espanyola, a la qual se sotmeten expressament les parts, sent competents per a la resoluci\u00f3 de tots els conflictes derivats o relacionats amb el seu \u00fas els Jutjats i Tribunals de Barcelona.<\/p>\n\n\n\n<div style=\"height:60px\" aria-hidden=\"true\" class=\"wp-block-spacer\"><\/div>\n","protected":false},"excerpt":{"rendered":"<p>Pol\u00edtica de privacitat Informem als usuaris del lloc web sobre la pol\u00edtica respecte al tractament i protecci\u00f3 de les dades de car\u00e0cter personal dels usuaris i clients. I garantim en tot moment l\u2019\u00edntegre i ple compliment de les obligacions disposades per la normativa de protecci\u00f3 de dades i serveis de la societat de la informaci\u00f3:&#8230;<\/p>\n<p><a class=\"btn btn-secondary understrap-read-more-link\" href=\"https:\/\/paresbalta.com\/ca\/politica-de-privacitat\/\">Llegeix m\u00e9s<span class=\"screen-reader-text\"> from Pol\u00edtica de privacitat<\/span><\/a><\/p>\n","protected":false},"author":1,"featured_media":0,"parent":0,"menu_order":0,"comment_status":"closed","ping_status":"closed","template":"","meta":{"_acf_changed":false,"footnotes":""},"class_list":["post-5618","page","type-page","status-publish","hentry"],"acf":[],"_links":{"self":[{"href":"https:\/\/paresbalta.com\/ca\/wp-json\/wp\/v2\/pages\/5618","targetHints":{"allow":["GET"]}}],"collection":[{"href":"https:\/\/paresbalta.com\/ca\/wp-json\/wp\/v2\/pages"}],"about":[{"href":"https:\/\/paresbalta.com\/ca\/wp-json\/wp\/v2\/types\/page"}],"author":[{"embeddable":true,"href":"https:\/\/paresbalta.com\/ca\/wp-json\/wp\/v2\/users\/1"}],"replies":[{"embeddable":true,"href":"https:\/\/paresbalta.com\/ca\/wp-json\/wp\/v2\/comments?post=5618"}],"version-history":[{"count":2,"href":"https:\/\/paresbalta.com\/ca\/wp-json\/wp\/v2\/pages\/5618\/revisions"}],"predecessor-version":[{"id":22053,"href":"https:\/\/paresbalta.com\/ca\/wp-json\/wp\/v2\/pages\/5618\/revisions\/22053"}],"wp:attachment":[{"href":"https:\/\/paresbalta.com\/ca\/wp-json\/wp\/v2\/media?parent=5618"}],"curies":[{"name":"wp","href":"https:\/\/api.w.org\/{rel}","templated":true}]}}