{"id":5614,"date":"2022-05-27T08:19:12","date_gmt":"2022-05-27T08:19:12","guid":{"rendered":"https:\/\/paresbalta.com\/politica-de-cookies\/"},"modified":"2022-06-03T16:53:17","modified_gmt":"2022-06-03T16:53:17","slug":"politica-de-cookies","status":"publish","type":"page","link":"https:\/\/paresbalta.com\/ca\/politica-de-cookies\/","title":{"rendered":"Pol\u00edtica de cookies"},"content":{"rendered":"\n<div style=\"height:60px\" aria-hidden=\"true\" class=\"wp-block-spacer\"><\/div>\n\n\n\n<h1 class=\"wp-block-heading\">Pol\u00edtica de cookies<\/h1>\n\n\n\n<p>A trav\u00e9s de la presente Pol\u00edtica de Cookies, PARES BALTA, SLU (en adelante PARES BALTA) como editor y responsable de este sitio web le informa sobre qu\u00e9 son las cookies, los tipos de cookies utilizadas, as\u00ed como su finalidad en esta p\u00e1gina web.<\/p>\n\n\n\n<p>La aceptaci\u00f3n de la presente Pol\u00edtica implica que el usuario ha sido informado de las cookies y que PARES BALTA dispone de su consentimiento para el uso de las mismas en los t\u00e9rminos del art\u00edculo 22 de la Ley 34\/2002, de 11 de julio, de Servicios de la Sociedad de la Informaci\u00f3n y Comercio Electr\u00f3nico (LSSICE).<\/p>\n\n\n\n<h5 class=\"wp-block-heading\"><strong>1.<\/strong> <strong>Definici\u00f3, qu\u00e8 \u00e9s una Cookie?<\/strong><\/h5>\n\n\n\n<p>Una\u00a0cookie\u00a0\u00e9s un petit fragment de text que els llocs web envien al navegador i que s\u2019emmagatzema en el terminal de l\u2019usuari, el qual pot ser un ordinador personal, un tel\u00e8fon m\u00f2bil, tauleta, etc. Aquests arxius permeten que el lloc web recordi informaci\u00f3 sobre la seva visita, com l\u2019idioma i les opcions preferides, la qual cosa pot facilitar la seva pr\u00f2xima visita i fer que el lloc resulti m\u00e9s \u00fatil en personalitzar el seu contingut. Les cookies exerceixen un paper molt important, a l\u2019hora de millorar l\u2019experi\u00e8ncia d\u2019\u00fas de la Web.<\/p>\n\n\n\n<h5 class=\"wp-block-heading\"><strong>2. Tipus de Cookies<\/strong><\/h5>\n\n\n\n<p>Segons l\u2019entitat que les gestioni, les cookies poden ser:<\/p>\n\n\n\n<ul class=\"wp-block-list\"><li><strong>Cookies pr\u00f2pies:<\/strong>\u00a0S\u00f3n aquelles que s\u2019envien a l\u2019equip terminal de l\u2019interessat des d\u2019un equip o domini gestionat pel propi editor i des del qual es presta el servei sol\u00b7licitat per l\u2019usuari.<\/li><li><strong>Cookies de tercers:\u00a0<\/strong>S\u00f3n aquelles que s\u2019envien a l\u2019equip terminal de l\u2019usuari des d\u2019un equip o domini que no \u00e9s gestionat per l\u2019editor, sin\u00f3 per una altra entitat que tracta les dades obtingudes trav\u00e9s de les cookies.<\/li><\/ul>\n\n\n\n<p>&nbsp;Segons el termini de temps que romanen activades:<\/p>\n\n\n\n<ul class=\"wp-block-list\"><li><strong>Cookies de sessi\u00f3<\/strong>: S\u00f3n un tipus de cookies dissenyades per a recaptar i emmagatzemar dades mentre l\u2019usuari accedeix a una p\u00e0gina web. Se solen emprar per a emmagatzemar informaci\u00f3 que nom\u00e9s interessa conservar per a la prestaci\u00f3 del servei sol\u00b7licitat per l\u2019usuari en una sola ocasi\u00f3.<\/li><li><strong>Cookies persistents:<\/strong>\u00a0S\u00f3n un tipus de cookies les dades de les quals segueixen emmagatzemades al terminal i s\u2019hi pot accedir i poden ser tractades durant un per\u00edode definit pel responsable de la\u00a0cookie. La temporalitat pot anar d\u2019uns minuts a diversos anys.\u00a0<\/li><\/ul>\n\n\n\n<p>\u00a0Segons la finalitat per a la qual es tracten les dades obtingudes a trav\u00e9s de les cookies, la web pot utilitzar:<\/p>\n\n\n\n<p><strong><em>Cookies t\u00e8cniques<\/em><\/strong>\u00a0\u2013 S\u00f3n aquelles que permeten a l\u2019usuari la navegaci\u00f3 a trav\u00e9s de la p\u00e0gina web o l\u2019aplicaci\u00f3 i la utilitzaci\u00f3 de les diferents opcions o serveis que en ella existeixen. Per exemple, controlar el tr\u00e0nsit i la comunicaci\u00f3 de dades, identificar la sessi\u00f3, accedir a les parts web d\u2019acc\u00e9s restringit, recordar els elements que integren una comanda, realitzar la sol\u00b7licitud d\u2019inscripci\u00f3 o participaci\u00f3 en un esdeveniment, utilitzar elements de seguretat durant la navegaci\u00f3 i emmagatzemar continguts per a la difusi\u00f3 de v\u00eddeos o so.<\/p>\n\n\n\n<p><strong><em>Cookies de personalitzaci\u00f3\u00a0<\/em><\/strong>\u2013 S\u00f3n aquelles que permeten a l\u2019usuari accedir al servei amb algunes caracter\u00edstiques de car\u00e0cter general predefinides en el seu terminal o que el propi usuari defineixi. Per exemple, l\u2019idioma, el tipus de navegador a trav\u00e9s del qual accedeix al servei, el disseny de continguts seleccionat, geolocalitzaci\u00f3 del terminal i la configuraci\u00f3 regional des d\u2019on s\u2019accedeix al servei.<\/p>\n\n\n\n<p><strong><em>Cookies publicit\u00e0ries\u00a0<\/em><\/strong>\u2013 S\u00f3n aquelles que permeten la gesti\u00f3 efica\u00e7 dels espais publicitaris que s\u2019han incl\u00f2s en la p\u00e0gina web o aplicaci\u00f3 des de la qual es presta el servei. Permeten adequar el contingut de la publicitat perqu\u00e8 aquesta sigui rellevant per a l\u2019usuari i per evitar mostrar anuncis que l\u2019usuari ja hagi vist.<\/p>\n\n\n\n<p><strong><em>Cookies d\u2019an\u00e0lisi estad\u00edstic<\/em><\/strong>\u00a0\u2013 S\u00f3n aquelles que permeten realitzar el seguiment i an\u00e0lisi del comportament dels usuaris en els llocs web. La informaci\u00f3 recollida mitjan\u00e7ant aquesta mena de cookies s\u2019utilitza en la mesura de l\u2019activitat dels llocs web, aplicaci\u00f3 o plataforma i per a l\u2019elaboraci\u00f3 de perfils de navegaci\u00f3 dels usuaris a aquests llocs, amb la finalitat d\u2019introduir millores en el servei en funci\u00f3 de les dades d\u2019\u00fas que fan els usuaris.<\/p>\n\n\n\n<h5 class=\"wp-block-heading\"><strong>3. Quin tipus de cookies utilitza aquesta p\u00e0gina web?<\/strong><\/h5>\n\n\n\n<p>Primer de tot distingir algunes caracter\u00edstiques b\u00e0siques i comunes entre les cookies segons la seva propietat:<\/p>\n\n\n\n<ul class=\"wp-block-list\"><li><strong>Cookies pr\u00f2pies. <\/strong>Estan gestionades exclusivament pel propietari del lloc web.<\/li><li><strong>Cookies de tercers. <\/strong>S\u00f3n gestionades per altres empreses alienes al propietari de la p\u00e0gina web i es fan servir per registrar el comportament de l&#8217;usuari i customitzar posteriorment la seva experi\u00e8ncia a Internet.<\/li><\/ul>\n\n\n\n<p><strong>I segons temporalitat:<\/strong><\/p>\n\n\n\n<ul class=\"wp-block-list\"><li><strong>Cookies de Sessi\u00f3. <\/strong>S\u00f3n galetes temporals que romanen a l&#8217;arxiu del navegador i autoritzen el lloc web a tenir un seguiment dels moviments de l&#8217;Usuari durant el temps que est\u00e0 navegant per la p\u00e0gina.<\/li><li><strong>Cookies Permanents. <\/strong>S\u00f3n emmagatzemades al disc dur i el lloc web les llegeix cada vegada que l&#8217;Usuari realitza una nova visita. Aquestes tenen una data d&#8217;expiraci\u00f3 a partir de la qual deixen de funcionar.<\/li><\/ul>\n\n\n\n<p>COOKIES T\u00c8CNIQUES<\/p>\n\n\n\n<p>S\u00f3n aquelles cookies necess\u00e0ries pel funcionament de la p\u00e0gina web. Aquestes s\u2019encarreguen de nombrosos aspectes tal com controlar la identificaci\u00f3 i autentificaci\u00f3 de l\u2019usuari, proporcionar la m\u00e0xima seguretat protegint la web de hacks i malwares, identificar l\u2018idioma de navegaci\u00f3 o mantenir productes guardats al carret de compra. <strong>La seva desactivaci\u00f3 pot impedir el correcte funcionament d\u2019algunes funcionalitats de la web.<\/strong><\/p>\n\n\n\n<figure class=\"wp-block-table\"><table><tbody><tr><td><strong>Nom<\/strong><\/td><td><strong>Finalitat<\/strong><\/td><td><strong>Prove\u00efdor<\/strong><\/td><\/tr><tr><td><strong>riblang<\/strong><\/td><td>Mant\u00e9 l\u2019idioma escollit per l\u2019usuari durant tota la sessi\u00f3 de navegaci\u00f3 i en futurs accessos.<\/td><td>Pr\u00f2pies<\/td><\/tr><tr><td><strong>WordPress Session<\/strong><\/td><td>Identifica usuaris i mant\u00e9 la connexi\u00f3 del lloc web.<\/td><td>Pr\u00f2pies<\/td><\/tr><tr><td><strong>woocommerce_cart_hash<\/strong><\/td><td>Emmagatzema informaci\u00f3 del carret de compra i els seus articles.<\/td><td>Tercers<\/td><\/tr><tr><td><strong>woocommerce_items_in_cart<\/strong><\/td><td>Emmagatzema informaci\u00f3 del carret de compra i els seus articles.<\/td><td>Tercers<\/td><\/tr><tr><td><strong>wp_woocommerce<\/strong><br><strong>_session_<\/strong><\/td><td>Guarda el codi \u00fanic de cada client<\/td><td>Tercers<\/td><\/tr><\/tbody><\/table><\/figure>\n\n\n\n<p>COOKIES ANALITIQUES<\/p>\n\n\n\n<p>Aquestes cookies recopilen informaci\u00f3 sobre el comportament de navegaci\u00f3, de manera que ajuden a analitzar i comprendre com aquests utilitzen la p\u00e0gina web. Amb aquestes \u00e9s possible comptabilitzar el nombre de visitants, si aquests s\u00f3n nous o repeteixen visita o con\u00e8ixer els continguts m\u00e9s visitats.<\/p>\n\n\n\n<p>L\u2019aplicaci\u00f3 utilitzada en aquest cas per obtenir i analitzar la informaci\u00f3 de navegaci\u00f3 \u00e9s Google Analytics i utilitza les seg\u00fcents cookies:<\/p>\n\n\n\n<figure class=\"wp-block-table\"><table><tbody><tr><td><strong>Nom<\/strong><\/td><td><strong>\u00a0Finalitat<\/strong><\/td><td><strong>Prov\u00efdor<\/strong><\/td><\/tr><tr><td>_ga<\/td><td>Recopilar informaci\u00f3 de visites<\/td><td>Tercers Google<\/td><\/tr><tr><td>_guid<\/td><td>Recopilar informaci\u00f3 de visites<\/td><td>Tercers Google<\/td><\/tr><tr><td>_gat<\/td><td>Limitar el percentatge de sol\u00b7licituds.<\/td><td>Tercers Google<\/td><\/tr><\/tbody><\/table><\/figure>\n\n\n\n<p>COOKIES DE XARXES SOCIALS<\/p>\n\n\n\n<p>Aquest lloc web utilitza cookies de complement per intercanviar contingut amb les xarxes socials pr\u00f2pies de PARES BALTA. De manera que a la web hi ha els botons direccionats a les diferents xarxes (Facebook, Twitter i Instagram). L\u2019acc\u00e9s i navegaci\u00f3 en elles suposa la instal\u00b7laci\u00f3 de cookies de tercers per part de la xarxa social que no estaran sota el control ni gesti\u00f3 de l\u2019empresa. Per a m\u00e9s informaci\u00f3 sobre aquest tipus de cookies, et suggerim revisar les seves pr\u00f2pies pol\u00edtiques:<\/p>\n\n\n\n<ul class=\"wp-block-list\"><li><a href=\"https:\/\/help.twitter.com\/es\/rules-and-policies\/twitter-cookies\" target=\"_blank\" rel=\"noreferrer noopener\">Pol\u00edtica de cookies de Twitter<\/a><\/li><li><a href=\"https:\/\/www.facebook.com\/policies\/cookies\/\" target=\"_blank\" rel=\"noreferrer noopener\">Pol\u00edtica de cookies Facebook<\/a><\/li><li><a href=\"https:\/\/help.instagram.com\/1896641480634370?ref=ig\" target=\"_blank\" rel=\"noreferrer noopener\">Pol\u00edtica de cookies Instagram<\/a><\/li><\/ul>\n\n\n\n<h5 class=\"wp-block-heading\"><strong>4. <strong>Com administrar la configuraci\u00f3 de les Cookies al navegador<\/strong>?<\/strong><\/h5>\n\n\n\n<p>L\u2019usuari t\u00e9 l\u2019opci\u00f3 de permetre, bloquejar o eliminar les cookies instal\u00b7lades en el seu equip mitjan\u00e7ant la configuraci\u00f3 de les opcions del navegador instal\u00b7lat al seu terminal:<\/p>\n\n\n\n<p>A continuaci\u00f3, trobar\u00e0 uns enlla\u00e7os amb informaci\u00f3 sobre com activar les seves prefer\u00e8ncies als principals navegadors:<\/p>\n\n\n\n<p><a href=\"http:\/\/support.mozilla.org\/es\/kb\/habilitar-y-deshabilitar-cookies-que-los-sitios-we\" target=\"_blank\" rel=\"noreferrer noopener\">Configuraci\u00f3 de Firefox<\/a><br><a href=\"http:\/\/support.google.com\/chrome\/bin\/answer.py?hl=es&amp;answer=95647\" target=\"_blank\" rel=\"noreferrer noopener\">Configuraci\u00f3 de Google Chrome<\/a><br><a href=\"http:\/\/windows.microsoft.com\/es-es\/windows-vista\/block-or-allow-cookies\" target=\"_blank\" rel=\"noreferrer noopener\">Configuraci\u00f3 de Internet Explorer<\/a><br><a href=\"http:\/\/www.apple.com\/legal\/privacy\/es\/cookies\/\" target=\"_blank\" rel=\"noreferrer noopener\">Configuraci\u00f3 de Safari<\/a><br><a href=\"http:\/\/help.opera.com\/Windows\/11.50\/es-ES\/cookies.html\" target=\"_blank\" rel=\"noreferrer noopener\">Configuraci\u00f3 de Opera<\/a><\/p>\n\n\n\n<p>En cas de bloquejar l\u2019\u00fas de cookies en el seu navegador \u00e9s possible que alguns serveis o funcionalitats de la p\u00e0gina web no estiguin disponibles.<\/p>\n\n\n\n<p>En alguns navegadors es poden configurar regles espec\u00edfiques per a administrar cookies segons cada lloc web, la qual cosa ofereix un control m\u00e9s prec\u00eds sobre la privacitat. Aix\u00f2 significa que es pot inhabilitar cookies de tots els llocs excepte d\u2019aquells en els quals es confi\u00ef.<\/p>\n\n\n\n<div style=\"height:60px\" aria-hidden=\"true\" class=\"wp-block-spacer\"><\/div>\n","protected":false},"excerpt":{"rendered":"<p>Pol\u00edtica de cookies A trav\u00e9s de la presente Pol\u00edtica de Cookies, PARES BALTA, SLU (en adelante PARES BALTA) como editor y responsable de este sitio web le informa sobre qu\u00e9 son las cookies, los tipos de cookies utilizadas, as\u00ed como su finalidad en esta p\u00e1gina web. La aceptaci\u00f3n de la presente Pol\u00edtica implica que el&#8230;<\/p>\n<p><a class=\"btn btn-secondary understrap-read-more-link\" href=\"https:\/\/paresbalta.com\/ca\/politica-de-cookies\/\">Llegeix m\u00e9s<span class=\"screen-reader-text\"> from Pol\u00edtica de cookies<\/span><\/a><\/p>\n","protected":false},"author":1,"featured_media":0,"parent":0,"menu_order":0,"comment_status":"closed","ping_status":"closed","template":"","meta":{"_acf_changed":false,"footnotes":""},"class_list":["post-5614","page","type-page","status-publish","hentry"],"acf":[],"_links":{"self":[{"href":"https:\/\/paresbalta.com\/ca\/wp-json\/wp\/v2\/pages\/5614","targetHints":{"allow":["GET"]}}],"collection":[{"href":"https:\/\/paresbalta.com\/ca\/wp-json\/wp\/v2\/pages"}],"about":[{"href":"https:\/\/paresbalta.com\/ca\/wp-json\/wp\/v2\/types\/page"}],"author":[{"embeddable":true,"href":"https:\/\/paresbalta.com\/ca\/wp-json\/wp\/v2\/users\/1"}],"replies":[{"embeddable":true,"href":"https:\/\/paresbalta.com\/ca\/wp-json\/wp\/v2\/comments?post=5614"}],"version-history":[{"count":1,"href":"https:\/\/paresbalta.com\/ca\/wp-json\/wp\/v2\/pages\/5614\/revisions"}],"predecessor-version":[{"id":5649,"href":"https:\/\/paresbalta.com\/ca\/wp-json\/wp\/v2\/pages\/5614\/revisions\/5649"}],"wp:attachment":[{"href":"https:\/\/paresbalta.com\/ca\/wp-json\/wp\/v2\/media?parent=5614"}],"curies":[{"name":"wp","href":"https:\/\/api.w.org\/{rel}","templated":true}]}}