{"id":5168,"date":"2022-01-11T09:58:12","date_gmt":"2022-01-11T09:58:12","guid":{"rendered":"https:\/\/paresbalta.com\/inicio\/"},"modified":"2026-01-08T16:38:32","modified_gmt":"2026-01-08T15:38:32","slug":"inicio","status":"publish","type":"page","link":"https:\/\/paresbalta.com\/ca\/","title":{"rendered":"Inici"},"content":{"rendered":"\n<div class=\"wp-block-nk-awb nk-awb home-block-cover home-title has-000000-background-color has-background\"><div class=\"nk-awb-wrap\" style=\"background:#000000\" data-awb-type=\"image\" data-awb-image-background-size=\"cover\" data-awb-image-background-position=\"50% 50%\"><div class=\"nk-awb-inner\" style=\"opacity: 0.9;\"><img loading=\"lazy\" decoding=\"async\" src=\"https:\/\/paresbalta.com\/wp-content\/uploads\/2023\/01\/Foto-portada-1.png\" class=\"wp-image-27975 jarallax-img\" alt=\"Par\u00e9s Balt\u00e0 poda de respecte\" width=\"1418\" height=\"794\" srcset=\"https:\/\/paresbalta.com\/wp-content\/uploads\/2023\/01\/Foto-portada-1.png 1418w, https:\/\/paresbalta.com\/wp-content\/uploads\/2023\/01\/Foto-portada-1-300x168.png 300w, https:\/\/paresbalta.com\/wp-content\/uploads\/2023\/01\/Foto-portada-1-600x336.png 600w, https:\/\/paresbalta.com\/wp-content\/uploads\/2023\/01\/Foto-portada-1-1024x573.png 1024w, https:\/\/paresbalta.com\/wp-content\/uploads\/2023\/01\/Foto-portada-1-768x430.png 768w, https:\/\/paresbalta.com\/wp-content\/uploads\/2023\/01\/Foto-portada-1-100x56.png 100w\" sizes=\"auto, (max-width: 1418px) 100vw, 1418px\" \/><\/div><\/div><div class=\"nk-awb-wrap-content is-layout-constrained wp-block-nk-awb-is-layout-constrained\">\n<div class=\"wp-block-group down-arrow\"><div class=\"wp-block-group__inner-container is-layout-flow wp-block-group-is-layout-flow\">\n<i class=\"fa fa-chevron-down\" aria-hidden=\"true\"><\/i>\n<\/div><\/div>\n\n\n\n<div class=\"wp-block-group alignfull home-visites col-md-7 col-lg-5\"><div class=\"wp-block-group__inner-container is-layout-flow wp-block-group-is-layout-flow\">\n<div class=\"wp-block-group grup01 has-background\" style=\"background-color:#524138\"><div class=\"wp-block-group__inner-container is-layout-flow wp-block-group-is-layout-flow\">\n<h3 class=\"wp-block-heading has-white-color has-text-color\" style=\"font-size:1.3rem\">VISITES, DEGUSTACIONS I MARIDATGES<\/h3>\n\n\n\n<p class=\"has-white-color has-text-color\">De Dilluns a Diumenge de 9:30h a 18:30h.<\/p>\n\n\n\n<div class=\"wp-block-buttons is-horizontal is-content-justification-left is-layout-flex wp-container-core-buttons-is-layout-7e5fce0a wp-block-buttons-is-layout-flex\">\n<div class=\"wp-block-button rounded-btn transparent\"><a class=\"wp-block-button__link has-white-color has-text-color wp-element-button\" href=\"https:\/\/paresbalta.com\/ca\/visites\/\" rel=\"\">Reserva<\/a><\/div>\n<\/div>\n<\/div><\/div>\n<\/div><\/div>\n\n\n\n<div class=\"wp-block-group title_wrapp\"><div class=\"wp-block-group__inner-container is-layout-flow wp-block-group-is-layout-flow\">\n<h2 class=\"wp-block-heading has-text-align-center has-white-color has-text-color\" style=\"font-size:2.5rem\">Cuidant la nostra terra des de 1790<\/h2>\n\n\n\n<h1 class=\"wp-block-heading has-text-align-center has-white-color has-text-color\" style=\"font-size:1.8rem;font-style:normal;font-weight:300\">Vins i caves ecol\u00f2gics del Pened\u00e8s<\/h1>\n<\/div><\/div>\n<\/div><\/div>\n\n\n\n<div class=\"wp-block-columns alignfull block-cols is-layout-flex wp-container-core-columns-is-layout-9d6595d7 wp-block-columns-is-layout-flex\">\n<div class=\"wp-block-column image-column col-md-6 col-lg-8 is-layout-flow wp-block-column-is-layout-flow\">\n<figure class=\"wp-block-image size-full\"><img loading=\"lazy\" decoding=\"async\" width=\"1772\" height=\"1181\" src=\"https:\/\/paresbalta.com\/wp-content\/uploads\/2022\/04\/pares-balta2019-jordi-elias-6-ok.jpg\" alt=\"\" class=\"wp-image-385\" srcset=\"https:\/\/paresbalta.com\/wp-content\/uploads\/2022\/04\/pares-balta2019-jordi-elias-6-ok.jpg 1772w, https:\/\/paresbalta.com\/wp-content\/uploads\/2022\/04\/pares-balta2019-jordi-elias-6-ok-300x200.jpg 300w, https:\/\/paresbalta.com\/wp-content\/uploads\/2022\/04\/pares-balta2019-jordi-elias-6-ok-600x400.jpg 600w, https:\/\/paresbalta.com\/wp-content\/uploads\/2022\/04\/pares-balta2019-jordi-elias-6-ok-1024x682.jpg 1024w, https:\/\/paresbalta.com\/wp-content\/uploads\/2022\/04\/pares-balta2019-jordi-elias-6-ok-768x512.jpg 768w, https:\/\/paresbalta.com\/wp-content\/uploads\/2022\/04\/pares-balta2019-jordi-elias-6-ok-1536x1024.jpg 1536w, https:\/\/paresbalta.com\/wp-content\/uploads\/2022\/04\/pares-balta2019-jordi-elias-6-ok-100x67.jpg 100w\" sizes=\"auto, (max-width: 1772px) 100vw, 1772px\" \/><\/figure>\n<\/div>\n\n\n\n<div class=\"wp-block-column text-column col-md-6 col-lg-4 is-layout-flow wp-block-column-is-layout-flow\">\n<div class=\"wp-block-group align-middle-items\"><div class=\"wp-block-group__inner-container is-layout-flow wp-block-group-is-layout-flow\">\n<h2 class=\"wp-block-heading\">Celler&nbsp;familiar<\/h2>\n\n\n\n<p>Som un celler familiar amb una&nbsp;<strong>llarga tradici\u00f3<\/strong>&nbsp;vitivin\u00edcola. Els or\u00edgens es remunten al 1790, any en el que es van plantar les primeres vinyes a les nostres finques del&nbsp;<strong>Pened\u00e8s<\/strong>, a nom\u00e9s 30km del Mediterrani i de Barcelona.<\/p>\n\n\n\n<p>El nostre objectiu \u00e9s tenir cura de les vinyes de la millor manera possible per tal d\u2019elaborar&nbsp;<strong>vins i caves ecol\u00f2gics<\/strong>&nbsp;plens d\u2019expressi\u00f3 i d\u2019ess\u00e8ncia de la nostra terra; una terra que durant segles s\u2019ha dedicat al cultiu de la vinya.<\/p>\n\n\n\n<div class=\"wp-block-buttons is-layout-flex wp-block-buttons-is-layout-flex\">\n<div class=\"wp-block-button rounded-btn\"><a class=\"wp-block-button__link has-white-color has-text-color has-background wp-element-button\" href=\"https:\/\/paresbalta.com\/ca\/celler-familiar-des-de-1790\/\" style=\"background-color:#524138\">Des de 1790<\/a><\/div>\n<\/div>\n<\/div><\/div>\n<\/div>\n<\/div>\n\n\n\n<div class=\"wp-block-columns alignfull block-cols movile-reverse is-layout-flex wp-container-core-columns-is-layout-9d6595d7 wp-block-columns-is-layout-flex\">\n<div class=\"wp-block-column text-column col-md-6 col-lg-4 has-background is-layout-flow wp-block-column-is-layout-flow\" style=\"background-color:#cfccc7\">\n<div class=\"wp-block-group align-middle-items\"><div class=\"wp-block-group__inner-container is-layout-flow wp-block-group-is-layout-flow\">\n<h2 class=\"wp-block-heading\">Viticultura biodin\u00e0mica<\/h2>\n\n\n\n<p>Des de sempre, la nostra passi\u00f3 per la&nbsp;<strong>natura<\/strong>&nbsp;ens ha emp\u00e8s a conrear les vinyes de forma ecol\u00f2gica, certificades des del 2002, i&nbsp;<strong>biodin\u00e0mica<\/strong>&nbsp;des del 2012.<\/p>\n\n\n\n<p>Les nostres finques gaudeixen d\u2019una gran&nbsp;<strong>biodiversitat<\/strong>&nbsp;gr\u00e0cies als diferents tipus de cultiu que tenim, com el de les oliveres o els ametllers. Alimentem la terra i adobem les vinyes amb el nostre propi ramat d\u2019ovelles i tenim bresques d\u2019abelles que ens ajuden a pol\u00b7linitzar i a transmetre l\u2019ess\u00e8ncia mediterr\u00e0nia al nostre ra\u00efm.<\/p>\n\n\n\n<div class=\"wp-block-buttons is-layout-flex wp-block-buttons-is-layout-flex\">\n<div class=\"wp-block-button rounded-btn\"><a class=\"wp-block-button__link has-text-color has-background wp-element-button\" href=\"https:\/\/paresbalta.com\/ca\/agricultura-biodinamica\/\" style=\"color:#cfccc7;background-color:#524138\">Valors biodin\u00e0mics<\/a><\/div>\n<\/div>\n<\/div><\/div>\n<\/div>\n\n\n\n<div class=\"wp-block-column image-column col-md-6 col-lg-8 is-layout-flow wp-block-column-is-layout-flow\">\n<figure class=\"wp-block-image size-full\"><img loading=\"lazy\" decoding=\"async\" width=\"2500\" height=\"1660\" src=\"https:\/\/paresbalta.com\/wp-content\/uploads\/2022\/05\/Foto-biodinamica-Home.jpg\" alt=\"\" class=\"wp-image-2342\" srcset=\"https:\/\/paresbalta.com\/wp-content\/uploads\/2022\/05\/Foto-biodinamica-Home.jpg 2500w, https:\/\/paresbalta.com\/wp-content\/uploads\/2022\/05\/Foto-biodinamica-Home-300x199.jpg 300w, https:\/\/paresbalta.com\/wp-content\/uploads\/2022\/05\/Foto-biodinamica-Home-600x398.jpg 600w, https:\/\/paresbalta.com\/wp-content\/uploads\/2022\/05\/Foto-biodinamica-Home-1024x680.jpg 1024w, https:\/\/paresbalta.com\/wp-content\/uploads\/2022\/05\/Foto-biodinamica-Home-768x510.jpg 768w, https:\/\/paresbalta.com\/wp-content\/uploads\/2022\/05\/Foto-biodinamica-Home-1536x1020.jpg 1536w, https:\/\/paresbalta.com\/wp-content\/uploads\/2022\/05\/Foto-biodinamica-Home-2048x1360.jpg 2048w, https:\/\/paresbalta.com\/wp-content\/uploads\/2022\/05\/Foto-biodinamica-Home-100x66.jpg 100w\" sizes=\"auto, (max-width: 2500px) 100vw, 2500px\" \/><\/figure>\n<\/div>\n<\/div>\n\n\n\n<div class=\"wp-block-columns alignfull block-cols is-layout-flex wp-container-core-columns-is-layout-9d6595d7 wp-block-columns-is-layout-flex\">\n<div class=\"wp-block-column image-column col-md-6 col-lg-8 is-layout-flow wp-block-column-is-layout-flow\">\n<figure class=\"wp-block-image size-full\"><img loading=\"lazy\" decoding=\"async\" width=\"1024\" height=\"732\" src=\"https:\/\/paresbalta.com\/wp-content\/uploads\/2024\/08\/Marta-1024x732-v2.jpg\" alt=\"\" class=\"wp-image-274348\" srcset=\"https:\/\/paresbalta.com\/wp-content\/uploads\/2024\/08\/Marta-1024x732-v2.jpg 1024w, https:\/\/paresbalta.com\/wp-content\/uploads\/2024\/08\/Marta-1024x732-v2-300x214.jpg 300w, https:\/\/paresbalta.com\/wp-content\/uploads\/2024\/08\/Marta-1024x732-v2-768x549.jpg 768w, https:\/\/paresbalta.com\/wp-content\/uploads\/2024\/08\/Marta-1024x732-v2-500x357.jpg 500w, https:\/\/paresbalta.com\/wp-content\/uploads\/2024\/08\/Marta-1024x732-v2-800x572.jpg 800w, https:\/\/paresbalta.com\/wp-content\/uploads\/2024\/08\/Marta-1024x732-v2-600x429.jpg 600w, https:\/\/paresbalta.com\/wp-content\/uploads\/2024\/08\/Marta-1024x732-v2-100x71.jpg 100w\" sizes=\"auto, (max-width: 1024px) 100vw, 1024px\" \/><\/figure>\n<\/div>\n\n\n\n<div class=\"wp-block-column text-column col-md-6 col-lg-4 has-white-color has-text-color has-background is-layout-flow wp-block-column-is-layout-flow\" style=\"background-color:#524138\">\n<div class=\"wp-block-group align-middle-items\"><div class=\"wp-block-group__inner-container is-layout-flow wp-block-group-is-layout-flow\">\n<h2 class=\"wp-block-heading\">Dones en\u00f2logues<\/h2>\n\n\n\n<p>Les esposes d\u2019en Joan i en Josep Cusin\u00e9, tercera generaci\u00f3 de la fam\u00edlia, han estat les en\u00f2logues del celler familiar durant m\u00e9s de 20 anys.<\/p>\n\n\n\n<p>La <strong>Maria Elena<\/strong> i la <strong>Marta<\/strong> van arribar al celler cap a l\u2019any 2000 despr\u00e9s d\u2019estudiar <strong>Enologia <\/strong>al la Universitat de Tarragona. La seva arribada va motivar un canvi en les idees i van provocar una revoluci\u00f3 al celler innovant i experimentant amb varietats i m\u00e8todes de vinificaci\u00f3 diferents. Combinant la <strong>innovaci\u00f3 <\/strong>amb la <strong>tradici\u00f3<\/strong>, van aconseguir elaborar vins i caves ecol\u00f2gics i biodin\u00e0mics plens de car\u00e0cter i expressivitat, capa\u00e7os de generar emocions en aquells que els tasteu.<\/p>\n\n\n\n<p>Marta&nbsp;Casas, escollida <a href=\"https:\/\/paresbalta.com\/ca\/marta-cases-de-pares-balta-reconeguda-com-a-enoleg-de-lany-per-tim-atkin-mw\/\"><strong>Millor En\u00f2loga de l&#8217;Any 2024<\/strong><\/a> pel Master of Wine Tim&nbsp;Atkin, actualment dirigeix \u200b\u200bel departament d&#8217;enologia junt amb el seu marit Josep i el seu cunyat Joan.<\/p>\n\n\n\n<div class=\"wp-block-buttons is-layout-flex wp-block-buttons-is-layout-flex\">\n<div class=\"wp-block-button rounded-btn\"><a class=\"wp-block-button__link has-white-background-color has-text-color has-background wp-element-button\" href=\"https:\/\/paresbalta.com\/ca\/enologia-minima-intervencio\/\" style=\"color:#524138\">Coneix les en\u00f2logues<\/a><\/div>\n<\/div>\n<\/div><\/div>\n<\/div>\n<\/div>\n\n\n\n<div class=\"wp-block-columns alignfull block-cols movile-reverse is-layout-flex wp-container-core-columns-is-layout-9d6595d7 wp-block-columns-is-layout-flex\">\n<div class=\"wp-block-column text-column col-md-6 col-lg-4 has-white-background-color has-background is-layout-flow wp-block-column-is-layout-flow\">\n<div class=\"wp-block-group align-middle-items\"><div class=\"wp-block-group__inner-container is-layout-flow wp-block-group-is-layout-flow\">\n<h2 class=\"wp-block-heading\">Elaborador integral<\/h2>\n\n\n\n<p>L\u2019any 2022 a Par\u00e9s Balt\u00e0 vam obtenir el segell d\u2019Elaborador Integral, juntament amb altres 13 cellers de la DO Cava.<\/p>\n\n\n\n<p>L\u2019<a href=\"https:\/\/paresbalta.com\/ca\/que-es-un-elaborador-integral\/\">Elaborador Integral<\/a> \u00e9s aquella bodega que controla tot el proc\u00e9s d\u2019elaboraci\u00f3 del seu cava, des de la verema fins a l\u2019embotellat, i ho realitza dins de les seves pr\u00f2pies instal\u00b7lacions i vinyes. Aquest proc\u00e9s ens permet un major control sobre la qualitat del producte final i una major tra\u00e7abilitat en tot el proc\u00e9s, el que es tradueix en un vi escum\u00f3s d\u2019alta qualitat i exclusivitat.<\/p>\n\n\n\n<div class=\"wp-block-buttons is-layout-flex wp-block-buttons-is-layout-flex\">\n<div class=\"wp-block-button rounded-btn\"><a class=\"wp-block-button__link has-text-color has-background wp-element-button\" href=\"https:\/\/paresbalta.com\/ca\/que-es-un-elaborador-integral\/\" style=\"color:#cfccc7;background-color:#524138\">Descobreix m\u00e9s<\/a><\/div>\n<\/div>\n<\/div><\/div>\n<\/div>\n\n\n\n<div class=\"wp-block-column image-column col-md-6 col-lg-8 is-layout-flow wp-block-column-is-layout-flow\">\n<figure class=\"wp-block-image size-full\"><img loading=\"lazy\" decoding=\"async\" width=\"2500\" height=\"1667\" src=\"https:\/\/paresbalta.com\/wp-content\/uploads\/2024\/04\/Pares-Balta-Elaborador-Integral-logo-white-2.jpg\" alt=\"\" class=\"wp-image-217086\" srcset=\"https:\/\/paresbalta.com\/wp-content\/uploads\/2024\/04\/Pares-Balta-Elaborador-Integral-logo-white-2.jpg 2500w, https:\/\/paresbalta.com\/wp-content\/uploads\/2024\/04\/Pares-Balta-Elaborador-Integral-logo-white-2-300x200.jpg 300w, https:\/\/paresbalta.com\/wp-content\/uploads\/2024\/04\/Pares-Balta-Elaborador-Integral-logo-white-2-600x400.jpg 600w, https:\/\/paresbalta.com\/wp-content\/uploads\/2024\/04\/Pares-Balta-Elaborador-Integral-logo-white-2-1024x683.jpg 1024w, https:\/\/paresbalta.com\/wp-content\/uploads\/2024\/04\/Pares-Balta-Elaborador-Integral-logo-white-2-768x512.jpg 768w, https:\/\/paresbalta.com\/wp-content\/uploads\/2024\/04\/Pares-Balta-Elaborador-Integral-logo-white-2-1536x1024.jpg 1536w, https:\/\/paresbalta.com\/wp-content\/uploads\/2024\/04\/Pares-Balta-Elaborador-Integral-logo-white-2-2048x1366.jpg 2048w, https:\/\/paresbalta.com\/wp-content\/uploads\/2024\/04\/Pares-Balta-Elaborador-Integral-logo-white-2-500x333.jpg 500w, https:\/\/paresbalta.com\/wp-content\/uploads\/2024\/04\/Pares-Balta-Elaborador-Integral-logo-white-2-800x533.jpg 800w, https:\/\/paresbalta.com\/wp-content\/uploads\/2024\/04\/Pares-Balta-Elaborador-Integral-logo-white-2-1280x854.jpg 1280w, https:\/\/paresbalta.com\/wp-content\/uploads\/2024\/04\/Pares-Balta-Elaborador-Integral-logo-white-2-1920x1280.jpg 1920w, https:\/\/paresbalta.com\/wp-content\/uploads\/2024\/04\/Pares-Balta-Elaborador-Integral-logo-white-2-100x67.jpg 100w\" sizes=\"auto, (max-width: 2500px) 100vw, 2500px\" \/><\/figure>\n<\/div>\n<\/div>\n\n\n\n<div class=\"wp-block-columns alignfull block-cols is-layout-flex wp-container-core-columns-is-layout-9d6595d7 wp-block-columns-is-layout-flex\">\n<div class=\"wp-block-column image-column col-md-6 col-lg-8 is-layout-flow wp-block-column-is-layout-flow\">\n<figure class=\"wp-block-image size-full\"><img loading=\"lazy\" decoding=\"async\" width=\"2134\" height=\"1525\" src=\"https:\/\/paresbalta.com\/wp-content\/uploads\/2024\/12\/Visites-PARES-BALTA.jpg\" alt=\"\" class=\"wp-image-277678\" srcset=\"https:\/\/paresbalta.com\/wp-content\/uploads\/2024\/12\/Visites-PARES-BALTA.jpg 2134w, https:\/\/paresbalta.com\/wp-content\/uploads\/2024\/12\/Visites-PARES-BALTA-300x214.jpg 300w, https:\/\/paresbalta.com\/wp-content\/uploads\/2024\/12\/Visites-PARES-BALTA-1024x732.jpg 1024w, https:\/\/paresbalta.com\/wp-content\/uploads\/2024\/12\/Visites-PARES-BALTA-768x549.jpg 768w, https:\/\/paresbalta.com\/wp-content\/uploads\/2024\/12\/Visites-PARES-BALTA-1536x1098.jpg 1536w, https:\/\/paresbalta.com\/wp-content\/uploads\/2024\/12\/Visites-PARES-BALTA-2048x1464.jpg 2048w, https:\/\/paresbalta.com\/wp-content\/uploads\/2024\/12\/Visites-PARES-BALTA-500x357.jpg 500w, https:\/\/paresbalta.com\/wp-content\/uploads\/2024\/12\/Visites-PARES-BALTA-800x572.jpg 800w, https:\/\/paresbalta.com\/wp-content\/uploads\/2024\/12\/Visites-PARES-BALTA-1280x915.jpg 1280w, https:\/\/paresbalta.com\/wp-content\/uploads\/2024\/12\/Visites-PARES-BALTA-1920x1372.jpg 1920w, https:\/\/paresbalta.com\/wp-content\/uploads\/2024\/12\/Visites-PARES-BALTA-600x429.jpg 600w, https:\/\/paresbalta.com\/wp-content\/uploads\/2024\/12\/Visites-PARES-BALTA-100x71.jpg 100w\" sizes=\"auto, (max-width: 2134px) 100vw, 2134px\" \/><\/figure>\n<\/div>\n\n\n\n<div class=\"wp-block-column text-column col-md-6 col-lg-4 has-background is-layout-flow wp-block-column-is-layout-flow\" style=\"background-color:#cfccc7\">\n<div class=\"wp-block-group align-middle-items\"><div class=\"wp-block-group__inner-container is-layout-flow wp-block-group-is-layout-flow\">\n<h2 class=\"wp-block-heading\">Experi\u00e8ncies aut\u00e8ntiques<\/h2>\n\n\n\n<p><a href=\"https:\/\/paresbalta.com\/ca\/visites\/\" data-type=\"link\" data-id=\"https:\/\/paresbalta.com\/ca\/visitas\/\">Visitar<\/a> Par\u00e9s Balt\u00e0 \u00e9s fer un viatge a un dels racons m\u00e9s bonics del Pened\u00e8s.<\/p>\n\n\n\n<p>El 2024, el nostre celler ha estat escollit entre les <strong><a href=\"https:\/\/paresbalta.com\/ca\/pares-balta-entre-els-100-millors-cellers-del-mon\/\" data-type=\"link\" data-id=\"https:\/\/paresbalta.com\/ca\/pares-balta-entre-els-100-millors-cellers-del-mon\/\">100 Millors Vinyes del M\u00f3n<\/a><\/strong>, un reconeixement atorgat per <em>World\u2019s Best Vineyards<\/em>, que premia els cellers que ofereixen les experi\u00e8ncies enotur\u00edstiques m\u00e9s completes, excepcionals i recomanables a nivell mundial.<\/p>\n\n\n\n<p>A Par\u00e9s Balt\u00e0 ens comprometem a oferir experi\u00e8ncies inoblidables, a trav\u00e9s d&#8217;una connexi\u00f3 profunda amb el terrer i la tradici\u00f3. Oferim <strong>tastos<\/strong> comentats, <strong>maridatges<\/strong> amb xocolates o formatges,<strong> tours en 4\u00d74<\/strong> pel Pened\u00e8s, <strong>passeigs<\/strong> per les vinyes i degustacions a copes al pati familiar.<\/p>\n\n\n\n<div class=\"wp-block-buttons is-layout-flex wp-block-buttons-is-layout-flex\">\n<div class=\"wp-block-button rounded-btn\"><a class=\"wp-block-button__link has-text-color has-background wp-element-button\" href=\"https:\/\/paresbalta.com\/ca\/visites\/\" style=\"color:#cfccc7;background-color:#524138\">Reserva la teva visita<\/a><\/div>\n<\/div>\n<\/div><\/div>\n<\/div>\n<\/div>\n\n\n\n<div class=\"wp-block-columns alignfull block-cols movile-reverse is-layout-flex wp-container-core-columns-is-layout-9d6595d7 wp-block-columns-is-layout-flex\">\n<div class=\"wp-block-column text-column col-md-6 col-lg-4 has-background is-layout-flow wp-block-column-is-layout-flow\" style=\"background-color:#524138\">\n<div class=\"wp-block-group align-middle-items\"><div class=\"wp-block-group__inner-container is-layout-flow wp-block-group-is-layout-flow\">\n<h2 class=\"wp-block-heading has-white-color has-text-color has-link-color wp-elements-1d2e481c7bf3dee064ed67cd5eeb7d90\">Elaborador integral<\/h2>\n\n\n\n<p class=\"has-white-color has-text-color has-link-color wp-elements-d7ee5cff591f82eeb47f6cada66d1387\">A la nostra botiga online pots&nbsp;<strong>comprar<\/strong>&nbsp;tots els vins i caves del celler, aix\u00ed com tamb\u00e9 hi trobar\u00e0s els que elaborem als cellers familiars del Priorat, Gratavinum, i de la Ribera del Duero, Dominio Romano.<\/p>\n\n\n\n<p class=\"has-white-color has-text-color has-link-color wp-elements-cd10a45db10bcefc28c89f84f074ebbb\">Tots els nostres vins i caves s\u00f3n&nbsp;<strong>ecol\u00f2gics, d\u2019agricultura biodin\u00e0mica i aptes per a vegans.<\/strong>&nbsp;S\u2019elaboren amb ra\u00efms de les nostres finques que veremem a m\u00e0 en el seu punt \u00f2ptim de maduraci\u00f3, per obtenir-ne la m\u00e0xima&nbsp;<strong>qualitat.<\/strong><\/p>\n\n\n\n<p class=\"has-white-color has-text-color has-link-color wp-elements-63b9f1c87923d75caab03d7c38e07a63\">Gaudeix de glops de natura a casa teva.<\/p>\n\n\n\n<div class=\"wp-block-buttons is-layout-flex wp-block-buttons-is-layout-flex\">\n<div class=\"wp-block-button rounded-btn\"><a class=\"wp-block-button__link has-white-background-color has-text-color has-background wp-element-button\" href=\"https:\/\/paresbalta.com\/ca\/botiga-online-vins-caves\/\" style=\"color:#524138\">Botiga<\/a><\/div>\n<\/div>\n<\/div><\/div>\n<\/div>\n\n\n\n<div class=\"wp-block-column image-column col-md-6 col-lg-8 is-layout-flow wp-block-column-is-layout-flow\">\n<figure class=\"wp-block-image size-full\"><img loading=\"lazy\" decoding=\"async\" width=\"2560\" height=\"1707\" src=\"https:\/\/paresbalta.com\/wp-content\/uploads\/2022\/03\/vi-i-cava-de-pares-balta-scaled-1.jpg\" alt=\"\" class=\"wp-image-232\" srcset=\"https:\/\/paresbalta.com\/wp-content\/uploads\/2022\/03\/vi-i-cava-de-pares-balta-scaled-1.jpg 2560w, https:\/\/paresbalta.com\/wp-content\/uploads\/2022\/03\/vi-i-cava-de-pares-balta-scaled-1-300x200.jpg 300w, https:\/\/paresbalta.com\/wp-content\/uploads\/2022\/03\/vi-i-cava-de-pares-balta-scaled-1-600x400.jpg 600w, https:\/\/paresbalta.com\/wp-content\/uploads\/2022\/03\/vi-i-cava-de-pares-balta-scaled-1-1024x683.jpg 1024w, https:\/\/paresbalta.com\/wp-content\/uploads\/2022\/03\/vi-i-cava-de-pares-balta-scaled-1-768x512.jpg 768w, https:\/\/paresbalta.com\/wp-content\/uploads\/2022\/03\/vi-i-cava-de-pares-balta-scaled-1-1536x1024.jpg 1536w, https:\/\/paresbalta.com\/wp-content\/uploads\/2022\/03\/vi-i-cava-de-pares-balta-scaled-1-2048x1366.jpg 2048w\" sizes=\"auto, (max-width: 2560px) 100vw, 2560px\" \/><\/figure>\n<\/div>\n<\/div>\n","protected":false},"excerpt":{"rendered":"<p>Celler&nbsp;familiar Som un celler familiar amb una&nbsp;llarga tradici\u00f3&nbsp;vitivin\u00edcola. Els or\u00edgens es remunten al 1790, any en el que es van plantar les primeres vinyes a les nostres finques del&nbsp;Pened\u00e8s, a nom\u00e9s 30km del Mediterrani i de Barcelona. El nostre objectiu \u00e9s tenir cura de les vinyes de la millor manera possible per tal d\u2019elaborar&nbsp;vins i&#8230;<\/p>\n<p><a class=\"btn btn-secondary understrap-read-more-link\" href=\"https:\/\/paresbalta.com\/ca\/\">Llegeix m\u00e9s<span class=\"screen-reader-text\"> from Inici<\/span><\/a><\/p>\n","protected":false},"author":1,"featured_media":0,"parent":0,"menu_order":0,"comment_status":"closed","ping_status":"closed","template":"page-templates\/fullwidthpage.php","meta":{"_acf_changed":false,"footnotes":""},"class_list":["post-5168","page","type-page","status-publish","hentry"],"acf":[],"_links":{"self":[{"href":"https:\/\/paresbalta.com\/ca\/wp-json\/wp\/v2\/pages\/5168","targetHints":{"allow":["GET"]}}],"collection":[{"href":"https:\/\/paresbalta.com\/ca\/wp-json\/wp\/v2\/pages"}],"about":[{"href":"https:\/\/paresbalta.com\/ca\/wp-json\/wp\/v2\/types\/page"}],"author":[{"embeddable":true,"href":"https:\/\/paresbalta.com\/ca\/wp-json\/wp\/v2\/users\/1"}],"replies":[{"embeddable":true,"href":"https:\/\/paresbalta.com\/ca\/wp-json\/wp\/v2\/comments?post=5168"}],"version-history":[{"count":40,"href":"https:\/\/paresbalta.com\/ca\/wp-json\/wp\/v2\/pages\/5168\/revisions"}],"predecessor-version":[{"id":290743,"href":"https:\/\/paresbalta.com\/ca\/wp-json\/wp\/v2\/pages\/5168\/revisions\/290743"}],"wp:attachment":[{"href":"https:\/\/paresbalta.com\/ca\/wp-json\/wp\/v2\/media?parent=5168"}],"curies":[{"name":"wp","href":"https:\/\/api.w.org\/{rel}","templated":true}]}}