{"id":5140,"date":"2022-05-02T16:22:02","date_gmt":"2022-05-02T16:22:02","guid":{"rendered":"https:\/\/paresbalta.com\/vino-ecologico-biodinamico\/"},"modified":"2024-02-27T09:42:30","modified_gmt":"2024-02-27T08:42:30","slug":"vi-ecologic-biodinamic","status":"publish","type":"page","link":"https:\/\/paresbalta.com\/ca\/vi-ecologic-biodinamic\/","title":{"rendered":"Vins"},"content":{"rendered":"\n<div style=\"height:120px\" aria-hidden=\"true\" class=\"wp-block-spacer\"><\/div>\n\n\n\n<h1 class=\"wp-block-heading has-text-align-center\" style=\"font-size:2.5rem\">Els vins ecol\u00f2gics i vegans de Par\u00e9s Balt\u00e0<\/h1>\n\n\n\n<div style=\"height:40px\" aria-hidden=\"true\" class=\"wp-block-spacer\"><\/div>\n\n\n\n<div class=\"wp-block-columns is-layout-flex wp-container-core-columns-is-layout-9d6595d7 wp-block-columns-is-layout-flex\">\n<div class=\"wp-block-column is-layout-flow wp-block-column-is-layout-flow\" style=\"flex-basis:100%\">\n<h2 class=\"wp-block-heading has-text-align-center max-width-header\">Descobreix els nostres vins de viticultura biodin\u00e0mica, elaborats al Pened\u00e9s<\/h2>\n<\/div>\n<\/div>\n\n\n\n<div style=\"height:10px\" aria-hidden=\"true\" class=\"wp-block-spacer\"><\/div>\n\n\n\n<div class=\"wp-block-columns px-3 px-md-5 info-cols info-btns is-layout-flex wp-container-core-columns-is-layout-9d6595d7 wp-block-columns-is-layout-flex\">\n<div class=\"wp-block-column is-layout-flow wp-block-column-is-layout-flow\">\n<figure class=\"wp-block-image size-large is-style-default\"><img loading=\"lazy\" decoding=\"async\" width=\"1024\" height=\"683\" src=\"https:\/\/paresbalta.com\/wp-content\/uploads\/2022\/05\/Hisenda-Miret-2-1024x683.jpg\" alt=\"\" class=\"wp-image-1723\" srcset=\"https:\/\/paresbalta.com\/wp-content\/uploads\/2022\/05\/Hisenda-Miret-2-1024x683.jpg 1024w, https:\/\/paresbalta.com\/wp-content\/uploads\/2022\/05\/Hisenda-Miret-2-300x200.jpg 300w, https:\/\/paresbalta.com\/wp-content\/uploads\/2022\/05\/Hisenda-Miret-2-600x400.jpg 600w, https:\/\/paresbalta.com\/wp-content\/uploads\/2022\/05\/Hisenda-Miret-2-768x512.jpg 768w, https:\/\/paresbalta.com\/wp-content\/uploads\/2022\/05\/Hisenda-Miret-2-1536x1024.jpg 1536w, https:\/\/paresbalta.com\/wp-content\/uploads\/2022\/05\/Hisenda-Miret-2-2048x1366.jpg 2048w, https:\/\/paresbalta.com\/wp-content\/uploads\/2022\/05\/Hisenda-Miret-2-100x67.jpg 100w\" sizes=\"auto, (max-width: 1024px) 100vw, 1024px\" \/><\/figure>\n\n\n\n<div class=\"wp-block-group pt-2\"><div class=\"wp-block-group__inner-container is-layout-flow wp-block-group-is-layout-flow\">\n<h2 class=\"wp-block-heading\">MicroCuv\u00e9e<\/h2>\n\n\n\n<p>Els&nbsp;<a href=\"https:\/\/paresbalta.com\/ca\/vi-ecologic-biodinamic\/microcuvee-vi-finca\/\">Microcuv\u00e9e<\/a>&nbsp;s\u00f3n vins de finca de producci\u00f3 molt limitada. Tots ells provenen de vinyes molt especials ja sigui per la seva edat (algunes tenen m\u00e9s de 90 anys), microclima o terrer. Aquestes microvinificacions es caracteritzen per la seva eleg\u00e0ncia, car\u00e0cter i delicadesa. S\u00f3n vins&nbsp;<strong>per gaudir en moments especials<\/strong>, per regalar o regalar-se a un mateix.<\/p>\n<\/div><\/div>\n\n\n\n<div class=\"wp-block-buttons pb-3 is-layout-flex wp-block-buttons-is-layout-flex\">\n<div class=\"wp-block-button is-style-fill rounded-btn\"><a class=\"wp-block-button__link has-text-color has-background wp-element-button\" href=\"https:\/\/paresbalta.com\/ca\/vino-ecologico-biodinamico\/microcuvee-vino-finca\/\" style=\"color:#cfccc7;background-color:#524138\">M\u00e9s informaci\u00f3<\/a><\/div>\n<\/div>\n<\/div>\n\n\n\n<div class=\"wp-block-column is-layout-flow wp-block-column-is-layout-flow\">\n<figure class=\"wp-block-image size-large is-style-default\"><img loading=\"lazy\" decoding=\"async\" width=\"1024\" height=\"683\" src=\"https:\/\/paresbalta.com\/wp-content\/uploads\/2022\/05\/Calcari-1024x683.jpg\" alt=\"\" class=\"wp-image-1726\" srcset=\"https:\/\/paresbalta.com\/wp-content\/uploads\/2022\/05\/Calcari-1024x683.jpg 1024w, https:\/\/paresbalta.com\/wp-content\/uploads\/2022\/05\/Calcari-300x200.jpg 300w, https:\/\/paresbalta.com\/wp-content\/uploads\/2022\/05\/Calcari-600x400.jpg 600w, https:\/\/paresbalta.com\/wp-content\/uploads\/2022\/05\/Calcari-768x512.jpg 768w, https:\/\/paresbalta.com\/wp-content\/uploads\/2022\/05\/Calcari-1536x1024.jpg 1536w, https:\/\/paresbalta.com\/wp-content\/uploads\/2022\/05\/Calcari-2048x1366.jpg 2048w, https:\/\/paresbalta.com\/wp-content\/uploads\/2022\/05\/Calcari-100x67.jpg 100w\" sizes=\"auto, (max-width: 1024px) 100vw, 1024px\" \/><\/figure>\n\n\n\n<div class=\"wp-block-group pt-2\"><div class=\"wp-block-group__inner-container is-layout-flow wp-block-group-is-layout-flow\">\n<h2 class=\"wp-block-heading\">R-Evolution<\/h2>\n\n\n\n<p>Els&nbsp;<a href=\"https:\/\/paresbalta.com\/ca\/vi-ecologic-biodinamic\/revolution-vi-vega\/\">R-Evolution<\/a>&nbsp;s\u00f3n vins expressius, majorit\u00e0riament monovarietals i plens de l\u2019ess\u00e8ncia de la nostra terra, elaborats amb varietats aut\u00f2ctones de la regi\u00f3 com el xarel\u00b7lo, garnatxa, macabeu, sumoll o malvasia de Sitges. S\u00f3n ideals&nbsp;<strong>per acompanyar qualsevol \u00e0pat<\/strong>&nbsp;en bona companyia.<\/p>\n<\/div><\/div>\n\n\n\n<div class=\"wp-block-buttons pb-3 is-layout-flex wp-block-buttons-is-layout-flex\">\n<div class=\"wp-block-button is-style-fill rounded-btn\"><a class=\"wp-block-button__link has-text-color has-background wp-element-button\" href=\"https:\/\/paresbalta.com\/ca\/vino-ecologico-biodinamico\/revolution-vino-vegano\/\" style=\"color:#cfccc7;background-color:#524138\">M\u00e9s informaci\u00f3<\/a><\/div>\n<\/div>\n<\/div>\n\n\n\n<div class=\"wp-block-column is-layout-flow wp-block-column-is-layout-flow\">\n<figure class=\"wp-block-image size-large is-style-default\"><img loading=\"lazy\" decoding=\"async\" width=\"1024\" height=\"683\" src=\"https:\/\/paresbalta.com\/wp-content\/uploads\/2024\/02\/vino-ros-de-pacs-pares-balta-2-1024x683.jpg\" alt=\"\" class=\"wp-image-179435\" srcset=\"https:\/\/paresbalta.com\/wp-content\/uploads\/2024\/02\/vino-ros-de-pacs-pares-balta-2-1024x683.jpg 1024w, https:\/\/paresbalta.com\/wp-content\/uploads\/2024\/02\/vino-ros-de-pacs-pares-balta-2-300x200.jpg 300w, https:\/\/paresbalta.com\/wp-content\/uploads\/2024\/02\/vino-ros-de-pacs-pares-balta-2-600x400.jpg 600w, https:\/\/paresbalta.com\/wp-content\/uploads\/2024\/02\/vino-ros-de-pacs-pares-balta-2-768x512.jpg 768w, https:\/\/paresbalta.com\/wp-content\/uploads\/2024\/02\/vino-ros-de-pacs-pares-balta-2-1536x1024.jpg 1536w, https:\/\/paresbalta.com\/wp-content\/uploads\/2024\/02\/vino-ros-de-pacs-pares-balta-2-2048x1366.jpg 2048w, https:\/\/paresbalta.com\/wp-content\/uploads\/2024\/02\/vino-ros-de-pacs-pares-balta-2-100x67.jpg 100w\" sizes=\"auto, (max-width: 1024px) 100vw, 1024px\" \/><\/figure>\n\n\n\n<div class=\"wp-block-group pt-2\"><div class=\"wp-block-group__inner-container is-layout-flow wp-block-group-is-layout-flow\">\n<h2 class=\"wp-block-heading\">Origen<\/h2>\n\n\n\n<p>Els&nbsp;<a href=\"https:\/\/paresbalta.com\/ca\/vi-ecologic-biodinamic\/origen-vi-jove-vega\/\">Origen<\/a>&nbsp;s\u00f3n vins joves, frescos, afruitats i amb un car\u00e0cter marcadament mediterrani. S\u00f3n els primers vins que v\u00e0rem elaborar al celler i la seva gran relaci\u00f3 qualitat-preu els fa ideals&nbsp;<strong>per gaudir cada dia<\/strong>, a casa, amb els amics o de copes.<\/p>\n<\/div><\/div>\n\n\n\n<div class=\"wp-block-buttons pb-3 is-layout-flex wp-block-buttons-is-layout-flex\">\n<div class=\"wp-block-button is-style-fill rounded-btn\"><a class=\"wp-block-button__link has-text-color has-background wp-element-button\" href=\"https:\/\/paresbalta.com\/ca\/vino-ecologico-biodinamico\/origen-vino-joven-vegano\/\" style=\"color:#cfccc7;background-color:#524138\">M\u00e9s informaci\u00f3<\/a><\/div>\n<\/div>\n<\/div>\n<\/div>\n\n\n\n<div style=\"height:80px\" aria-hidden=\"true\" class=\"wp-block-spacer\"><\/div>\n\n\n\n<div class=\"wp-block-columns alignfull block-cols is-layout-flex wp-container-core-columns-is-layout-9d6595d7 wp-block-columns-is-layout-flex\" id=\"les-valls-les-torres\">\n<div class=\"wp-block-column image-column col-md-6 col-lg-8 is-layout-flow wp-block-column-is-layout-flow\">\n<figure class=\"wp-block-image size-full\"><img loading=\"lazy\" decoding=\"async\" width=\"1500\" height=\"1072\" src=\"https:\/\/paresbalta.com\/wp-content\/uploads\/2022\/04\/cal-miret.jpg\" alt=\"\" class=\"wp-image-1545\" srcset=\"https:\/\/paresbalta.com\/wp-content\/uploads\/2022\/04\/cal-miret.jpg 1500w, https:\/\/paresbalta.com\/wp-content\/uploads\/2022\/04\/cal-miret-300x214.jpg 300w, https:\/\/paresbalta.com\/wp-content\/uploads\/2022\/04\/cal-miret-600x429.jpg 600w, https:\/\/paresbalta.com\/wp-content\/uploads\/2022\/04\/cal-miret-1024x732.jpg 1024w, https:\/\/paresbalta.com\/wp-content\/uploads\/2022\/04\/cal-miret-768x549.jpg 768w, https:\/\/paresbalta.com\/wp-content\/uploads\/2022\/04\/cal-miret-100x71.jpg 100w\" sizes=\"auto, (max-width: 1500px) 100vw, 1500px\" \/><\/figure>\n<\/div>\n\n\n\n<div class=\"wp-block-column text-column col-md-6 col-lg-4 has-background is-layout-flow wp-block-column-is-layout-flow\" style=\"background-color:#cfccc7\">\n<div class=\"wp-block-group align-middle-items\"><div class=\"wp-block-group__inner-container is-layout-flow wp-block-group-is-layout-flow\">\n<h2 class=\"wp-block-heading has-text-align-left\">Els vins ecol\u00f2gics de viticultura biodin\u00e0mica de Par\u00e9s Balt\u00e0<\/h2>\n\n\n\n<p>Tots els vins de Par\u00e9s Balt\u00e0 s\u2019elaboren amb ra\u00efm que creix a les nostres cinc finques, situades entre els 170m i 700m d\u2019altitud, a pocs quil\u00f2metres del Mar Mediterrani.<\/p>\n\n\n\n<p>La gran varietat de s\u00f2ls i microclimes de les nostres vinyes ens permeten elaborar un gran ventall de vins, tots ells amb un denominador en com\u00fa: la viticultura biodin\u00e0mica, el tipus d\u2019agricultura m\u00e9s respectuosa que existeix i que ens garanteix un ra\u00efm de la m\u00e0xima qualitat, sa, equilibrat i sabor\u00f3s.<\/p>\n\n\n\n<p>Al celler, les en\u00f2logues&nbsp;<a href=\"https:\/\/paresbalta.com\/ca\/enologia\/\">Maria Elena Jim\u00e9nez i Marta Casas<\/a>, realitzen un treball de m\u00ednima intervenci\u00f3 per tal de deixar que el ra\u00efm s\u2019expressi per si mateix i sigui capa\u00e7 de transmetre el seu origen i la seva ess\u00e8ncia.<\/p>\n\n\n\n<p>Des de fa m\u00e9s de 20 anys, s\u00f3n les responsables de crear alguns dels vins m\u00e9s aut\u00e8ntics i expressius de la Denominaci\u00f3 d\u2019Origen Pened\u00e8s.<\/p>\n<\/div><\/div>\n<\/div>\n<\/div>\n","protected":false},"excerpt":{"rendered":"<p>Els vins ecol\u00f2gics i vegans de Par\u00e9s Balt\u00e0 Descobreix els nostres vins de viticultura biodin\u00e0mica, elaborats al Pened\u00e9s MicroCuv\u00e9e Els&nbsp;Microcuv\u00e9e&nbsp;s\u00f3n vins de finca de producci\u00f3 molt limitada. Tots ells provenen de vinyes molt especials ja sigui per la seva edat (algunes tenen m\u00e9s de 90 anys), microclima o terrer. Aquestes microvinificacions es caracteritzen per la&#8230;<\/p>\n<p><a class=\"btn btn-secondary understrap-read-more-link\" href=\"https:\/\/paresbalta.com\/ca\/vi-ecologic-biodinamic\/\">Llegeix m\u00e9s<span class=\"screen-reader-text\"> from Vins<\/span><\/a><\/p>\n","protected":false},"author":1,"featured_media":0,"parent":0,"menu_order":0,"comment_status":"closed","ping_status":"closed","template":"","meta":{"_acf_changed":false,"footnotes":""},"class_list":["post-5140","page","type-page","status-publish","hentry"],"acf":[],"_links":{"self":[{"href":"https:\/\/paresbalta.com\/ca\/wp-json\/wp\/v2\/pages\/5140","targetHints":{"allow":["GET"]}}],"collection":[{"href":"https:\/\/paresbalta.com\/ca\/wp-json\/wp\/v2\/pages"}],"about":[{"href":"https:\/\/paresbalta.com\/ca\/wp-json\/wp\/v2\/types\/page"}],"author":[{"embeddable":true,"href":"https:\/\/paresbalta.com\/ca\/wp-json\/wp\/v2\/users\/1"}],"replies":[{"embeddable":true,"href":"https:\/\/paresbalta.com\/ca\/wp-json\/wp\/v2\/comments?post=5140"}],"version-history":[{"count":7,"href":"https:\/\/paresbalta.com\/ca\/wp-json\/wp\/v2\/pages\/5140\/revisions"}],"predecessor-version":[{"id":179448,"href":"https:\/\/paresbalta.com\/ca\/wp-json\/wp\/v2\/pages\/5140\/revisions\/179448"}],"wp:attachment":[{"href":"https:\/\/paresbalta.com\/ca\/wp-json\/wp\/v2\/media?parent=5140"}],"curies":[{"name":"wp","href":"https:\/\/api.w.org\/{rel}","templated":true}]}}