{"id":5139,"date":"2022-05-02T16:53:49","date_gmt":"2022-05-02T16:53:49","guid":{"rendered":"https:\/\/paresbalta.com\/microcuvee-vino-finca\/"},"modified":"2024-07-23T13:36:48","modified_gmt":"2024-07-23T11:36:48","slug":"microcuvee-vi-finca","status":"publish","type":"page","link":"https:\/\/paresbalta.com\/ca\/vi-ecologic-biodinamic\/microcuvee-vi-finca\/","title":{"rendered":"Microcuv\u00e9e"},"content":{"rendered":"\n<div class=\"wp-block-cover alignfull home-block-cover\"><span aria-hidden=\"true\" class=\"wp-block-cover__background has-background-dim-30 has-background-dim\" style=\"background-color:#261e1d\"><\/span><img loading=\"lazy\" decoding=\"async\" width=\"2560\" height=\"1706\" class=\"wp-block-cover__image-background wp-image-272307\" alt=\"\" src=\"https:\/\/paresbalta.com\/wp-content\/uploads\/2024\/06\/IMG_1696-2-5-scaled.jpg\" style=\"object-position:50% 56%\" data-object-fit=\"cover\" data-object-position=\"50% 56%\" srcset=\"https:\/\/paresbalta.com\/wp-content\/uploads\/2024\/06\/IMG_1696-2-5-scaled.jpg 2560w, https:\/\/paresbalta.com\/wp-content\/uploads\/2024\/06\/IMG_1696-2-5-300x200.jpg 300w, https:\/\/paresbalta.com\/wp-content\/uploads\/2024\/06\/IMG_1696-2-5-scaled-600x400.jpg 600w, https:\/\/paresbalta.com\/wp-content\/uploads\/2024\/06\/IMG_1696-2-5-1024x683.jpg 1024w, https:\/\/paresbalta.com\/wp-content\/uploads\/2024\/06\/IMG_1696-2-5-768x512.jpg 768w, https:\/\/paresbalta.com\/wp-content\/uploads\/2024\/06\/IMG_1696-2-5-1536x1024.jpg 1536w, https:\/\/paresbalta.com\/wp-content\/uploads\/2024\/06\/IMG_1696-2-5-2048x1365.jpg 2048w, https:\/\/paresbalta.com\/wp-content\/uploads\/2024\/06\/IMG_1696-2-5-500x333.jpg 500w, https:\/\/paresbalta.com\/wp-content\/uploads\/2024\/06\/IMG_1696-2-5-800x533.jpg 800w, https:\/\/paresbalta.com\/wp-content\/uploads\/2024\/06\/IMG_1696-2-5-1280x853.jpg 1280w, https:\/\/paresbalta.com\/wp-content\/uploads\/2024\/06\/IMG_1696-2-5-1920x1280.jpg 1920w, https:\/\/paresbalta.com\/wp-content\/uploads\/2024\/06\/IMG_1696-2-5-100x67.jpg 100w\" sizes=\"auto, (max-width: 2560px) 100vw, 2560px\" \/><div class=\"wp-block-cover__inner-container is-layout-flow wp-block-cover-is-layout-flow\">\n<h1 class=\"wp-block-heading has-text-align-center\" style=\"font-size:2.5rem\">Microcuv\u00e9e, els vins de finca de Par\u00e9s Balt\u00e0<\/h1>\n\n\n\n<p class=\"has-text-align-center\" style=\"font-size:1.5rem\">Microvinificacions de terrer d\u2019agricultura ecol\u00f2gica i biodin\u00e0mica<\/p>\n\n\n\n<div class=\"wp-block-group down-arrow\"><div class=\"wp-block-group__inner-container is-layout-flow wp-block-group-is-layout-flow\">\n<i class=\"fa fa-chevron-down\" aria-hidden=\"true\"><\/i>\n<\/div><\/div>\n<\/div><\/div>\n\n\n\n<div class=\"wp-block-group alignfull has-background\" style=\"background-color:#524138\"><div class=\"wp-block-group__inner-container is-layout-flow wp-block-group-is-layout-flow\">\n<div style=\"height:80px\" aria-hidden=\"true\" class=\"wp-block-spacer\"><\/div>\n\n\n\n<h4 class=\"wp-block-heading has-text-align-center max-width-header has-white-color has-text-color\" style=\"font-size:1.2rem;font-style:normal;font-weight:400\">Som viticultors apassionats, les nostres inquietuds mai descansen, per aix\u00f2 verema rere verema busquem el vi que encara hem de crear.<\/h4>\n\n\n\n<div style=\"height:80px\" aria-hidden=\"true\" class=\"wp-block-spacer\"><\/div>\n<\/div><\/div>\n\n\n\n<div class=\"wp-block-columns alignfull block-cols is-layout-flex wp-container-core-columns-is-layout-9d6595d7 wp-block-columns-is-layout-flex\">\n<div class=\"wp-block-column image-column col-md-6 col-lg-8 is-layout-flow wp-block-column-is-layout-flow\">\n<figure class=\"wp-block-image size-full\"><img loading=\"lazy\" decoding=\"async\" width=\"2500\" height=\"1667\" src=\"https:\/\/paresbalta.com\/wp-content\/uploads\/2022\/05\/Foto-Microcuvee-1r-requadre-on-ara-hi-ha-Amphora-Roja.jpg\" alt=\"\" class=\"wp-image-4948\" srcset=\"https:\/\/paresbalta.com\/wp-content\/uploads\/2022\/05\/Foto-Microcuvee-1r-requadre-on-ara-hi-ha-Amphora-Roja.jpg 2500w, https:\/\/paresbalta.com\/wp-content\/uploads\/2022\/05\/Foto-Microcuvee-1r-requadre-on-ara-hi-ha-Amphora-Roja-300x200.jpg 300w, https:\/\/paresbalta.com\/wp-content\/uploads\/2022\/05\/Foto-Microcuvee-1r-requadre-on-ara-hi-ha-Amphora-Roja-600x400.jpg 600w, https:\/\/paresbalta.com\/wp-content\/uploads\/2022\/05\/Foto-Microcuvee-1r-requadre-on-ara-hi-ha-Amphora-Roja-1024x683.jpg 1024w, https:\/\/paresbalta.com\/wp-content\/uploads\/2022\/05\/Foto-Microcuvee-1r-requadre-on-ara-hi-ha-Amphora-Roja-768x512.jpg 768w, https:\/\/paresbalta.com\/wp-content\/uploads\/2022\/05\/Foto-Microcuvee-1r-requadre-on-ara-hi-ha-Amphora-Roja-1536x1024.jpg 1536w, https:\/\/paresbalta.com\/wp-content\/uploads\/2022\/05\/Foto-Microcuvee-1r-requadre-on-ara-hi-ha-Amphora-Roja-2048x1366.jpg 2048w, https:\/\/paresbalta.com\/wp-content\/uploads\/2022\/05\/Foto-Microcuvee-1r-requadre-on-ara-hi-ha-Amphora-Roja-100x67.jpg 100w\" sizes=\"auto, (max-width: 2500px) 100vw, 2500px\" \/><\/figure>\n<\/div>\n\n\n\n<div class=\"wp-block-column text-column col-md-6 col-lg-4 is-layout-flow wp-block-column-is-layout-flow\">\n<div class=\"wp-block-group align-middle-items\"><div class=\"wp-block-group__inner-container is-layout-flow wp-block-group-is-layout-flow\">\n<h2 class=\"wp-block-heading\">Les microvinificacions de Par\u00e9s Balt\u00e0<\/h2>\n\n\n\n<p>El nostre objectiu amb la gamma de vins Microcuv\u00e9e es donar a con\u00e8ixer les singularitats de les nostres finques situades al cor del&nbsp;<strong>Pened\u00e8s<\/strong>. Les finques es divideixen en parcel.les, cada una d\u2019elles amb&nbsp;<a href=\"https:\/\/paresbalta.com\/ca\/expresion-terruno\/\">terrers i microclimes molt especials<\/a>, que permeten que els ra\u00efms creixin amb un car\u00e0cter \u00fanic, capa\u00e7os d\u2019expressar les qualitats del terrer en el que creixen.<\/p>\n<\/div><\/div>\n<\/div>\n<\/div>\n\n\n\n<div class=\"wp-block-columns alignfull block-cols is-layout-flex wp-container-core-columns-is-layout-9d6595d7 wp-block-columns-is-layout-flex\">\n<div class=\"wp-block-column text-column col-md-6 col-lg-4 has-background is-layout-flow wp-block-column-is-layout-flow\" style=\"background-color:#cfccc7\">\n<div class=\"wp-block-group align-middle-items\"><div class=\"wp-block-group__inner-container is-layout-flow wp-block-group-is-layout-flow\">\n<h2 class=\"wp-block-heading has-text-align-left\">Vinyes amb un microclima i terrer \u00fanic<\/h2>\n\n\n\n<p>De les parcel.les ubicades a la finca La Torreta, a nom\u00e9s 15 km del mediterrani, i escassos metres del nivell del mar i amb s\u00f2ls plens de&nbsp;<strong>f\u00f2ssils<\/strong>&nbsp;de quan aquest ocupava el Pened\u00e8s, n\u2019obtenim vins amb un car\u00e0cter sal\u00ed molt peculiar i amb una gran capacitat d\u2019envelliment. Per exemple,&nbsp;<a href=\"https:\/\/paresbalta.com\/ca\/botiga\/vino-ecologico-biodinamico\/microcuvee-vino-finca\/dominio-cusine-vino-guarda\/\">Domini\u00f3 Cusin\u00e9<\/a>, que despr\u00e9s de m\u00e9s de 20 anys en ampolla, encara es capa\u00e7 de transmetre emocions.<\/p>\n\n\n\n<p>A la finca Les Valls, dins el Parc Natural del Foix, a gaireb\u00e9 700 metres d\u2019altitud, la&nbsp;<strong>zona de vinyes m\u00e9s alta del Pened\u00e8s,<\/strong>&nbsp;hi trobem vinyes que creixen en s\u00f2ls argilosos i dels que n\u2019obtenim vins frescos, amb un gran equilibri acidesa-sucre.<\/p>\n<\/div><\/div>\n<\/div>\n\n\n\n<div class=\"wp-block-column image-column col-md-6 col-lg-8 is-layout-flow wp-block-column-is-layout-flow\">\n<figure class=\"wp-block-image size-full\"><img loading=\"lazy\" decoding=\"async\" width=\"1500\" height=\"1072\" src=\"https:\/\/paresbalta.com\/wp-content\/uploads\/2022\/04\/suelo-la-torreta-1.jpg\" alt=\"\" class=\"wp-image-1574\" srcset=\"https:\/\/paresbalta.com\/wp-content\/uploads\/2022\/04\/suelo-la-torreta-1.jpg 1500w, https:\/\/paresbalta.com\/wp-content\/uploads\/2022\/04\/suelo-la-torreta-1-300x214.jpg 300w, https:\/\/paresbalta.com\/wp-content\/uploads\/2022\/04\/suelo-la-torreta-1-600x429.jpg 600w, https:\/\/paresbalta.com\/wp-content\/uploads\/2022\/04\/suelo-la-torreta-1-1024x732.jpg 1024w, https:\/\/paresbalta.com\/wp-content\/uploads\/2022\/04\/suelo-la-torreta-1-768x549.jpg 768w, https:\/\/paresbalta.com\/wp-content\/uploads\/2022\/04\/suelo-la-torreta-1-100x71.jpg 100w\" sizes=\"auto, (max-width: 1500px) 100vw, 1500px\" \/><\/figure>\n<\/div>\n<\/div>\n\n\n\n<div class=\"wp-block-columns alignfull block-cols is-layout-flex wp-container-core-columns-is-layout-9d6595d7 wp-block-columns-is-layout-flex\">\n<div class=\"wp-block-column image-column col-md-6 col-lg-8 is-layout-flow wp-block-column-is-layout-flow\">\n<figure class=\"wp-block-image size-large\"><img loading=\"lazy\" decoding=\"async\" width=\"1024\" height=\"732\" src=\"https:\/\/paresbalta.com\/wp-content\/uploads\/2022\/04\/la-torreta-1024x732.jpg\" alt=\"\" class=\"wp-image-1554\" srcset=\"https:\/\/paresbalta.com\/wp-content\/uploads\/2022\/04\/la-torreta-1024x732.jpg 1024w, https:\/\/paresbalta.com\/wp-content\/uploads\/2022\/04\/la-torreta-300x214.jpg 300w, https:\/\/paresbalta.com\/wp-content\/uploads\/2022\/04\/la-torreta-600x429.jpg 600w, https:\/\/paresbalta.com\/wp-content\/uploads\/2022\/04\/la-torreta-768x549.jpg 768w, https:\/\/paresbalta.com\/wp-content\/uploads\/2022\/04\/la-torreta-100x71.jpg 100w, https:\/\/paresbalta.com\/wp-content\/uploads\/2022\/04\/la-torreta.jpg 1500w\" sizes=\"auto, (max-width: 1024px) 100vw, 1024px\" \/><\/figure>\n<\/div>\n\n\n\n<div class=\"wp-block-column text-column col-md-6 col-lg-4 has-white-color has-text-color has-background is-layout-flow wp-block-column-is-layout-flow\" style=\"background-color:#524138\">\n<div class=\"wp-block-group align-middle-items\"><div class=\"wp-block-group__inner-container is-layout-flow wp-block-group-is-layout-flow\">\n<h2 class=\"wp-block-heading\">Un gran vi neix a la vinya<\/h2>\n\n\n\n<p>A Par\u00e9s Balt\u00e0 busquem elaborar el vi perfecte, i encara que sabem que no existeix, la recerca de la perfecci\u00f3 es quelcom intr\u00ednsec a l nostra manera de pensar i actuar. Per aix\u00f2, any rere any elaborem edicions especials de vins singulars: les microvinifiacions, produccions molt limitades b\u00e9 per que es tracta de vins d\u2019una \u00fanica parcel.la (<a href=\"https:\/\/paresbalta.com\/ca\/botiga\/vino-ecologico-biodinamico-ca\/microcuvee-vino-finca-ca\/marta-de-balta-syrah-vino-gran-reserva\/\">Marta de Balt\u00e0<\/a>), de vinyes velles (<a href=\"https:\/\/paresbalta.com\/ca\/botiga\/vino-ecologico-biodinamico\/microcuvee-vino-finca\/electio-xarello-vino-gran-reserva\/\">Electio<\/a>), d\u2019anyades excepcionals (<a href=\"https:\/\/paresbalta.com\/ca\/botiga\/vino-ecologico-biodinamico\/microcuvee-vino-finca\/dominio-cusine-vino-guarda\/\">Dominio Cusin\u00e9<\/a>) o de m\u00e8todes de vinificaci\u00f3 molt especials (<a href=\"https:\/\/paresbalta.com\/ca\/botiga\/vino-ecologico-biodinamico\/microcuvee-vino-finca\/amphora-roja-xarello-vino-natural-sin-sulfitos\/\">Amphora Roja<\/a>).<\/p>\n<\/div><\/div>\n<\/div>\n<\/div>\n\n\n\n<div class=\"wp-block-columns is-layout-flex wp-container-core-columns-is-layout-9d6595d7 wp-block-columns-is-layout-flex\">\n<div class=\"wp-block-column is-layout-flow wp-block-column-is-layout-flow\">\n<div style=\"height:40px\" aria-hidden=\"true\" class=\"wp-block-spacer\"><\/div>\n\n\n\n<p class=\"has-text-align-center has-text-color has-link-color wp-elements-1593ebd65965d3c8a267a5a7ca2caaa2\" style=\"color:#524138;font-size:23px\"><strong>SAT\u00c8L\u00b7LIT<\/strong><\/p>\n\n\n<div class=\"wp-block-image\">\n<figure class=\"aligncenter size-medium\"><img loading=\"lazy\" decoding=\"async\" width=\"200\" height=\"300\" src=\"https:\/\/paresbalta.com\/wp-content\/uploads\/2022\/05\/vino-satelit-pares-balta-low-200x300.jpg\" alt=\"Satel\u00b7lit Pares Balta\" class=\"wp-image-156760\" srcset=\"https:\/\/paresbalta.com\/wp-content\/uploads\/2022\/05\/vino-satelit-pares-balta-low-200x300.jpg 200w, https:\/\/paresbalta.com\/wp-content\/uploads\/2022\/05\/vino-satelit-pares-balta-low-scaled-300x450.jpg 300w, https:\/\/paresbalta.com\/wp-content\/uploads\/2022\/05\/vino-satelit-pares-balta-low-scaled-600x900.jpg 600w, https:\/\/paresbalta.com\/wp-content\/uploads\/2022\/05\/vino-satelit-pares-balta-low-683x1024.jpg 683w, https:\/\/paresbalta.com\/wp-content\/uploads\/2022\/05\/vino-satelit-pares-balta-low-768x1152.jpg 768w, https:\/\/paresbalta.com\/wp-content\/uploads\/2022\/05\/vino-satelit-pares-balta-low-1024x1536.jpg 1024w, https:\/\/paresbalta.com\/wp-content\/uploads\/2022\/05\/vino-satelit-pares-balta-low-1365x2048.jpg 1365w, https:\/\/paresbalta.com\/wp-content\/uploads\/2022\/05\/vino-satelit-pares-balta-low-100x150.jpg 100w, https:\/\/paresbalta.com\/wp-content\/uploads\/2022\/05\/vino-satelit-pares-balta-low-scaled.jpg 1707w\" sizes=\"auto, (max-width: 200px) 100vw, 200px\" \/><\/figure>\n<\/div>\n\n\n<div class=\"wp-block-buttons is-content-justification-center is-layout-flex wp-container-core-buttons-is-layout-16018d1d wp-block-buttons-is-layout-flex\">\n<div class=\"wp-block-button has-custom-font-size\" style=\"font-size:15px\"><a class=\"wp-block-button__link has-white-color has-text-color has-background has-link-color wp-element-button\" href=\"https:\/\/paresbalta.com\/ca\/botiga\/vi-ecologic-biodinamic\/microcuvee-vi-de-finca\/satel-lit\/\" style=\"background-color:#524138\">Saber-ne m\u00e9s<\/a><\/div>\n<\/div>\n\n\n\n<div style=\"height:40px\" aria-hidden=\"true\" class=\"wp-block-spacer\"><\/div>\n<\/div>\n\n\n\n<div class=\"wp-block-column is-layout-flow wp-block-column-is-layout-flow\">\n<div style=\"height:40px\" aria-hidden=\"true\" class=\"wp-block-spacer\"><\/div>\n\n\n\n<p class=\"has-text-align-center has-text-color has-link-color wp-elements-1a32ac570a55f4169cf5389d64f2ac19\" style=\"color:#524138;font-size:23px\"><strong>ELECTIO<\/strong><\/p>\n\n\n<div class=\"wp-block-image\">\n<figure class=\"aligncenter size-medium\"><img loading=\"lazy\" decoding=\"async\" width=\"200\" height=\"300\" src=\"https:\/\/paresbalta.com\/wp-content\/uploads\/2022\/05\/vino-electio-pares-balta-1-200x300.jpg\" alt=\"\" class=\"wp-image-2192\" srcset=\"https:\/\/paresbalta.com\/wp-content\/uploads\/2022\/05\/vino-electio-pares-balta-1-200x300.jpg 200w, https:\/\/paresbalta.com\/wp-content\/uploads\/2022\/05\/vino-electio-pares-balta-1-300x450.jpg 300w, https:\/\/paresbalta.com\/wp-content\/uploads\/2022\/05\/vino-electio-pares-balta-1-100x150.jpg 100w, https:\/\/paresbalta.com\/wp-content\/uploads\/2022\/05\/vino-electio-pares-balta-1.jpg 600w\" sizes=\"auto, (max-width: 200px) 100vw, 200px\" \/><\/figure>\n<\/div>\n\n\n<div class=\"wp-block-buttons is-content-justification-center is-layout-flex wp-container-core-buttons-is-layout-16018d1d wp-block-buttons-is-layout-flex\">\n<div class=\"wp-block-button has-custom-font-size\" style=\"font-size:15px\"><a class=\"wp-block-button__link has-white-color has-text-color has-background has-link-color wp-element-button\" href=\"https:\/\/paresbalta.com\/ca\/botiga\/vi-ecologic-biodinamic\/microcuvee-vi-de-finca\/electio-xarello-gran-reserva\/\" style=\"background-color:#524138\">Saber-ne m\u00e9s<\/a><\/div>\n<\/div>\n\n\n\n<div style=\"height:40px\" aria-hidden=\"true\" class=\"wp-block-spacer\"><\/div>\n<\/div>\n\n\n\n<div class=\"wp-block-column is-layout-flow wp-block-column-is-layout-flow\">\n<div style=\"height:40px\" aria-hidden=\"true\" class=\"wp-block-spacer\"><\/div>\n\n\n\n<p class=\"has-text-align-center has-text-color has-link-color wp-elements-01b1bb0f8117ef4b16d3c59c37778e86\" style=\"color:#524138;font-size:23px\"><strong>HISENDA MIRET<\/strong><\/p>\n\n\n<div class=\"wp-block-image\">\n<figure class=\"aligncenter size-medium\"><img loading=\"lazy\" decoding=\"async\" width=\"200\" height=\"300\" src=\"https:\/\/paresbalta.com\/wp-content\/uploads\/2022\/05\/vino-hisenda-miret-pares-balta-01-200x300.jpg\" alt=\"\" class=\"wp-image-1957\" srcset=\"https:\/\/paresbalta.com\/wp-content\/uploads\/2022\/05\/vino-hisenda-miret-pares-balta-01-200x300.jpg 200w, https:\/\/paresbalta.com\/wp-content\/uploads\/2022\/05\/vino-hisenda-miret-pares-balta-01-300x450.jpg 300w, https:\/\/paresbalta.com\/wp-content\/uploads\/2022\/05\/vino-hisenda-miret-pares-balta-01-600x900.jpg 600w, https:\/\/paresbalta.com\/wp-content\/uploads\/2022\/05\/vino-hisenda-miret-pares-balta-01-682x1024.jpg 682w, https:\/\/paresbalta.com\/wp-content\/uploads\/2022\/05\/vino-hisenda-miret-pares-balta-01-768x1152.jpg 768w, https:\/\/paresbalta.com\/wp-content\/uploads\/2022\/05\/vino-hisenda-miret-pares-balta-01-1024x1536.jpg 1024w, https:\/\/paresbalta.com\/wp-content\/uploads\/2022\/05\/vino-hisenda-miret-pares-balta-01-1365x2048.jpg 1365w, https:\/\/paresbalta.com\/wp-content\/uploads\/2022\/05\/vino-hisenda-miret-pares-balta-01-100x150.jpg 100w, https:\/\/paresbalta.com\/wp-content\/uploads\/2022\/05\/vino-hisenda-miret-pares-balta-01.jpg 1706w\" sizes=\"auto, (max-width: 200px) 100vw, 200px\" \/><\/figure>\n<\/div>\n\n\n<div class=\"wp-block-buttons is-content-justification-center is-layout-flex wp-container-core-buttons-is-layout-16018d1d wp-block-buttons-is-layout-flex\">\n<div class=\"wp-block-button has-custom-font-size\" style=\"font-size:15px\"><a class=\"wp-block-button__link has-white-color has-text-color has-background has-link-color wp-element-button\" href=\"https:\/\/paresbalta.com\/ca\/botiga\/vi-ecologic-biodinamic\/microcuvee-vi-de-finca\/hisenda-miret-garnatxa-reserva\/\" style=\"background-color:#524138\">Saber-ne m\u00e9s<\/a><\/div>\n<\/div>\n\n\n\n<div style=\"height:40px\" aria-hidden=\"true\" class=\"wp-block-spacer\"><\/div>\n<\/div>\n\n\n\n<div class=\"wp-block-column is-layout-flow wp-block-column-is-layout-flow\">\n<div style=\"height:40px\" aria-hidden=\"true\" class=\"wp-block-spacer\"><\/div>\n\n\n\n<p class=\"has-text-align-center has-text-color has-link-color wp-elements-ec114e9bace70aa43f9df9c428be531a\" style=\"color:#524138;font-size:23px\"><strong>NEOLITIC<\/strong><\/p>\n\n\n<div class=\"wp-block-image\">\n<figure class=\"aligncenter size-medium\"><img loading=\"lazy\" decoding=\"async\" width=\"200\" height=\"300\" src=\"https:\/\/paresbalta.com\/wp-content\/uploads\/2022\/05\/vino-neolitic-pares-balta-scaled-1-200x300.jpg\" alt=\"\" class=\"wp-image-2216\" srcset=\"https:\/\/paresbalta.com\/wp-content\/uploads\/2022\/05\/vino-neolitic-pares-balta-scaled-1-200x300.jpg 200w, https:\/\/paresbalta.com\/wp-content\/uploads\/2022\/05\/vino-neolitic-pares-balta-scaled-1-300x450.jpg 300w, https:\/\/paresbalta.com\/wp-content\/uploads\/2022\/05\/vino-neolitic-pares-balta-scaled-1-600x900.jpg 600w, https:\/\/paresbalta.com\/wp-content\/uploads\/2022\/05\/vino-neolitic-pares-balta-scaled-1-683x1024.jpg 683w, https:\/\/paresbalta.com\/wp-content\/uploads\/2022\/05\/vino-neolitic-pares-balta-scaled-1-768x1152.jpg 768w, https:\/\/paresbalta.com\/wp-content\/uploads\/2022\/05\/vino-neolitic-pares-balta-scaled-1-1024x1536.jpg 1024w, https:\/\/paresbalta.com\/wp-content\/uploads\/2022\/05\/vino-neolitic-pares-balta-scaled-1-1366x2048.jpg 1366w, https:\/\/paresbalta.com\/wp-content\/uploads\/2022\/05\/vino-neolitic-pares-balta-scaled-1-100x150.jpg 100w, https:\/\/paresbalta.com\/wp-content\/uploads\/2022\/05\/vino-neolitic-pares-balta-scaled-1.jpg 1707w\" sizes=\"auto, (max-width: 200px) 100vw, 200px\" \/><\/figure>\n<\/div>\n\n\n<div class=\"wp-block-buttons is-content-justification-center is-layout-flex wp-container-core-buttons-is-layout-16018d1d wp-block-buttons-is-layout-flex\">\n<div class=\"wp-block-button has-custom-font-size\" style=\"font-size:15px\"><a class=\"wp-block-button__link has-white-color has-text-color has-background has-link-color wp-element-button\" href=\"https:\/\/paresbalta.com\/ca\/botiga\/vi-ecologic-biodinamic\/microcuvee-vi-de-finca\/neolitic-sumoll-sense-sulfits\/\" style=\"background-color:#524138\">Saber-ne m\u00e9s<\/a><\/div>\n<\/div>\n\n\n\n<div style=\"height:40px\" aria-hidden=\"true\" class=\"wp-block-spacer\"><\/div>\n<\/div>\n<\/div>\n","protected":false},"excerpt":{"rendered":"<p>Som viticultors apassionats, les nostres inquietuds mai descansen, per aix\u00f2 verema rere verema busquem el vi que encara hem de crear. Les microvinificacions de Par\u00e9s Balt\u00e0 El nostre objectiu amb la gamma de vins Microcuv\u00e9e es donar a con\u00e8ixer les singularitats de les nostres finques situades al cor del&nbsp;Pened\u00e8s. Les finques es divideixen en parcel.les,&#8230;<\/p>\n<p><a class=\"btn btn-secondary understrap-read-more-link\" href=\"https:\/\/paresbalta.com\/ca\/vi-ecologic-biodinamic\/microcuvee-vi-finca\/\">Llegeix m\u00e9s<span class=\"screen-reader-text\"> from Microcuv\u00e9e<\/span><\/a><\/p>\n","protected":false},"author":1,"featured_media":0,"parent":5140,"menu_order":0,"comment_status":"closed","ping_status":"closed","template":"","meta":{"_acf_changed":false,"footnotes":""},"class_list":["post-5139","page","type-page","status-publish","hentry"],"acf":[],"_links":{"self":[{"href":"https:\/\/paresbalta.com\/ca\/wp-json\/wp\/v2\/pages\/5139","targetHints":{"allow":["GET"]}}],"collection":[{"href":"https:\/\/paresbalta.com\/ca\/wp-json\/wp\/v2\/pages"}],"about":[{"href":"https:\/\/paresbalta.com\/ca\/wp-json\/wp\/v2\/types\/page"}],"author":[{"embeddable":true,"href":"https:\/\/paresbalta.com\/ca\/wp-json\/wp\/v2\/users\/1"}],"replies":[{"embeddable":true,"href":"https:\/\/paresbalta.com\/ca\/wp-json\/wp\/v2\/comments?post=5139"}],"version-history":[{"count":7,"href":"https:\/\/paresbalta.com\/ca\/wp-json\/wp\/v2\/pages\/5139\/revisions"}],"predecessor-version":[{"id":273284,"href":"https:\/\/paresbalta.com\/ca\/wp-json\/wp\/v2\/pages\/5139\/revisions\/273284"}],"up":[{"embeddable":true,"href":"https:\/\/paresbalta.com\/ca\/wp-json\/wp\/v2\/pages\/5140"}],"wp:attachment":[{"href":"https:\/\/paresbalta.com\/ca\/wp-json\/wp\/v2\/media?parent=5139"}],"curies":[{"name":"wp","href":"https:\/\/api.w.org\/{rel}","templated":true}]}}