{"id":5137,"date":"2022-05-02T16:57:32","date_gmt":"2022-05-02T16:57:32","guid":{"rendered":"https:\/\/paresbalta.com\/revolution-vino-vegano\/"},"modified":"2024-07-23T14:45:21","modified_gmt":"2024-07-23T12:45:21","slug":"revolution-vi-vega","status":"publish","type":"page","link":"https:\/\/paresbalta.com\/ca\/vi-ecologic-biodinamic\/revolution-vi-vega\/","title":{"rendered":"R-Evolution"},"content":{"rendered":"\n<div class=\"wp-block-cover alignfull is-light home-block-cover\"><span aria-hidden=\"true\" class=\"wp-block-cover__background has-black-background-color has-background-dim-10 has-background-dim\"><\/span><img loading=\"lazy\" decoding=\"async\" width=\"2560\" height=\"1707\" class=\"wp-block-cover__image-background wp-image-272857\" alt=\"\" src=\"https:\/\/paresbalta.com\/wp-content\/uploads\/2024\/07\/revolution-pares-balta-3-scaled.jpg\" style=\"object-position:49% 71%\" data-object-fit=\"cover\" data-object-position=\"49% 71%\" srcset=\"https:\/\/paresbalta.com\/wp-content\/uploads\/2024\/07\/revolution-pares-balta-3-scaled.jpg 2560w, https:\/\/paresbalta.com\/wp-content\/uploads\/2024\/07\/revolution-pares-balta-3-300x200.jpg 300w, https:\/\/paresbalta.com\/wp-content\/uploads\/2024\/07\/revolution-pares-balta-3-1024x683.jpg 1024w, https:\/\/paresbalta.com\/wp-content\/uploads\/2024\/07\/revolution-pares-balta-3-768x512.jpg 768w, https:\/\/paresbalta.com\/wp-content\/uploads\/2024\/07\/revolution-pares-balta-3-1536x1024.jpg 1536w, https:\/\/paresbalta.com\/wp-content\/uploads\/2024\/07\/revolution-pares-balta-3-2048x1365.jpg 2048w, https:\/\/paresbalta.com\/wp-content\/uploads\/2024\/07\/revolution-pares-balta-3-500x333.jpg 500w, https:\/\/paresbalta.com\/wp-content\/uploads\/2024\/07\/revolution-pares-balta-3-800x533.jpg 800w, https:\/\/paresbalta.com\/wp-content\/uploads\/2024\/07\/revolution-pares-balta-3-1280x853.jpg 1280w, https:\/\/paresbalta.com\/wp-content\/uploads\/2024\/07\/revolution-pares-balta-3-1920x1280.jpg 1920w, https:\/\/paresbalta.com\/wp-content\/uploads\/2024\/07\/revolution-pares-balta-3-600x400.jpg 600w, https:\/\/paresbalta.com\/wp-content\/uploads\/2024\/07\/revolution-pares-balta-3-100x67.jpg 100w\" sizes=\"auto, (max-width: 2560px) 100vw, 2560px\" \/><div class=\"wp-block-cover__inner-container is-layout-flow wp-block-cover-is-layout-flow\">\n<h1 class=\"wp-block-heading has-text-align-center has-white-color has-text-color\" style=\"font-size:2.5rem\">R-Evolution, vins amb personalitat pr\u00f2pia<\/h1>\n\n\n\n<p class=\"has-text-align-center max-width-header small has-white-color has-text-color\" style=\"font-size:1.5rem\">Vins ecol\u00f2gics i biodin\u00e0mics de m\u00ednima intervenci\u00f3<\/p>\n\n\n\n<div class=\"wp-block-group down-arrow\"><div class=\"wp-block-group__inner-container is-layout-flow wp-block-group-is-layout-flow\">\n<i class=\"fa fa-chevron-down\" aria-hidden=\"true\"><\/i>\n<\/div><\/div>\n<\/div><\/div>\n\n\n\n<div class=\"wp-block-group alignfull has-background\" style=\"background-color:#524138\"><div class=\"wp-block-group__inner-container is-layout-flow wp-block-group-is-layout-flow\">\n<div style=\"height:80px\" aria-hidden=\"true\" class=\"wp-block-spacer\"><\/div>\n\n\n\n<h4 class=\"wp-block-heading has-text-align-center max-width-header has-white-color has-text-color\" style=\"font-size:1.2rem;font-style:normal;font-weight:400\">Som els viticultors d\u2019una nova generaci\u00f3, la que reapr\u00e8n tornant als seus or\u00edgens per buscar l\u2019autenticitat en cada vi.<\/h4>\n\n\n\n<div style=\"height:80px\" aria-hidden=\"true\" class=\"wp-block-spacer\"><\/div>\n<\/div><\/div>\n\n\n\n<div class=\"wp-block-columns alignfull block-cols is-layout-flex wp-container-core-columns-is-layout-9d6595d7 wp-block-columns-is-layout-flex\">\n<div class=\"wp-block-column image-column col-md-6 col-lg-8 is-layout-flow wp-block-column-is-layout-flow\">\n<figure class=\"wp-block-image size-full\"><img loading=\"lazy\" decoding=\"async\" width=\"2500\" height=\"1758\" src=\"https:\/\/paresbalta.com\/wp-content\/uploads\/2022\/05\/img-0251-reduit.jpg\" alt=\"\" class=\"wp-image-1825\" srcset=\"https:\/\/paresbalta.com\/wp-content\/uploads\/2022\/05\/img-0251-reduit.jpg 2500w, https:\/\/paresbalta.com\/wp-content\/uploads\/2022\/05\/img-0251-reduit-300x211.jpg 300w, https:\/\/paresbalta.com\/wp-content\/uploads\/2022\/05\/img-0251-reduit-600x422.jpg 600w, https:\/\/paresbalta.com\/wp-content\/uploads\/2022\/05\/img-0251-reduit-1024x720.jpg 1024w, https:\/\/paresbalta.com\/wp-content\/uploads\/2022\/05\/img-0251-reduit-768x540.jpg 768w, https:\/\/paresbalta.com\/wp-content\/uploads\/2022\/05\/img-0251-reduit-1536x1080.jpg 1536w, https:\/\/paresbalta.com\/wp-content\/uploads\/2022\/05\/img-0251-reduit-2048x1440.jpg 2048w, https:\/\/paresbalta.com\/wp-content\/uploads\/2022\/05\/img-0251-reduit-100x70.jpg 100w\" sizes=\"auto, (max-width: 2500px) 100vw, 2500px\" \/><\/figure>\n<\/div>\n\n\n\n<div class=\"wp-block-column text-column col-md-6 col-lg-4 is-layout-flow wp-block-column-is-layout-flow\">\n<div class=\"wp-block-group align-middle-items\"><div class=\"wp-block-group__inner-container is-layout-flow wp-block-group-is-layout-flow\">\n<h2 class=\"wp-block-heading\">Vins que neixen de la nostra passi\u00f3 per la terra<\/h2>\n\n\n\n<p>Amb la gamma de vins R-Evolution volem transmetre la nostra voluntat de tornar a les arrels, d\u2019aprendre el desapr\u00e8s i donar valor a tot all\u00f2 que la nostra terra, el Pened\u00e8s, ens regala anyada rere anyada. Cultiu biodin\u00e0mic, vins ecol\u00f2gics i vegans i treball de m\u00ednima intervenci\u00f3 al celler, per aconseguir vins que siguin el m\u00e9s pur reflex del seu origen i de la seva varietat.<\/p>\n<\/div><\/div>\n<\/div>\n<\/div>\n\n\n\n<div class=\"wp-block-columns alignfull block-cols is-layout-flex wp-container-core-columns-is-layout-9d6595d7 wp-block-columns-is-layout-flex\">\n<div class=\"wp-block-column text-column col-md-6 col-lg-4 has-background is-layout-flow wp-block-column-is-layout-flow\" style=\"background-color:#cfccc7\">\n<div class=\"wp-block-group align-middle-items\"><div class=\"wp-block-group__inner-container is-layout-flow wp-block-group-is-layout-flow\">\n<h2 class=\"wp-block-heading has-text-align-left\">Vins ecol\u00f2gics de m\u00ednima intervenci\u00f3<\/h2>\n\n\n\n<p>R-Evolution significa vinificaci\u00f3 ecol\u00f2gica i m\u00ednima intervenci\u00f3 al celler, respectar al m\u00e0xim la varietat de ra\u00efm i la seva manera d\u2019expressar-se. Sense afegir res, sense treure res. Suc de ra\u00efm fermentat. \u00b4\u00c9s el retorn a les varietats ancestrals dels nostres avis, aquelles que es van abandonar per ser massa r\u00fastiques o dif\u00edcils de cultivar, com la malvasia de Sitges, el sumoll o la garnatxa blanca.<\/p>\n<\/div><\/div>\n<\/div>\n\n\n\n<div class=\"wp-block-column image-column col-md-6 col-lg-8 is-layout-flow wp-block-column-is-layout-flow\">\n<figure class=\"wp-block-image size-full\"><img loading=\"lazy\" decoding=\"async\" width=\"2500\" height=\"1758\" src=\"https:\/\/paresbalta.com\/wp-content\/uploads\/2022\/05\/img-e1538-1.jpg\" alt=\"\" class=\"wp-image-1832\" srcset=\"https:\/\/paresbalta.com\/wp-content\/uploads\/2022\/05\/img-e1538-1.jpg 2500w, https:\/\/paresbalta.com\/wp-content\/uploads\/2022\/05\/img-e1538-1-300x211.jpg 300w, https:\/\/paresbalta.com\/wp-content\/uploads\/2022\/05\/img-e1538-1-600x422.jpg 600w, https:\/\/paresbalta.com\/wp-content\/uploads\/2022\/05\/img-e1538-1-1024x720.jpg 1024w, https:\/\/paresbalta.com\/wp-content\/uploads\/2022\/05\/img-e1538-1-768x540.jpg 768w, https:\/\/paresbalta.com\/wp-content\/uploads\/2022\/05\/img-e1538-1-1536x1080.jpg 1536w, https:\/\/paresbalta.com\/wp-content\/uploads\/2022\/05\/img-e1538-1-2048x1440.jpg 2048w, https:\/\/paresbalta.com\/wp-content\/uploads\/2022\/05\/img-e1538-1-100x70.jpg 100w\" sizes=\"auto, (max-width: 2500px) 100vw, 2500px\" \/><\/figure>\n<\/div>\n<\/div>\n\n\n\n<div class=\"wp-block-columns alignfull block-cols is-layout-flex wp-container-core-columns-is-layout-9d6595d7 wp-block-columns-is-layout-flex\">\n<div class=\"wp-block-column image-column col-md-6 col-lg-8 is-layout-flow wp-block-column-is-layout-flow\">\n<figure class=\"wp-block-image size-full\"><img loading=\"lazy\" decoding=\"async\" width=\"2500\" height=\"1669\" src=\"https:\/\/paresbalta.com\/wp-content\/uploads\/2022\/05\/Foto-Home-Enologues.jpg\" alt=\"\" class=\"wp-image-4912\" srcset=\"https:\/\/paresbalta.com\/wp-content\/uploads\/2022\/05\/Foto-Home-Enologues.jpg 2500w, https:\/\/paresbalta.com\/wp-content\/uploads\/2022\/05\/Foto-Home-Enologues-300x200.jpg 300w, https:\/\/paresbalta.com\/wp-content\/uploads\/2022\/05\/Foto-Home-Enologues-600x401.jpg 600w, https:\/\/paresbalta.com\/wp-content\/uploads\/2022\/05\/Foto-Home-Enologues-1024x684.jpg 1024w, https:\/\/paresbalta.com\/wp-content\/uploads\/2022\/05\/Foto-Home-Enologues-768x513.jpg 768w, https:\/\/paresbalta.com\/wp-content\/uploads\/2022\/05\/Foto-Home-Enologues-1536x1025.jpg 1536w, https:\/\/paresbalta.com\/wp-content\/uploads\/2022\/05\/Foto-Home-Enologues-2048x1367.jpg 2048w, https:\/\/paresbalta.com\/wp-content\/uploads\/2022\/05\/Foto-Home-Enologues-100x67.jpg 100w\" sizes=\"auto, (max-width: 2500px) 100vw, 2500px\" \/><\/figure>\n<\/div>\n\n\n\n<div class=\"wp-block-column text-column col-md-6 col-lg-4 has-white-color has-text-color has-background is-layout-flow wp-block-column-is-layout-flow\" style=\"background-color:#524138\">\n<div class=\"wp-block-group align-middle-items\"><div class=\"wp-block-group__inner-container is-layout-flow wp-block-group-is-layout-flow\">\n<h2 class=\"wp-block-heading\">Dones en\u00f2logues, la tercera generaci\u00f3 del celler familiar<\/h2>\n\n\n\n<p>R-Evolution en honor a les nostres en\u00f2logues, la&nbsp;<a href=\"https:\/\/paresbalta.com\/ca\/enologia-minima-intervencion\/\">Maria Elena i la Marta<\/a>, que han convertit Par\u00e9s Balt\u00e0 en un dels cellers m\u00e9s innovadors del Pened\u00e8s. Amb elles va arribar la inexperi\u00e8ncia per\u00f2 tamb\u00e9 les ganes d\u2019aprendre, d\u2019aplicar i de millorar.<\/p>\n\n\n\n<p>Els seus estudis, primer en enologia i despr\u00e9s en biodin\u00e0mica, els hi han perm\u00e8s entendre que l\u2019enologia res t\u00e9 a fer sense un treball cur\u00f3s a la vinya. \u201c<em>Un gran vi neix a la vinya i aquesta ha de ser cultivada de forma respectuosa, seguint els seus propis equilibris i escoltant les seves necessitats<\/em>.\u201d<\/p>\n<\/div><\/div>\n<\/div>\n<\/div>\n\n\n\n<div class=\"wp-block-columns alignfull block-cols is-layout-flex wp-container-core-columns-is-layout-9d6595d7 wp-block-columns-is-layout-flex\">\n<div class=\"wp-block-column text-column col-md-6 col-lg-4 is-layout-flow wp-block-column-is-layout-flow\">\n<div class=\"wp-block-group align-middle-items\"><div class=\"wp-block-group__inner-container is-layout-flow wp-block-group-is-layout-flow\">\n<h2 class=\"wp-block-heading has-text-align-left\">Vins de viticultura biodin\u00e0mica<\/h2>\n\n\n\n<p>Practiquem la viticultura&nbsp;<a href=\"https:\/\/paresbalta.com\/ca\/agricultura-biodinamica\/\" data-type=\"page\" data-id=\"5149\">biodin\u00e0mica<\/a>, que va un pas m\u00e9s enll\u00e0 de l\u2019agricultura ecol\u00f2gica, i es basa en la ci\u00e8ncia espiritual de Rudolf Steiner, l\u2019antroposofia, que es resumeix en quatre paraules:&nbsp;<a href=\"https:\/\/paresbalta.com\/ca\/observar-pensar-sentir-i-actuar\/\" data-type=\"post\" data-id=\"4227\">observar, sentir, pensar i actuar.<\/a><\/p>\n\n\n\n<p>Steiner va desenvolupar estrat\u00e8gies ecol\u00f2giques per aportar energia vital i ess\u00e8ncia als aliments creats per l\u2019home. Va establir les bases de l\u2019agricultura biodin\u00e0mica, que ens proporciona eines per a que hi hagi&nbsp;<strong>vida als cultius<\/strong>&nbsp;de manera natural i que aquests, per si mateixos, aconsegueixin un equilibri propi que ajudi a les plantes a ser m\u00e9s fortes contra les plagues i malalties.<\/p>\n<\/div><\/div>\n<\/div>\n\n\n\n<div class=\"wp-block-column image-column col-md-6 col-lg-8 is-layout-flow wp-block-column-is-layout-flow\">\n<figure class=\"wp-block-image size-full\"><img loading=\"lazy\" decoding=\"async\" width=\"2500\" height=\"1669\" src=\"https:\/\/paresbalta.com\/wp-content\/uploads\/2022\/05\/Pare\u0301s-Balta\u0300-6-2014-42.jpg\" alt=\"\" class=\"wp-image-1838\" srcset=\"https:\/\/paresbalta.com\/wp-content\/uploads\/2022\/05\/Pare\u0301s-Balta\u0300-6-2014-42.jpg 2500w, https:\/\/paresbalta.com\/wp-content\/uploads\/2022\/05\/Pare\u0301s-Balta\u0300-6-2014-42-300x200.jpg 300w, https:\/\/paresbalta.com\/wp-content\/uploads\/2022\/05\/Pare\u0301s-Balta\u0300-6-2014-42-600x401.jpg 600w, https:\/\/paresbalta.com\/wp-content\/uploads\/2022\/05\/Pare\u0301s-Balta\u0300-6-2014-42-1024x684.jpg 1024w, https:\/\/paresbalta.com\/wp-content\/uploads\/2022\/05\/Pare\u0301s-Balta\u0300-6-2014-42-768x513.jpg 768w, https:\/\/paresbalta.com\/wp-content\/uploads\/2022\/05\/Pare\u0301s-Balta\u0300-6-2014-42-1536x1025.jpg 1536w, https:\/\/paresbalta.com\/wp-content\/uploads\/2022\/05\/Pare\u0301s-Balta\u0300-6-2014-42-2048x1367.jpg 2048w, https:\/\/paresbalta.com\/wp-content\/uploads\/2022\/05\/Pare\u0301s-Balta\u0300-6-2014-42-100x67.jpg 100w\" sizes=\"auto, (max-width: 2500px) 100vw, 2500px\" \/><\/figure>\n<\/div>\n<\/div>\n\n\n\n<div class=\"wp-block-columns is-layout-flex wp-container-core-columns-is-layout-9d6595d7 wp-block-columns-is-layout-flex\">\n<div class=\"wp-block-column is-layout-flow wp-block-column-is-layout-flow\">\n<div style=\"height:40px\" aria-hidden=\"true\" class=\"wp-block-spacer\"><\/div>\n\n\n\n<p class=\"has-text-align-center has-text-color has-link-color wp-elements-e5af25b170fbe3f9e54b4a59705dd059\" style=\"color:#524138;font-size:23px\"><strong>COSMIC<\/strong><\/p>\n\n\n<div class=\"wp-block-image\">\n<figure class=\"aligncenter size-medium\"><img loading=\"lazy\" decoding=\"async\" width=\"200\" height=\"300\" src=\"https:\/\/paresbalta.com\/wp-content\/uploads\/2022\/04\/vino-cosmic-pares-balta-scaled-1-200x300.jpg\" alt=\"\" class=\"wp-image-1646\" srcset=\"https:\/\/paresbalta.com\/wp-content\/uploads\/2022\/04\/vino-cosmic-pares-balta-scaled-1-200x300.jpg 200w, https:\/\/paresbalta.com\/wp-content\/uploads\/2022\/04\/vino-cosmic-pares-balta-scaled-1-300x450.jpg 300w, https:\/\/paresbalta.com\/wp-content\/uploads\/2022\/04\/vino-cosmic-pares-balta-scaled-1-600x900.jpg 600w, https:\/\/paresbalta.com\/wp-content\/uploads\/2022\/04\/vino-cosmic-pares-balta-scaled-1-683x1024.jpg 683w, https:\/\/paresbalta.com\/wp-content\/uploads\/2022\/04\/vino-cosmic-pares-balta-scaled-1-768x1152.jpg 768w, https:\/\/paresbalta.com\/wp-content\/uploads\/2022\/04\/vino-cosmic-pares-balta-scaled-1-1024x1536.jpg 1024w, https:\/\/paresbalta.com\/wp-content\/uploads\/2022\/04\/vino-cosmic-pares-balta-scaled-1-1366x2048.jpg 1366w, https:\/\/paresbalta.com\/wp-content\/uploads\/2022\/04\/vino-cosmic-pares-balta-scaled-1-100x150.jpg 100w, https:\/\/paresbalta.com\/wp-content\/uploads\/2022\/04\/vino-cosmic-pares-balta-scaled-1.jpg 1707w\" sizes=\"auto, (max-width: 200px) 100vw, 200px\" \/><\/figure>\n<\/div>\n\n\n<div class=\"wp-block-buttons is-content-justification-center is-layout-flex wp-container-core-buttons-is-layout-16018d1d wp-block-buttons-is-layout-flex\">\n<div class=\"wp-block-button has-custom-font-size\" style=\"font-size:15px\"><a class=\"wp-block-button__link has-white-color has-text-color has-background has-link-color wp-element-button\" href=\"https:\/\/paresbalta.com\/ca\/botiga\/vi-ecologic-biodinamic\/revolution-vi-vega\/cosmic-xarello\/\" style=\"background-color:#524138\">Saber-ne m\u00e9s<\/a><\/div>\n<\/div>\n\n\n\n<div style=\"height:40px\" aria-hidden=\"true\" class=\"wp-block-spacer\"><\/div>\n<\/div>\n\n\n\n<div class=\"wp-block-column is-layout-flow wp-block-column-is-layout-flow\">\n<div style=\"height:40px\" aria-hidden=\"true\" class=\"wp-block-spacer\"><\/div>\n\n\n\n<p class=\"has-text-align-center has-text-color has-link-color wp-elements-2eb3a5856a7323205aec7fedf9b7c7eb\" style=\"color:#524138;font-size:23px\"><strong>INDIGENA BLANC<\/strong><\/p>\n\n\n<div class=\"wp-block-image\">\n<figure class=\"aligncenter size-medium\"><img loading=\"lazy\" decoding=\"async\" width=\"200\" height=\"300\" src=\"https:\/\/paresbalta.com\/wp-content\/uploads\/2022\/05\/vino-indigena-blanco-pares-balta-scaled-1-200x300.jpg\" alt=\"\" class=\"wp-image-2131\" srcset=\"https:\/\/paresbalta.com\/wp-content\/uploads\/2022\/05\/vino-indigena-blanco-pares-balta-scaled-1-200x300.jpg 200w, https:\/\/paresbalta.com\/wp-content\/uploads\/2022\/05\/vino-indigena-blanco-pares-balta-scaled-1-300x450.jpg 300w, https:\/\/paresbalta.com\/wp-content\/uploads\/2022\/05\/vino-indigena-blanco-pares-balta-scaled-1-600x900.jpg 600w, https:\/\/paresbalta.com\/wp-content\/uploads\/2022\/05\/vino-indigena-blanco-pares-balta-scaled-1-683x1024.jpg 683w, https:\/\/paresbalta.com\/wp-content\/uploads\/2022\/05\/vino-indigena-blanco-pares-balta-scaled-1-768x1152.jpg 768w, https:\/\/paresbalta.com\/wp-content\/uploads\/2022\/05\/vino-indigena-blanco-pares-balta-scaled-1-1024x1536.jpg 1024w, https:\/\/paresbalta.com\/wp-content\/uploads\/2022\/05\/vino-indigena-blanco-pares-balta-scaled-1-1366x2048.jpg 1366w, https:\/\/paresbalta.com\/wp-content\/uploads\/2022\/05\/vino-indigena-blanco-pares-balta-scaled-1-100x150.jpg 100w, https:\/\/paresbalta.com\/wp-content\/uploads\/2022\/05\/vino-indigena-blanco-pares-balta-scaled-1.jpg 1707w\" sizes=\"auto, (max-width: 200px) 100vw, 200px\" \/><\/figure>\n<\/div>\n\n\n<div class=\"wp-block-buttons is-content-justification-center is-layout-flex wp-container-core-buttons-is-layout-16018d1d wp-block-buttons-is-layout-flex\">\n<div class=\"wp-block-button has-custom-font-size\" style=\"font-size:15px\"><a class=\"wp-block-button__link has-white-color has-text-color has-background has-link-color wp-element-button\" href=\"https:\/\/paresbalta.com\/ca\/botiga\/vi-ecologic-biodinamic\/revolution-vi-vega\/indigena-blanc\/\" style=\"background-color:#524138\">Saber-ne m\u00e9s<\/a><\/div>\n<\/div>\n\n\n\n<div style=\"height:40px\" aria-hidden=\"true\" class=\"wp-block-spacer\"><\/div>\n<\/div>\n\n\n\n<div class=\"wp-block-column is-layout-flow wp-block-column-is-layout-flow\">\n<div style=\"height:40px\" aria-hidden=\"true\" class=\"wp-block-spacer\"><\/div>\n\n\n\n<p class=\"has-text-align-center has-text-color has-link-color wp-elements-f6b053c15b82840008f19364bebb64b8\" style=\"color:#524138;font-size:23px\"><strong>ESPIGOL<\/strong><\/p>\n\n\n<div class=\"wp-block-image\">\n<figure class=\"aligncenter size-medium\"><img loading=\"lazy\" decoding=\"async\" width=\"200\" height=\"300\" src=\"https:\/\/paresbalta.com\/wp-content\/uploads\/2022\/05\/vino-espigol-pares-balta-scaled-1-200x300.jpg\" alt=\"\" class=\"wp-image-2141\" srcset=\"https:\/\/paresbalta.com\/wp-content\/uploads\/2022\/05\/vino-espigol-pares-balta-scaled-1-200x300.jpg 200w, https:\/\/paresbalta.com\/wp-content\/uploads\/2022\/05\/vino-espigol-pares-balta-scaled-1-300x450.jpg 300w, https:\/\/paresbalta.com\/wp-content\/uploads\/2022\/05\/vino-espigol-pares-balta-scaled-1-600x900.jpg 600w, https:\/\/paresbalta.com\/wp-content\/uploads\/2022\/05\/vino-espigol-pares-balta-scaled-1-683x1024.jpg 683w, https:\/\/paresbalta.com\/wp-content\/uploads\/2022\/05\/vino-espigol-pares-balta-scaled-1-768x1152.jpg 768w, https:\/\/paresbalta.com\/wp-content\/uploads\/2022\/05\/vino-espigol-pares-balta-scaled-1-1024x1536.jpg 1024w, https:\/\/paresbalta.com\/wp-content\/uploads\/2022\/05\/vino-espigol-pares-balta-scaled-1-1366x2048.jpg 1366w, https:\/\/paresbalta.com\/wp-content\/uploads\/2022\/05\/vino-espigol-pares-balta-scaled-1-100x150.jpg 100w, https:\/\/paresbalta.com\/wp-content\/uploads\/2022\/05\/vino-espigol-pares-balta-scaled-1.jpg 1707w\" sizes=\"auto, (max-width: 200px) 100vw, 200px\" \/><\/figure>\n<\/div>\n\n\n<div class=\"wp-block-buttons is-content-justification-center is-layout-flex wp-container-core-buttons-is-layout-16018d1d wp-block-buttons-is-layout-flex\">\n<div class=\"wp-block-button has-custom-font-size\" style=\"font-size:15px\"><a class=\"wp-block-button__link has-white-color has-text-color has-background has-link-color wp-element-button\" href=\"https:\/\/paresbalta.com\/ca\/botiga\/vi-ecologic-biodinamic\/revolution-vi-vega\/espigol-vi-blanc-malvasia-de-sitges\/\" style=\"background-color:#524138\">Saber-ne m\u00e9s<\/a><\/div>\n<\/div>\n\n\n\n<div style=\"height:40px\" aria-hidden=\"true\" class=\"wp-block-spacer\"><\/div>\n<\/div>\n\n\n\n<div class=\"wp-block-column is-layout-flow wp-block-column-is-layout-flow\">\n<div style=\"height:40px\" aria-hidden=\"true\" class=\"wp-block-spacer\"><\/div>\n\n\n\n<p class=\"has-text-align-center has-text-color has-link-color wp-elements-4fc75c328ca093129eae835af11c90fb\" style=\"color:#524138;font-size:23px\"><strong>GROSELLA<\/strong><\/p>\n\n\n<div class=\"wp-block-image\">\n<figure class=\"aligncenter size-medium\"><img loading=\"lazy\" decoding=\"async\" width=\"200\" height=\"300\" src=\"https:\/\/paresbalta.com\/wp-content\/uploads\/2022\/09\/Grosella-pares-balta-200x300.jpg\" alt=\"\" class=\"wp-image-32371\" srcset=\"https:\/\/paresbalta.com\/wp-content\/uploads\/2022\/09\/Grosella-pares-balta-200x300.jpg 200w, https:\/\/paresbalta.com\/wp-content\/uploads\/2022\/09\/Grosella-pares-balta-300x449.jpg 300w, https:\/\/paresbalta.com\/wp-content\/uploads\/2022\/09\/Grosella-pares-balta-100x150.jpg 100w, https:\/\/paresbalta.com\/wp-content\/uploads\/2022\/09\/Grosella-pares-balta.jpg 601w\" sizes=\"auto, (max-width: 200px) 100vw, 200px\" \/><\/figure>\n<\/div>\n\n\n<div class=\"wp-block-buttons is-content-justification-center is-layout-flex wp-container-core-buttons-is-layout-16018d1d wp-block-buttons-is-layout-flex\">\n<div class=\"wp-block-button has-custom-font-size\" style=\"font-size:15px\"><a class=\"wp-block-button__link has-white-color has-text-color has-background has-link-color wp-element-button\" href=\"https:\/\/paresbalta.com\/ca\/botiga\/vi-ecologic-biodinamic\/revolution-vi-vega\/grosella\/\" style=\"background-color:#524138\">Saber-ne m\u00e9s<\/a><\/div>\n<\/div>\n\n\n\n<div style=\"height:40px\" aria-hidden=\"true\" class=\"wp-block-spacer\"><\/div>\n<\/div>\n<\/div>\n","protected":false},"excerpt":{"rendered":"<p>Som els viticultors d\u2019una nova generaci\u00f3, la que reapr\u00e8n tornant als seus or\u00edgens per buscar l\u2019autenticitat en cada vi. Vins que neixen de la nostra passi\u00f3 per la terra Amb la gamma de vins R-Evolution volem transmetre la nostra voluntat de tornar a les arrels, d\u2019aprendre el desapr\u00e8s i donar valor a tot all\u00f2 que&#8230;<\/p>\n<p><a class=\"btn btn-secondary understrap-read-more-link\" href=\"https:\/\/paresbalta.com\/ca\/vi-ecologic-biodinamic\/revolution-vi-vega\/\">Llegeix m\u00e9s<span class=\"screen-reader-text\"> from R-Evolution<\/span><\/a><\/p>\n","protected":false},"author":1,"featured_media":0,"parent":5140,"menu_order":0,"comment_status":"closed","ping_status":"closed","template":"","meta":{"_acf_changed":false,"footnotes":""},"class_list":["post-5137","page","type-page","status-publish","hentry"],"acf":[],"_links":{"self":[{"href":"https:\/\/paresbalta.com\/ca\/wp-json\/wp\/v2\/pages\/5137","targetHints":{"allow":["GET"]}}],"collection":[{"href":"https:\/\/paresbalta.com\/ca\/wp-json\/wp\/v2\/pages"}],"about":[{"href":"https:\/\/paresbalta.com\/ca\/wp-json\/wp\/v2\/types\/page"}],"author":[{"embeddable":true,"href":"https:\/\/paresbalta.com\/ca\/wp-json\/wp\/v2\/users\/1"}],"replies":[{"embeddable":true,"href":"https:\/\/paresbalta.com\/ca\/wp-json\/wp\/v2\/comments?post=5137"}],"version-history":[{"count":9,"href":"https:\/\/paresbalta.com\/ca\/wp-json\/wp\/v2\/pages\/5137\/revisions"}],"predecessor-version":[{"id":273293,"href":"https:\/\/paresbalta.com\/ca\/wp-json\/wp\/v2\/pages\/5137\/revisions\/273293"}],"up":[{"embeddable":true,"href":"https:\/\/paresbalta.com\/ca\/wp-json\/wp\/v2\/pages\/5140"}],"wp:attachment":[{"href":"https:\/\/paresbalta.com\/ca\/wp-json\/wp\/v2\/media?parent=5137"}],"curies":[{"name":"wp","href":"https:\/\/api.w.org\/{rel}","templated":true}]}}