{"id":5132,"date":"2022-05-02T17:00:30","date_gmt":"2022-05-02T17:00:30","guid":{"rendered":"https:\/\/paresbalta.com\/origen-vino-joven-vegano\/"},"modified":"2024-07-23T14:40:46","modified_gmt":"2024-07-23T12:40:46","slug":"origen-vi-jove-vega","status":"publish","type":"page","link":"https:\/\/paresbalta.com\/ca\/vi-ecologic-biodinamic\/origen-vi-jove-vega\/","title":{"rendered":"Origen"},"content":{"rendered":"\n<div class=\"wp-block-cover alignfull is-light home-block-cover\"><span aria-hidden=\"true\" class=\"wp-block-cover__background has-black-background-color has-background-dim-10 has-background-dim\"><\/span><img loading=\"lazy\" decoding=\"async\" width=\"2560\" height=\"1707\" class=\"wp-block-cover__image-background wp-image-272841\" alt=\"\" src=\"https:\/\/paresbalta.com\/wp-content\/uploads\/2024\/07\/origen-pares-balta-5-scaled.jpg\" style=\"object-position:55% 57%\" data-object-fit=\"cover\" data-object-position=\"55% 57%\" srcset=\"https:\/\/paresbalta.com\/wp-content\/uploads\/2024\/07\/origen-pares-balta-5-scaled.jpg 2560w, https:\/\/paresbalta.com\/wp-content\/uploads\/2024\/07\/origen-pares-balta-5-300x200.jpg 300w, https:\/\/paresbalta.com\/wp-content\/uploads\/2024\/07\/origen-pares-balta-5-1024x683.jpg 1024w, https:\/\/paresbalta.com\/wp-content\/uploads\/2024\/07\/origen-pares-balta-5-768x512.jpg 768w, https:\/\/paresbalta.com\/wp-content\/uploads\/2024\/07\/origen-pares-balta-5-1536x1024.jpg 1536w, https:\/\/paresbalta.com\/wp-content\/uploads\/2024\/07\/origen-pares-balta-5-2048x1365.jpg 2048w, https:\/\/paresbalta.com\/wp-content\/uploads\/2024\/07\/origen-pares-balta-5-500x333.jpg 500w, https:\/\/paresbalta.com\/wp-content\/uploads\/2024\/07\/origen-pares-balta-5-800x533.jpg 800w, https:\/\/paresbalta.com\/wp-content\/uploads\/2024\/07\/origen-pares-balta-5-1280x853.jpg 1280w, https:\/\/paresbalta.com\/wp-content\/uploads\/2024\/07\/origen-pares-balta-5-1920x1280.jpg 1920w, https:\/\/paresbalta.com\/wp-content\/uploads\/2024\/07\/origen-pares-balta-5-600x400.jpg 600w, https:\/\/paresbalta.com\/wp-content\/uploads\/2024\/07\/origen-pares-balta-5-100x67.jpg 100w\" sizes=\"auto, (max-width: 2560px) 100vw, 2560px\" \/><div class=\"wp-block-cover__inner-container is-layout-flow wp-block-cover-is-layout-flow\">\n<h1 class=\"wp-block-heading has-text-align-center has-white-color has-text-color\" style=\"font-size:2.5rem\">Origen, vins ecol\u00f2gics joves i frescos<\/h1>\n\n\n\n<p class=\"has-text-align-center max-width-header small has-white-color has-text-color\" style=\"font-size:1.5rem\">El millor moment per gaudir \u00e9s ara<\/p>\n\n\n\n<div class=\"wp-block-group down-arrow\"><div class=\"wp-block-group__inner-container is-layout-flow wp-block-group-is-layout-flow\">\n<i class=\"fa fa-chevron-down\" aria-hidden=\"true\"><\/i>\n<\/div><\/div>\n<\/div><\/div>\n\n\n\n<div class=\"wp-block-group alignfull has-background\" style=\"background-color:#524138\"><div class=\"wp-block-group__inner-container is-layout-flow wp-block-group-is-layout-flow\">\n<div style=\"height:80px\" aria-hidden=\"true\" class=\"wp-block-spacer\"><\/div>\n\n\n\n<h4 class=\"wp-block-heading has-text-align-center max-width-header has-white-color has-text-color\" style=\"font-size:1.2rem;font-style:normal;font-weight:400\">&nbsp;Som viticultors des de 1790, elaborem vins ecol\u00f2gics i treballem amb agricultura biodin\u00e0mica per cuidar la nostra terra i millorar-la per a les futures generacions.<\/h4>\n\n\n\n<div style=\"height:80px\" aria-hidden=\"true\" class=\"wp-block-spacer\"><\/div>\n<\/div><\/div>\n\n\n\n<div class=\"wp-block-columns alignfull block-cols is-layout-flex wp-container-core-columns-is-layout-9d6595d7 wp-block-columns-is-layout-flex\">\n<div class=\"wp-block-column image-column col-md-6 col-lg-8 is-layout-flow wp-block-column-is-layout-flow\">\n<figure class=\"wp-block-image size-full\"><img loading=\"lazy\" decoding=\"async\" width=\"2500\" height=\"1667\" src=\"https:\/\/paresbalta.com\/wp-content\/uploads\/2024\/02\/vino-ros-de-pacs-pares-balta.jpg\" alt=\"\" class=\"wp-image-179430\" srcset=\"https:\/\/paresbalta.com\/wp-content\/uploads\/2024\/02\/vino-ros-de-pacs-pares-balta.jpg 2500w, https:\/\/paresbalta.com\/wp-content\/uploads\/2024\/02\/vino-ros-de-pacs-pares-balta-300x200.jpg 300w, https:\/\/paresbalta.com\/wp-content\/uploads\/2024\/02\/vino-ros-de-pacs-pares-balta-600x400.jpg 600w, https:\/\/paresbalta.com\/wp-content\/uploads\/2024\/02\/vino-ros-de-pacs-pares-balta-1024x683.jpg 1024w, https:\/\/paresbalta.com\/wp-content\/uploads\/2024\/02\/vino-ros-de-pacs-pares-balta-768x512.jpg 768w, https:\/\/paresbalta.com\/wp-content\/uploads\/2024\/02\/vino-ros-de-pacs-pares-balta-1536x1024.jpg 1536w, https:\/\/paresbalta.com\/wp-content\/uploads\/2024\/02\/vino-ros-de-pacs-pares-balta-2048x1366.jpg 2048w, https:\/\/paresbalta.com\/wp-content\/uploads\/2024\/02\/vino-ros-de-pacs-pares-balta-100x67.jpg 100w\" sizes=\"auto, (max-width: 2500px) 100vw, 2500px\" \/><\/figure>\n<\/div>\n\n\n\n<div class=\"wp-block-column text-column col-md-6 col-lg-4 is-layout-flow wp-block-column-is-layout-flow\">\n<div class=\"wp-block-group align-middle-items\"><div class=\"wp-block-group__inner-container is-layout-flow wp-block-group-is-layout-flow\">\n<h2 class=\"wp-block-heading\">Vins ecol\u00f2gics per gaudir cada dia<\/h2>\n\n\n\n<p>La gamma de vins ecol\u00f2gics i aptes per a vegans Origen \u00e9s la porta d\u2019entrada al nostre celler. La seva&nbsp;<strong>gran relaci\u00f3 qualitat-preu<\/strong>&nbsp;fa que siguin perfectes per ser gaudits a diari.<br><\/p>\n\n\n\n<p>Tots ells s\u2019elaboren a partir de ra\u00efm de les nostres pr\u00f2pies finques situades al Pened\u00e8s. Cultivem les vinyes amb agricultura biodin\u00e0mica i les en\u00f2logues fan elaboracions de m\u00ednima intervenci\u00f3 al celler per deixar que el ra\u00efm s\u2019expressi per si mateix i sigui capa\u00e7 de transmetre el seu origen a trav\u00e9s de les aromes, textures i gustos.<\/p>\n<\/div><\/div>\n<\/div>\n<\/div>\n\n\n\n<div class=\"wp-block-columns alignfull block-cols is-layout-flex wp-container-core-columns-is-layout-9d6595d7 wp-block-columns-is-layout-flex\">\n<div class=\"wp-block-column text-column col-md-6 col-lg-4 has-background is-layout-flow wp-block-column-is-layout-flow\" style=\"background-color:#cfccc7\">\n<div class=\"wp-block-group align-middle-items\"><div class=\"wp-block-group__inner-container is-layout-flow wp-block-group-is-layout-flow\">\n<h2 class=\"wp-block-heading has-text-align-left\">Els primers vins de Par\u00e9s Balt\u00e0<\/h2>\n\n\n\n<p>Als anys 80, en Joan Cusin\u00e9 Cusin\u00e9 va elaborar el primer vi blanc del celler i aquest va ser el Blanc de Pacs. Despr\u00e9s de m\u00e9s de 40 anys, el seguim elaborant verema rere verema amb les varietats m\u00e9s tradicionals i arrelades al Pened\u00e8s:&nbsp;<strong>xarel.lo, macabeu i parellada<\/strong>.<\/p>\n\n\n\n<p>Tots els vins Origen,&nbsp;<a href=\"https:\/\/paresbalta.com\/ca\/botiga\/vino-ecologico-biodinamico-ca\/origen-vino-joven-vegano-ca\/honeymoon-afrutado\/\">Honeymoon<\/a>, <a href=\"https:\/\/paresbalta.com\/ca\/botiga\/vino-ecologico-biodinamico\/origen-vino-joven-vegano\/blanc-de-pacs\/\">Blanc de Pacs<\/a>, <a href=\"https:\/\/paresbalta.com\/ca\/botiga\/vino-ecologico-biodinamico\/origen-vino-joven-vegano\/ros-de-pacs\/\">Ros de Pacs<\/a> i <a href=\"https:\/\/paresbalta.com\/ca\/botiga\/vino-ecologico-biodinamico-ca\/origen-vino-joven-vegano-ca\/mas-petit\/\">Mas Petit<\/a>, s\u00f3n joves, frescos i majorit\u00e0riament afruitats. En ells hi trobem les varietats tradicionals del Pened\u00e8s per\u00f2 tamb\u00e9 varietats foranies molt adaptades al nostre territori com el Syrah o el Cabernet Franc.<\/p>\n<\/div><\/div>\n<\/div>\n\n\n\n<div class=\"wp-block-column image-column col-md-6 col-lg-8 is-layout-flow wp-block-column-is-layout-flow\">\n<figure class=\"wp-block-image size-full\"><img loading=\"lazy\" decoding=\"async\" width=\"1984\" height=\"1323\" src=\"https:\/\/paresbalta.com\/wp-content\/uploads\/2022\/05\/raim-2.jpg\" alt=\"\" class=\"wp-image-1850\" srcset=\"https:\/\/paresbalta.com\/wp-content\/uploads\/2022\/05\/raim-2.jpg 1984w, https:\/\/paresbalta.com\/wp-content\/uploads\/2022\/05\/raim-2-300x200.jpg 300w, https:\/\/paresbalta.com\/wp-content\/uploads\/2022\/05\/raim-2-600x400.jpg 600w, https:\/\/paresbalta.com\/wp-content\/uploads\/2022\/05\/raim-2-1024x683.jpg 1024w, https:\/\/paresbalta.com\/wp-content\/uploads\/2022\/05\/raim-2-768x512.jpg 768w, https:\/\/paresbalta.com\/wp-content\/uploads\/2022\/05\/raim-2-1536x1024.jpg 1536w, https:\/\/paresbalta.com\/wp-content\/uploads\/2022\/05\/raim-2-100x67.jpg 100w\" sizes=\"auto, (max-width: 1984px) 100vw, 1984px\" \/><\/figure>\n<\/div>\n<\/div>\n\n\n\n<div class=\"wp-block-columns alignfull block-cols is-layout-flex wp-container-core-columns-is-layout-9d6595d7 wp-block-columns-is-layout-flex\">\n<div class=\"wp-block-column image-column col-md-6 col-lg-8 is-layout-flow wp-block-column-is-layout-flow\">\n<figure class=\"wp-block-image size-full\"><img loading=\"lazy\" decoding=\"async\" width=\"2560\" height=\"1706\" src=\"https:\/\/paresbalta.com\/wp-content\/uploads\/2022\/07\/Honeymoon-Pares-Balta-2-scaled.jpg\" alt=\"\" class=\"wp-image-7995\" srcset=\"https:\/\/paresbalta.com\/wp-content\/uploads\/2022\/07\/Honeymoon-Pares-Balta-2-scaled.jpg 2560w, https:\/\/paresbalta.com\/wp-content\/uploads\/2022\/07\/Honeymoon-Pares-Balta-2-300x200.jpg 300w, https:\/\/paresbalta.com\/wp-content\/uploads\/2022\/07\/Honeymoon-Pares-Balta-2-600x400.jpg 600w, https:\/\/paresbalta.com\/wp-content\/uploads\/2022\/07\/Honeymoon-Pares-Balta-2-1024x682.jpg 1024w, https:\/\/paresbalta.com\/wp-content\/uploads\/2022\/07\/Honeymoon-Pares-Balta-2-768x512.jpg 768w, https:\/\/paresbalta.com\/wp-content\/uploads\/2022\/07\/Honeymoon-Pares-Balta-2-1536x1024.jpg 1536w, https:\/\/paresbalta.com\/wp-content\/uploads\/2022\/07\/Honeymoon-Pares-Balta-2-2048x1365.jpg 2048w, https:\/\/paresbalta.com\/wp-content\/uploads\/2022\/07\/Honeymoon-Pares-Balta-2-100x67.jpg 100w\" sizes=\"auto, (max-width: 2560px) 100vw, 2560px\" \/><\/figure>\n<\/div>\n\n\n\n<div class=\"wp-block-column text-column col-md-6 col-lg-4 is-layout-flow wp-block-column-is-layout-flow\">\n<div class=\"wp-block-group align-middle-items\"><div class=\"wp-block-group__inner-container is-layout-flow wp-block-group-is-layout-flow\">\n<h2 class=\"wp-block-heading\">El vi ecol\u00f2gic Honeymoon de Par\u00e9s Balt\u00e0<\/h2>\n\n\n\n<p>Potser el vi m\u00e9s conegut d\u2019aquesta gamma \u00e9s el Honeymoon, que es va comen\u00e7ar a elaborar arrel del viatge de noces d\u2019en Joan Cusin\u00e9 Cusin\u00e9 i la seva esposa Maria \u00c0ngels Carol. Es tracta d\u2019un monovarietal de Parellada afruitat que sedueix al primer glop per la seva intensitat, aromes i frescor.<\/p>\n\n\n\n<p>Tots aquests vins, igual que els MicroCuv\u00e9e, R-Evolution i Caves procedeixen de vinyes cultivades amb&nbsp;<a href=\"https:\/\/paresbalta.com\/ca\/viticultura-biodinamica\/\">agricultura biodin\u00e0mica<\/a>. La verema es fa de forma manual i el premsat del ra\u00efm es realitza amb una premsa neum\u00e0tica, per mantenir la m\u00e0xima qualitat en l\u2019extracci\u00f3 del most.<\/p>\n<\/div><\/div>\n<\/div>\n<\/div>\n\n\n\n<div class=\"wp-block-columns is-layout-flex wp-container-core-columns-is-layout-9d6595d7 wp-block-columns-is-layout-flex\">\n<div class=\"wp-block-column is-layout-flow wp-block-column-is-layout-flow\">\n<div style=\"height:40px\" aria-hidden=\"true\" class=\"wp-block-spacer\"><\/div>\n\n\n\n<p class=\"has-text-align-center has-text-color has-link-color wp-elements-dbd0d96001eefe708e1871d2d1417067\" style=\"color:#524138;font-size:23px\"><strong>HONEYMOON<\/strong><\/p>\n\n\n<div class=\"wp-block-image\">\n<figure class=\"aligncenter size-medium\"><img loading=\"lazy\" decoding=\"async\" width=\"200\" height=\"300\" src=\"https:\/\/paresbalta.com\/wp-content\/uploads\/2022\/05\/vino-honeymoon-pares-balta-scaled-1-200x300.jpg\" alt=\"\" class=\"wp-image-1987\" srcset=\"https:\/\/paresbalta.com\/wp-content\/uploads\/2022\/05\/vino-honeymoon-pares-balta-scaled-1-200x300.jpg 200w, https:\/\/paresbalta.com\/wp-content\/uploads\/2022\/05\/vino-honeymoon-pares-balta-scaled-1-300x450.jpg 300w, https:\/\/paresbalta.com\/wp-content\/uploads\/2022\/05\/vino-honeymoon-pares-balta-scaled-1-600x900.jpg 600w, https:\/\/paresbalta.com\/wp-content\/uploads\/2022\/05\/vino-honeymoon-pares-balta-scaled-1-683x1024.jpg 683w, https:\/\/paresbalta.com\/wp-content\/uploads\/2022\/05\/vino-honeymoon-pares-balta-scaled-1-768x1152.jpg 768w, https:\/\/paresbalta.com\/wp-content\/uploads\/2022\/05\/vino-honeymoon-pares-balta-scaled-1-1024x1536.jpg 1024w, https:\/\/paresbalta.com\/wp-content\/uploads\/2022\/05\/vino-honeymoon-pares-balta-scaled-1-1366x2048.jpg 1366w, https:\/\/paresbalta.com\/wp-content\/uploads\/2022\/05\/vino-honeymoon-pares-balta-scaled-1-100x150.jpg 100w, https:\/\/paresbalta.com\/wp-content\/uploads\/2022\/05\/vino-honeymoon-pares-balta-scaled-1.jpg 1707w\" sizes=\"auto, (max-width: 200px) 100vw, 200px\" \/><\/figure>\n<\/div>\n\n\n<div class=\"wp-block-buttons is-content-justification-center is-layout-flex wp-container-core-buttons-is-layout-16018d1d wp-block-buttons-is-layout-flex\">\n<div class=\"wp-block-button has-custom-font-size\" style=\"font-size:15px\"><a class=\"wp-block-button__link has-white-color has-text-color has-background has-link-color wp-element-button\" href=\"https:\/\/paresbalta.com\/ca\/botiga\/vi-ecologic-biodinamic\/origen-vi-jove-vega\/honeymoon-afruitat\/\" style=\"background-color:#524138\">Saber-ne m\u00e9s<\/a><\/div>\n<\/div>\n\n\n\n<div style=\"height:40px\" aria-hidden=\"true\" class=\"wp-block-spacer\"><\/div>\n<\/div>\n\n\n\n<div class=\"wp-block-column is-layout-flow wp-block-column-is-layout-flow\">\n<div style=\"height:40px\" aria-hidden=\"true\" class=\"wp-block-spacer\"><\/div>\n\n\n\n<p class=\"has-text-align-center has-text-color has-link-color wp-elements-93f3a1fac93fb880226e4294764a9d85\" style=\"color:#524138;font-size:23px\"><strong>BLANC DE PACS<\/strong><\/p>\n\n\n<div class=\"wp-block-image\">\n<figure class=\"aligncenter size-medium\"><img loading=\"lazy\" decoding=\"async\" width=\"200\" height=\"300\" src=\"https:\/\/paresbalta.com\/wp-content\/uploads\/2022\/05\/Blanc-de-pacs-paresbalta-200x300.jpg\" alt=\"\" class=\"wp-image-143970\" srcset=\"https:\/\/paresbalta.com\/wp-content\/uploads\/2022\/05\/Blanc-de-pacs-paresbalta-200x300.jpg 200w, https:\/\/paresbalta.com\/wp-content\/uploads\/2022\/05\/Blanc-de-pacs-paresbalta-300x450.jpg 300w, https:\/\/paresbalta.com\/wp-content\/uploads\/2022\/05\/Blanc-de-pacs-paresbalta-600x900.jpg 600w, https:\/\/paresbalta.com\/wp-content\/uploads\/2022\/05\/Blanc-de-pacs-paresbalta-100x150.jpg 100w, https:\/\/paresbalta.com\/wp-content\/uploads\/2022\/05\/Blanc-de-pacs-paresbalta.jpg 601w\" sizes=\"auto, (max-width: 200px) 100vw, 200px\" \/><\/figure>\n<\/div>\n\n\n<div class=\"wp-block-buttons is-content-justification-center is-layout-flex wp-container-core-buttons-is-layout-16018d1d wp-block-buttons-is-layout-flex\">\n<div class=\"wp-block-button has-custom-font-size\" style=\"font-size:15px\"><a class=\"wp-block-button__link has-white-color has-text-color has-background has-link-color wp-element-button\" href=\"https:\/\/paresbalta.com\/ca\/botiga\/vi-ecologic-biodinamic\/origen-vi-jove-vega\/blanc-de-pacs\/\" style=\"background-color:#524138\">Saber-ne m\u00e9s<\/a><\/div>\n<\/div>\n\n\n\n<div style=\"height:40px\" aria-hidden=\"true\" class=\"wp-block-spacer\"><\/div>\n<\/div>\n\n\n\n<div class=\"wp-block-column is-layout-flow wp-block-column-is-layout-flow\">\n<div style=\"height:40px\" aria-hidden=\"true\" class=\"wp-block-spacer\"><\/div>\n\n\n\n<p class=\"has-text-align-center has-text-color has-link-color wp-elements-60fd1856d539b35f05104125e5962040\" style=\"color:#524138;font-size:23px\"><strong>ROS DE PACS<\/strong><\/p>\n\n\n<div class=\"wp-block-image\">\n<figure class=\"aligncenter size-medium\"><img loading=\"lazy\" decoding=\"async\" width=\"200\" height=\"300\" src=\"https:\/\/paresbalta.com\/wp-content\/uploads\/2022\/05\/Ros-de-Pacs-Paresbalta-200x300.jpg\" alt=\"\" class=\"wp-image-143642\" srcset=\"https:\/\/paresbalta.com\/wp-content\/uploads\/2022\/05\/Ros-de-Pacs-Paresbalta-200x300.jpg 200w, https:\/\/paresbalta.com\/wp-content\/uploads\/2022\/05\/Ros-de-Pacs-Paresbalta-300x450.jpg 300w, https:\/\/paresbalta.com\/wp-content\/uploads\/2022\/05\/Ros-de-Pacs-Paresbalta-100x150.jpg 100w, https:\/\/paresbalta.com\/wp-content\/uploads\/2022\/05\/Ros-de-Pacs-Paresbalta.jpg 301w\" sizes=\"auto, (max-width: 200px) 100vw, 200px\" \/><\/figure>\n<\/div>\n\n\n<div class=\"wp-block-buttons is-content-justification-center is-layout-flex wp-container-core-buttons-is-layout-16018d1d wp-block-buttons-is-layout-flex\">\n<div class=\"wp-block-button has-custom-font-size\" style=\"font-size:15px\"><a class=\"wp-block-button__link has-white-color has-text-color has-background has-link-color wp-element-button\" href=\"https:\/\/paresbalta.com\/ca\/botiga\/vi-ecologic-biodinamic\/origen-vi-jove-vega\/ros-de-pacs\/\" style=\"background-color:#524138\">Saber-ne m\u00e9s<\/a><\/div>\n<\/div>\n\n\n\n<div style=\"height:40px\" aria-hidden=\"true\" class=\"wp-block-spacer\"><\/div>\n<\/div>\n\n\n\n<div class=\"wp-block-column is-layout-flow wp-block-column-is-layout-flow\">\n<div style=\"height:40px\" aria-hidden=\"true\" class=\"wp-block-spacer\"><\/div>\n\n\n\n<p class=\"has-text-align-center has-text-color has-link-color wp-elements-feaafee3c6e325a28e781fc9ec4437fc\" style=\"color:#524138;font-size:23px\"><strong>MAS PETIT<\/strong><\/p>\n\n\n<div class=\"wp-block-image\">\n<figure class=\"aligncenter size-medium\"><img loading=\"lazy\" decoding=\"async\" width=\"200\" height=\"300\" src=\"https:\/\/paresbalta.com\/wp-content\/uploads\/2022\/05\/Mas-petit-paresbalta-200x300.jpg\" alt=\"\" class=\"wp-image-144009\" srcset=\"https:\/\/paresbalta.com\/wp-content\/uploads\/2022\/05\/Mas-petit-paresbalta-200x300.jpg 200w, https:\/\/paresbalta.com\/wp-content\/uploads\/2022\/05\/Mas-petit-paresbalta-300x450.jpg 300w, https:\/\/paresbalta.com\/wp-content\/uploads\/2022\/05\/Mas-petit-paresbalta-600x900.jpg 600w, https:\/\/paresbalta.com\/wp-content\/uploads\/2022\/05\/Mas-petit-paresbalta-100x150.jpg 100w, https:\/\/paresbalta.com\/wp-content\/uploads\/2022\/05\/Mas-petit-paresbalta.jpg 601w\" sizes=\"auto, (max-width: 200px) 100vw, 200px\" \/><\/figure>\n<\/div>\n\n\n<div class=\"wp-block-buttons is-content-justification-center is-layout-flex wp-container-core-buttons-is-layout-16018d1d wp-block-buttons-is-layout-flex\">\n<div class=\"wp-block-button has-custom-font-size\" style=\"font-size:15px\"><a class=\"wp-block-button__link has-white-color has-text-color has-background has-link-color wp-element-button\" href=\"https:\/\/paresbalta.com\/ca\/botiga\/vi-ecologic-biodinamic\/origen-vi-jove-vega\/mas-petit\/\" style=\"background-color:#524138\">Saber-ne m\u00e9s<\/a><\/div>\n<\/div>\n<\/div>\n<\/div>\n","protected":false},"excerpt":{"rendered":"<p>&nbsp;Som viticultors des de 1790, elaborem vins ecol\u00f2gics i treballem amb agricultura biodin\u00e0mica per cuidar la nostra terra i millorar-la per a les futures generacions. Vins ecol\u00f2gics per gaudir cada dia La gamma de vins ecol\u00f2gics i aptes per a vegans Origen \u00e9s la porta d\u2019entrada al nostre celler. La seva&nbsp;gran relaci\u00f3 qualitat-preu&nbsp;fa que siguin&#8230;<\/p>\n<p><a class=\"btn btn-secondary understrap-read-more-link\" href=\"https:\/\/paresbalta.com\/ca\/vi-ecologic-biodinamic\/origen-vi-jove-vega\/\">Llegeix m\u00e9s<span class=\"screen-reader-text\"> from Origen<\/span><\/a><\/p>\n","protected":false},"author":1,"featured_media":0,"parent":5140,"menu_order":0,"comment_status":"closed","ping_status":"closed","template":"","meta":{"_acf_changed":false,"footnotes":""},"class_list":["post-5132","page","type-page","status-publish","hentry"],"acf":[],"_links":{"self":[{"href":"https:\/\/paresbalta.com\/ca\/wp-json\/wp\/v2\/pages\/5132","targetHints":{"allow":["GET"]}}],"collection":[{"href":"https:\/\/paresbalta.com\/ca\/wp-json\/wp\/v2\/pages"}],"about":[{"href":"https:\/\/paresbalta.com\/ca\/wp-json\/wp\/v2\/types\/page"}],"author":[{"embeddable":true,"href":"https:\/\/paresbalta.com\/ca\/wp-json\/wp\/v2\/users\/1"}],"replies":[{"embeddable":true,"href":"https:\/\/paresbalta.com\/ca\/wp-json\/wp\/v2\/comments?post=5132"}],"version-history":[{"count":13,"href":"https:\/\/paresbalta.com\/ca\/wp-json\/wp\/v2\/pages\/5132\/revisions"}],"predecessor-version":[{"id":273291,"href":"https:\/\/paresbalta.com\/ca\/wp-json\/wp\/v2\/pages\/5132\/revisions\/273291"}],"up":[{"embeddable":true,"href":"https:\/\/paresbalta.com\/ca\/wp-json\/wp\/v2\/pages\/5140"}],"wp:attachment":[{"href":"https:\/\/paresbalta.com\/ca\/wp-json\/wp\/v2\/media?parent=5132"}],"curies":[{"name":"wp","href":"https:\/\/api.w.org\/{rel}","templated":true}]}}