{"id":5130,"date":"2022-05-02T17:05:42","date_gmt":"2022-05-02T17:05:42","guid":{"rendered":"https:\/\/paresbalta.com\/cava-espumoso-ecologico-biodinamico\/"},"modified":"2024-02-27T09:40:09","modified_gmt":"2024-02-27T08:40:09","slug":"cava-escumos-ecologic-biodinamic","status":"publish","type":"page","link":"https:\/\/paresbalta.com\/ca\/cava-escumos-ecologic-biodinamic\/","title":{"rendered":"Caves"},"content":{"rendered":"\n<div style=\"height:80px\" aria-hidden=\"true\" class=\"wp-block-spacer\"><\/div>\n\n\n\n<div class=\"wp-block-columns px-3 px-md-5 is-layout-flex wp-container-core-columns-is-layout-9d6595d7 wp-block-columns-is-layout-flex\">\n<div class=\"wp-block-column is-layout-flow wp-block-column-is-layout-flow\" style=\"flex-basis:100%\">\n<h1 class=\"wp-block-heading has-text-align-center max-width-header small\" style=\"font-size:2.5rem\">Els vins escumosos de Par\u00e9s Balt\u00e0<\/h1>\n\n\n\n<div style=\"height:40px\" aria-hidden=\"true\" class=\"wp-block-spacer\"><\/div>\n\n\n\n<h2 class=\"wp-block-heading has-text-align-center\">Cava MicroCuv\u00e9e <\/h2>\n\n\n\n<p class=\"has-text-align-center\" style=\"font-size:1.2rem\">Escumosos brut nature d\u2019anyada i de llarga crian\u00e7a<\/p>\n\n\n\n<div style=\"height:10px\" aria-hidden=\"true\" class=\"wp-block-spacer\"><\/div>\n<\/div>\n<\/div>\n\n\n\n<div class=\"wp-block-columns px-3 px-md-5 info-cols info-btns is-layout-flex wp-container-core-columns-is-layout-9d6595d7 wp-block-columns-is-layout-flex\">\n<div class=\"wp-block-column is-layout-flow wp-block-column-is-layout-flow\">\n<figure class=\"wp-block-image size-full is-style-default\"><a href=\"https:\/\/paresbalta.com\/ca\/botiga\/vino-ecologico-biodinamico\/blanca-cusine-brut-nature-gran-reserva\/\"><img loading=\"lazy\" decoding=\"async\" width=\"1024\" height=\"683\" src=\"https:\/\/paresbalta.com\/wp-content\/uploads\/2022\/05\/blanca-cusine.jpg\" alt=\"\" class=\"wp-image-4953\" srcset=\"https:\/\/paresbalta.com\/wp-content\/uploads\/2022\/05\/blanca-cusine.jpg 1024w, https:\/\/paresbalta.com\/wp-content\/uploads\/2022\/05\/blanca-cusine-300x200.jpg 300w, https:\/\/paresbalta.com\/wp-content\/uploads\/2022\/05\/blanca-cusine-600x400.jpg 600w, https:\/\/paresbalta.com\/wp-content\/uploads\/2022\/05\/blanca-cusine-768x512.jpg 768w, https:\/\/paresbalta.com\/wp-content\/uploads\/2022\/05\/blanca-cusine-100x67.jpg 100w\" sizes=\"auto, (max-width: 1024px) 100vw, 1024px\" \/><\/a><\/figure>\n\n\n\n<div class=\"wp-block-group pt-2\"><div class=\"wp-block-group__inner-container is-layout-flow wp-block-group-is-layout-flow\">\n<h2 class=\"wp-block-heading\">Blanca Cusin\u00e9<\/h2>\n\n\n\n<p>La tradicional varietat <strong>xarel.lo<\/strong> es retroba amb dues varietats hist\u00f2riques dins del m\u00f3n dels escumosos, el chardonnay i pinot noir. Totes elles prenen matisos propis per la influ\u00e8ncia del clima i del terrer de les muntanyes del Pened\u00e8s, a la nostra finca de Les Valls.<\/p>\n<\/div><\/div>\n\n\n\n<div class=\"wp-block-buttons pb-3 is-layout-flex wp-block-buttons-is-layout-flex\">\n<div class=\"wp-block-button is-style-fill rounded-btn\"><a class=\"wp-block-button__link has-text-color has-background wp-element-button\" href=\"\/ca\/botiga\/cava-vino-espumoso-ca\/blanca-cusine-gran-reserva-brut-nature\/\" style=\"color:#cfccc7;background-color:#524138\">M\u00e9s informaci\u00f3<\/a><\/div>\n<\/div>\n<\/div>\n\n\n\n<div class=\"wp-block-column is-layout-flow wp-block-column-is-layout-flow\">\n<figure class=\"wp-block-image size-large is-style-default\"><a href=\"\/tienda\/vino-ecologico-biodinamico\/cava-vino-espumoso\/rosa-cusine-rose-gran-reserva-brut-nature\/\"><img loading=\"lazy\" decoding=\"async\" width=\"1024\" height=\"683\" src=\"https:\/\/paresbalta.com\/wp-content\/uploads\/2022\/05\/IMG_0858-1024x683.jpg\" alt=\"\" class=\"wp-image-1862\" srcset=\"https:\/\/paresbalta.com\/wp-content\/uploads\/2022\/05\/IMG_0858-1024x683.jpg 1024w, https:\/\/paresbalta.com\/wp-content\/uploads\/2022\/05\/IMG_0858-300x200.jpg 300w, https:\/\/paresbalta.com\/wp-content\/uploads\/2022\/05\/IMG_0858-600x400.jpg 600w, https:\/\/paresbalta.com\/wp-content\/uploads\/2022\/05\/IMG_0858-768x512.jpg 768w, https:\/\/paresbalta.com\/wp-content\/uploads\/2022\/05\/IMG_0858-1536x1024.jpg 1536w, https:\/\/paresbalta.com\/wp-content\/uploads\/2022\/05\/IMG_0858-2048x1366.jpg 2048w, https:\/\/paresbalta.com\/wp-content\/uploads\/2022\/05\/IMG_0858-100x67.jpg 100w\" sizes=\"auto, (max-width: 1024px) 100vw, 1024px\" \/><\/a><\/figure>\n\n\n\n<div class=\"wp-block-group pt-2\"><div class=\"wp-block-group__inner-container is-layout-flow wp-block-group-is-layout-flow\">\n<h2 class=\"wp-block-heading\">Rosa Cusin\u00e9<\/h2>\n\n\n\n<p>\u00c9s un escum\u00f3s monovarietal de llarga crian\u00e7a, elaborat exclusivament amb <strong>garnatxa<\/strong>. Amb aquest cava volem reivindicar el gran potencial d\u2019aquesta varietat tan arrelada a les nostres tradicions i recuperar d\u2019aquesta manera la mem\u00f2ria dels nostres avantpassats.<\/p>\n<\/div><\/div>\n\n\n\n<div class=\"wp-block-buttons pb-3 is-layout-flex wp-block-buttons-is-layout-flex\">\n<div class=\"wp-block-button is-style-fill rounded-btn\"><a class=\"wp-block-button__link has-text-color has-background wp-element-button\" href=\"\/ca\/botiga\/cava-vino-espumoso-ca\/rosa-cusine-rose-gran-reserva-brut-nature\/\" style=\"color:#cfccc7;background-color:#524138\">M\u00e9s informaci\u00f3<\/a><\/div>\n<\/div>\n<\/div>\n\n\n\n<div class=\"wp-block-column is-layout-flow wp-block-column-is-layout-flow\">\n<figure class=\"wp-block-image size-full is-style-default\"><a href=\"https:\/\/paresbalta.com\/ca\/botiga\/vino-ecologico-biodinamico\/cava-vino-espumoso\/cuvee-de-carol-gran-reserva-brut-nature\/\"><img loading=\"lazy\" decoding=\"async\" width=\"1024\" height=\"683\" src=\"https:\/\/paresbalta.com\/wp-content\/uploads\/2022\/05\/IMG_0809-1.jpg\" alt=\"\" class=\"wp-image-1871\" srcset=\"https:\/\/paresbalta.com\/wp-content\/uploads\/2022\/05\/IMG_0809-1.jpg 1024w, https:\/\/paresbalta.com\/wp-content\/uploads\/2022\/05\/IMG_0809-1-300x200.jpg 300w, https:\/\/paresbalta.com\/wp-content\/uploads\/2022\/05\/IMG_0809-1-600x400.jpg 600w, https:\/\/paresbalta.com\/wp-content\/uploads\/2022\/05\/IMG_0809-1-768x512.jpg 768w, https:\/\/paresbalta.com\/wp-content\/uploads\/2022\/05\/IMG_0809-1-100x67.jpg 100w\" sizes=\"auto, (max-width: 1024px) 100vw, 1024px\" \/><\/a><\/figure>\n\n\n\n<div class=\"wp-block-group pt-2\"><div class=\"wp-block-group__inner-container is-layout-flow wp-block-group-is-layout-flow\">\n<h2 class=\"wp-block-heading\">Cuv\u00e9e de Carol<\/h2>\n\n\n\n<p>\u00c9s un cava amb una personalitat irresistible que satisf\u00e0 als paladars m\u00e9s exquisits. Elaborat majorit\u00e0riament amb una de les varietats tradicionals del cava, el <strong>macabeu<\/strong> de Cal Jepet, una vinya vella dins la finca de Cal Miret.<\/p>\n<\/div><\/div>\n\n\n\n<div class=\"wp-block-buttons pb-3 is-layout-flex wp-block-buttons-is-layout-flex\">\n<div class=\"wp-block-button is-style-fill rounded-btn\"><a class=\"wp-block-button__link has-text-color has-background wp-element-button\" href=\"https:\/\/paresbalta.com\/ca\/botiga\/vino-ecologico-biodinamico\/cava-vino-espumoso\/cuvee-de-carol-gran-reserva-brut-nature\/\" style=\"color:#cfccc7;background-color:#524138\">M\u00e9s informaci\u00f3<\/a><\/div>\n<\/div>\n<\/div>\n<\/div>\n\n\n\n<div style=\"height:80px\" aria-hidden=\"true\" class=\"wp-block-spacer\"><\/div>\n\n\n\n<div class=\"wp-block-columns is-layout-flex wp-container-core-columns-is-layout-9d6595d7 wp-block-columns-is-layout-flex\">\n<div class=\"wp-block-column is-layout-flow wp-block-column-is-layout-flow\" style=\"flex-basis:100%\">\n<h2 class=\"wp-block-heading has-text-align-center\">Els nostres cl\u00e0ssics<\/h2>\n<\/div>\n<\/div>\n\n\n\n<div class=\"wp-block-columns px-3 px-md-5 info-cols info-btns is-layout-flex wp-container-core-columns-is-layout-9d6595d7 wp-block-columns-is-layout-flex\">\n<div class=\"wp-block-column is-layout-flow wp-block-column-is-layout-flow\">\n<figure class=\"wp-block-image size-full is-style-default\"><img loading=\"lazy\" decoding=\"async\" width=\"2132\" height=\"1425\" src=\"https:\/\/paresbalta.com\/wp-content\/uploads\/2024\/02\/vino-historic-pares-balta.jpg\" alt=\"\" class=\"wp-image-179441\" srcset=\"https:\/\/paresbalta.com\/wp-content\/uploads\/2024\/02\/vino-historic-pares-balta.jpg 2132w, https:\/\/paresbalta.com\/wp-content\/uploads\/2024\/02\/vino-historic-pares-balta-300x201.jpg 300w, https:\/\/paresbalta.com\/wp-content\/uploads\/2024\/02\/vino-historic-pares-balta-600x401.jpg 600w, https:\/\/paresbalta.com\/wp-content\/uploads\/2024\/02\/vino-historic-pares-balta-1024x684.jpg 1024w, https:\/\/paresbalta.com\/wp-content\/uploads\/2024\/02\/vino-historic-pares-balta-768x513.jpg 768w, https:\/\/paresbalta.com\/wp-content\/uploads\/2024\/02\/vino-historic-pares-balta-1536x1027.jpg 1536w, https:\/\/paresbalta.com\/wp-content\/uploads\/2024\/02\/vino-historic-pares-balta-2048x1369.jpg 2048w, https:\/\/paresbalta.com\/wp-content\/uploads\/2024\/02\/vino-historic-pares-balta-100x67.jpg 100w\" sizes=\"auto, (max-width: 2132px) 100vw, 2132px\" \/><\/figure>\n\n\n\n<div class=\"wp-block-group pt-2\"><div class=\"wp-block-group__inner-container is-layout-flow wp-block-group-is-layout-flow\">\n<h2 class=\"wp-block-heading\">Cava Hist\u00f2ric<\/h2>\n\n\n\n<p>L\u2019Hist\u00f2ric s\u2019elabora seguint el cupatge que l\u2019avi sempre feia amb les seves vinyes preferides de Cal Miret i que hem volgut recuperar en honor a la hist\u00f2ria vitiv\u00ednicola de la nostra regi\u00f3.<br>El cupatge tradicional del Pened\u00e8s: Xarel\u00b7lo, Macabeu i Parellada.<\/p>\n<\/div><\/div>\n\n\n\n<div class=\"wp-block-buttons pb-3 is-layout-flex wp-block-buttons-is-layout-flex\">\n<div class=\"wp-block-button is-style-fill rounded-btn\"><a class=\"wp-block-button__link has-text-color has-background wp-element-button\" href=\"https:\/\/paresbalta.com\/ca\/botiga\/vi-ecologic-biodinamic\/cava-escumos\/cava-historic\/\" style=\"color:#cfccc7;background-color:#524138\">M\u00e9s informaci\u00f3<\/a><\/div>\n<\/div>\n<\/div>\n\n\n\n<div class=\"wp-block-column is-layout-flow wp-block-column-is-layout-flow\">\n<figure class=\"wp-block-image size-full is-style-default\"><img loading=\"lazy\" decoding=\"async\" width=\"1024\" height=\"683\" src=\"https:\/\/paresbalta.com\/wp-content\/uploads\/2022\/05\/Pare\u0301sBalta\u0300-Brut-Nature-1.jpg\" alt=\"\" class=\"wp-image-1885\" srcset=\"https:\/\/paresbalta.com\/wp-content\/uploads\/2022\/05\/Pare\u0301sBalta\u0300-Brut-Nature-1.jpg 1024w, https:\/\/paresbalta.com\/wp-content\/uploads\/2022\/05\/Pare\u0301sBalta\u0300-Brut-Nature-1-300x200.jpg 300w, https:\/\/paresbalta.com\/wp-content\/uploads\/2022\/05\/Pare\u0301sBalta\u0300-Brut-Nature-1-600x400.jpg 600w, https:\/\/paresbalta.com\/wp-content\/uploads\/2022\/05\/Pare\u0301sBalta\u0300-Brut-Nature-1-768x512.jpg 768w, https:\/\/paresbalta.com\/wp-content\/uploads\/2022\/05\/Pare\u0301sBalta\u0300-Brut-Nature-1-100x67.jpg 100w\" sizes=\"auto, (max-width: 1024px) 100vw, 1024px\" \/><\/figure>\n\n\n\n<div class=\"wp-block-group pt-2\"><div class=\"wp-block-group__inner-container is-layout-flow wp-block-group-is-layout-flow\">\n<h2 class=\"wp-block-heading\">Cava Brut Nature<\/h2>\n\n\n\n<p>\u00c9s un cava amb aires contemporanis, on la fruita i la frescor dels escumosos d\u2019elaboraci\u00f3 cl\u00e0ssica es mant\u00e9, per\u00f2 el cos que ens aporta el <strong>xarel.lo<\/strong> guanya protagonisme i d\u2019aquesta manera augmenta la seva complexitat arom\u00e0tica.<\/p>\n<\/div><\/div>\n\n\n\n<div class=\"wp-block-buttons pb-3 is-layout-flex wp-block-buttons-is-layout-flex\">\n<div class=\"wp-block-button is-style-fill rounded-btn\"><a class=\"wp-block-button__link has-text-color has-background wp-element-button\" href=\"https:\/\/paresbalta.com\/ca\/botiga\/vi-ecologic-biodinamic\/cava-escumos\/brut-nature-reserva\/\" style=\"color:#cfccc7;background-color:#524138\">M\u00e9s informaci\u00f3<\/a><\/div>\n<\/div>\n<\/div>\n\n\n\n<div class=\"wp-block-column is-layout-flow wp-block-column-is-layout-flow\">\n<figure class=\"wp-block-image size-full is-style-default\"><img loading=\"lazy\" decoding=\"async\" width=\"1024\" height=\"683\" src=\"https:\/\/paresbalta.com\/wp-content\/uploads\/2022\/05\/BRUT-2.jpg\" alt=\"\" class=\"wp-image-1888\" srcset=\"https:\/\/paresbalta.com\/wp-content\/uploads\/2022\/05\/BRUT-2.jpg 1024w, https:\/\/paresbalta.com\/wp-content\/uploads\/2022\/05\/BRUT-2-300x200.jpg 300w, https:\/\/paresbalta.com\/wp-content\/uploads\/2022\/05\/BRUT-2-600x400.jpg 600w, https:\/\/paresbalta.com\/wp-content\/uploads\/2022\/05\/BRUT-2-768x512.jpg 768w, https:\/\/paresbalta.com\/wp-content\/uploads\/2022\/05\/BRUT-2-100x67.jpg 100w\" sizes=\"auto, (max-width: 1024px) 100vw, 1024px\" \/><\/figure>\n\n\n\n<div class=\"wp-block-group pt-2\"><div class=\"wp-block-group__inner-container is-layout-flow wp-block-group-is-layout-flow\">\n<h2 class=\"wp-block-heading\">Cava Brut<\/h2>\n\n\n\n<p>\u00c9s un cupatge de les tres varietats tradicionals del Pened\u00e8s: <strong>parellada, macabeu i xarel.lo<\/strong>. La parellada, cultivada a les muntanyes m\u00e9s altes de la regi\u00f3, ens aporta la frescor, el macabeu ens d\u00f3na la fruita i el xarel.lo ens proporciona el cos.<\/p>\n<\/div><\/div>\n\n\n\n<div class=\"wp-block-buttons pb-3 is-layout-flex wp-block-buttons-is-layout-flex\">\n<div class=\"wp-block-button is-style-fill rounded-btn\"><a class=\"wp-block-button__link has-text-color has-background wp-element-button\" href=\"https:\/\/paresbalta.com\/ca\/botiga\/vi-ecologic-biodinamic\/cava-escumos\/brut-reserva\/\" style=\"color:#cfccc7;background-color:#524138\">M\u00e9s informaci\u00f3<\/a><\/div>\n<\/div>\n<\/div>\n<\/div>\n\n\n\n<div style=\"height:80px\" aria-hidden=\"true\" class=\"wp-block-spacer\"><\/div>\n\n\n\n<div class=\"wp-block-columns alignfull block-cols is-layout-flex wp-container-core-columns-is-layout-9d6595d7 wp-block-columns-is-layout-flex\" id=\"les-valls-les-torres\">\n<div class=\"wp-block-column image-column col-md-6 col-lg-8 is-layout-flow wp-block-column-is-layout-flow\">\n<figure class=\"wp-block-image size-full\"><img loading=\"lazy\" decoding=\"async\" width=\"2500\" height=\"1667\" src=\"https:\/\/paresbalta.com\/wp-content\/uploads\/2022\/04\/ParesBalta38.jpg\" alt=\"\" class=\"wp-image-643\" srcset=\"https:\/\/paresbalta.com\/wp-content\/uploads\/2022\/04\/ParesBalta38.jpg 2500w, https:\/\/paresbalta.com\/wp-content\/uploads\/2022\/04\/ParesBalta38-300x200.jpg 300w, https:\/\/paresbalta.com\/wp-content\/uploads\/2022\/04\/ParesBalta38-600x400.jpg 600w, https:\/\/paresbalta.com\/wp-content\/uploads\/2022\/04\/ParesBalta38-1024x683.jpg 1024w, https:\/\/paresbalta.com\/wp-content\/uploads\/2022\/04\/ParesBalta38-768x512.jpg 768w, https:\/\/paresbalta.com\/wp-content\/uploads\/2022\/04\/ParesBalta38-1536x1024.jpg 1536w, https:\/\/paresbalta.com\/wp-content\/uploads\/2022\/04\/ParesBalta38-2048x1366.jpg 2048w, https:\/\/paresbalta.com\/wp-content\/uploads\/2022\/04\/ParesBalta38-100x67.jpg 100w\" sizes=\"auto, (max-width: 2500px) 100vw, 2500px\" \/><\/figure>\n<\/div>\n\n\n\n<div class=\"wp-block-column text-column col-md-6 col-lg-4 has-background is-layout-flow wp-block-column-is-layout-flow\" style=\"background-color:#cfccc7\">\n<div class=\"wp-block-group align-middle-items\"><div class=\"wp-block-group__inner-container is-layout-flow wp-block-group-is-layout-flow\">\n<h2 class=\"wp-block-heading has-text-align-left\">Som viticultors amb una llarga tradici\u00f3.<\/h2>\n\n\n\n<p><strong>Elaborem cava ecol\u00f2gic amb les varietats tradicionals del Pened\u00e8s. El nostre comprom\u00eds: la qualitat i el respecte per la natura.<\/strong><\/p>\n\n\n\n<p>Tots els nostres caves s\u2019elaboren a partir de ra\u00efm cultivat a les nostres 5 finques ubicades al Pened\u00e8s. Totes elles es treballen de forma <strong>biodin\u00e0mica<\/strong> des de l\u2019any 2012 i ecol\u00f2gica des del 2002. Per tal de mantenir la m\u00e0xima qualitat, la verema es realitza totalment a m\u00e0 i, a algunes vinyes hist\u00f2riques, en petites caixes de 25 kg per evitar l\u2019oxidaci\u00f3 del most.<br><br>Vinifiquem els nostres escumosos segons el m\u00e8tode <strong>tradicional<\/strong> o <strong>champanoise<\/strong>, realitzant la segona fermentaci\u00f3 en ampolla.<br>A Par\u00e9s Balt\u00e0 elaborem un gran ventall de caves de llarga crian\u00e7a, alguns d\u2019ells poden arribar a reposar al celler fins a 100 mesos. Aquests s\u00f3n els MicroCuv\u00e9e: <a href=\"https:\/\/paresbalta.com\/ca\/botiga\/vino-ecologico-biodinamico\/blanca-cusine-gran-reserva-brut-nature\/\" data-type=\"product\" data-id=\"5279\">Blanca Cusin\u00e9<\/a>, <a href=\"https:\/\/paresbalta.com\/ca\/botiga\/vino-ecologico-biodinamico\/cava-vino-espumoso\/rosa-cusine-rose-gran-reserva-brut-nature\/\" data-type=\"product\" data-id=\"5254\">Rosa Cusin\u00e9<\/a> i <a href=\"https:\/\/paresbalta.com\/ca\/botiga\/vino-ecologico-biodinamico\/cava-vino-espumoso\/cuvee-de-carol-gran-reserva-brut-nature\/\" data-type=\"product\" data-id=\"5252\">Cuv\u00e9e de Carol<\/a>.<\/p>\n<\/div><\/div>\n<\/div>\n<\/div>\n","protected":false},"excerpt":{"rendered":"<p>Els vins escumosos de Par\u00e9s Balt\u00e0 Cava MicroCuv\u00e9e Escumosos brut nature d\u2019anyada i de llarga crian\u00e7a Blanca Cusin\u00e9 La tradicional varietat xarel.lo es retroba amb dues varietats hist\u00f2riques dins del m\u00f3n dels escumosos, el chardonnay i pinot noir. Totes elles prenen matisos propis per la influ\u00e8ncia del clima i del terrer de les muntanyes del&#8230;<\/p>\n<p><a class=\"btn btn-secondary understrap-read-more-link\" href=\"https:\/\/paresbalta.com\/ca\/cava-escumos-ecologic-biodinamic\/\">Llegeix m\u00e9s<span class=\"screen-reader-text\"> from Caves<\/span><\/a><\/p>\n","protected":false},"author":1,"featured_media":0,"parent":0,"menu_order":0,"comment_status":"closed","ping_status":"closed","template":"","meta":{"_acf_changed":false,"footnotes":""},"class_list":["post-5130","page","type-page","status-publish","hentry"],"acf":[],"_links":{"self":[{"href":"https:\/\/paresbalta.com\/ca\/wp-json\/wp\/v2\/pages\/5130","targetHints":{"allow":["GET"]}}],"collection":[{"href":"https:\/\/paresbalta.com\/ca\/wp-json\/wp\/v2\/pages"}],"about":[{"href":"https:\/\/paresbalta.com\/ca\/wp-json\/wp\/v2\/types\/page"}],"author":[{"embeddable":true,"href":"https:\/\/paresbalta.com\/ca\/wp-json\/wp\/v2\/users\/1"}],"replies":[{"embeddable":true,"href":"https:\/\/paresbalta.com\/ca\/wp-json\/wp\/v2\/comments?post=5130"}],"version-history":[{"count":15,"href":"https:\/\/paresbalta.com\/ca\/wp-json\/wp\/v2\/pages\/5130\/revisions"}],"predecessor-version":[{"id":179445,"href":"https:\/\/paresbalta.com\/ca\/wp-json\/wp\/v2\/pages\/5130\/revisions\/179445"}],"wp:attachment":[{"href":"https:\/\/paresbalta.com\/ca\/wp-json\/wp\/v2\/media?parent=5130"}],"curies":[{"name":"wp","href":"https:\/\/api.w.org\/{rel}","templated":true}]}}